{"id":4128,"date":"2021-11-11T09:50:28","date_gmt":"2021-11-11T08:50:28","guid":{"rendered":"https:\/\/pohromyakatastrofy.cz\/dendrochronologicka-data\/"},"modified":"2021-11-11T09:50:28","modified_gmt":"2021-11-11T08:50:28","slug":"dendrochronologicka-data","status":"publish","type":"page","link":"https:\/\/pohromyakatastrofy.cz\/en\/dendrochronologicka-data\/","title":{"rendered":"Dendrochronologick\u00e1 data"},"content":{"rendered":"\t\t<div data-elementor-type=\"wp-page\" data-elementor-id=\"4128\" class=\"elementor elementor-4128 elementor-1300\" data-elementor-post-type=\"page\">\n\t\t\t\t\t\t<section class=\"elementor-section elementor-top-section elementor-element elementor-element-25c9e81 elementor-section-height-min-height elementor-section-boxed elementor-section-height-default elementor-section-items-middle\" data-id=\"25c9e81\" data-element_type=\"section\" data-settings=\"{&quot;background_background&quot;:&quot;classic&quot;}\">\n\t\t\t\t\t\t\t<div class=\"elementor-background-overlay\"><\/div>\n\t\t\t\t\t\t\t<div class=\"elementor-container elementor-column-gap-narrow\">\n\t\t\t\t\t<div class=\"elementor-column elementor-col-100 elementor-top-column elementor-element elementor-element-989e5a1\" data-id=\"989e5a1\" data-element_type=\"column\">\n\t\t\t<div class=\"elementor-widget-wrap elementor-element-populated\">\n\t\t\t\t\t\t<div class=\"elementor-element elementor-element-a36ac63 elementor-widget elementor-widget-heading\" data-id=\"a36ac63\" data-element_type=\"widget\" data-widget_type=\"heading.default\">\n\t\t\t\t<div class=\"elementor-widget-container\">\n\t\t\t<h1 class=\"elementor-heading-title elementor-size-default\">Dendrochronologick\u00e1 data<\/h1>\t\t<\/div>\n\t\t\t\t<\/div>\n\t\t\t\t\t<\/div>\n\t\t<\/div>\n\t\t\t\t\t<\/div>\n\t\t<\/section>\n\t\t\t\t<section class=\"elementor-section elementor-top-section elementor-element elementor-element-1b40b0b elementor-section-content-middle elementor-reverse-mobile elementor-reverse-tablet elementor-section-boxed elementor-section-height-default elementor-section-height-default\" data-id=\"1b40b0b\" data-element_type=\"section\" data-settings=\"{&quot;background_background&quot;:&quot;classic&quot;}\">\n\t\t\t\t\t\t\t<div class=\"elementor-background-overlay\"><\/div>\n\t\t\t\t\t\t\t<div class=\"elementor-container elementor-column-gap-narrow\">\n\t\t\t\t\t<div class=\"elementor-column elementor-col-50 elementor-top-column elementor-element elementor-element-c50a887\" data-id=\"c50a887\" data-element_type=\"column\">\n\t\t\t<div class=\"elementor-widget-wrap elementor-element-populated\">\n\t\t\t\t\t\t<div class=\"elementor-element elementor-element-4e37bf2 elementor-widget elementor-widget-image\" data-id=\"4e37bf2\" data-element_type=\"widget\" data-settings=\"{&quot;_animation&quot;:&quot;none&quot;}\" data-widget_type=\"image.default\">\n\t\t\t\t<div class=\"elementor-widget-container\">\n\t\t\t\t\t\t\t\t\t\t\t\t\t<img fetchpriority=\"high\" decoding=\"async\" width=\"469\" height=\"432\" src=\"https:\/\/pohromyakatastrofy.cz\/wp-content\/uploads\/2022\/02\/09_Blaha.jpg\" class=\"attachment-large size-large wp-image-4089\" alt=\"\" srcset=\"https:\/\/pohromyakatastrofy.cz\/wp-content\/uploads\/2022\/02\/09_Blaha.jpg 469w, https:\/\/pohromyakatastrofy.cz\/wp-content\/uploads\/2022\/02\/09_Blaha-300x276.jpg 300w, https:\/\/pohromyakatastrofy.cz\/wp-content\/uploads\/2022\/02\/09_Blaha-200x184.jpg 200w\" sizes=\"(max-width: 469px) 100vw, 469px\" \/>\t\t\t\t\t\t\t\t\t\t\t\t\t<\/div>\n\t\t\t\t<\/div>\n\t\t\t\t\t<\/div>\n\t\t<\/div>\n\t\t\t\t<div class=\"elementor-column elementor-col-50 elementor-top-column elementor-element elementor-element-a1a9fa5\" data-id=\"a1a9fa5\" data-element_type=\"column\">\n\t\t\t<div class=\"elementor-widget-wrap elementor-element-populated\">\n\t\t\t\t\t\t<div class=\"elementor-element elementor-element-23a08c5 elementor-widget elementor-widget-heading\" data-id=\"23a08c5\" data-element_type=\"widget\" data-widget_type=\"heading.default\">\n\t\t\t\t<div class=\"elementor-widget-container\">\n\t\t\t<h2 class=\"elementor-heading-title elementor-size-default\">Dendrochronologie<\/h2>\t\t<\/div>\n\t\t\t\t<\/div>\n\t\t\t\t<div class=\"elementor-element elementor-element-6980890 elementor-widget elementor-widget-text-editor\" data-id=\"6980890\" data-element_type=\"widget\" data-widget_type=\"text-editor.default\">\n\t\t\t\t<div class=\"elementor-widget-container\">\n\t\t\t\t\t\t\t<p>Dendrochronologie je metoda, kter\u00e1 umo\u017e\u0148uje <strong>datov\u00e1n\u00ed d\u0159ev\u011bn\u00fdch konstrukc\u00ed a prvk\u016f na z\u00e1klad\u011b anal\u00fdzy letokruh\u016f<\/strong>, tj. m\u011b\u0159en\u00edm \u0161\u00ed\u0159ek letokruh\u016f a jejich statistick\u00fdm vyhodnocen\u00edm. Jedn\u00e1 se o jednu z nejexaktn\u011bj\u0161\u00edch metod, kter\u00e1 umo\u017e\u0148uje datovat na rok, respektive dvoulet\u00ed (p\u0159\u00edr\u016fstek jaro, podzim), kdy do\u0161lo ke sk\u00e1cen\u00ed stromu. Aby bylo mo\u017en\u00e9 prvek datovat, je nutn\u00e9 z\u00edskat <strong>souvislou \u0159adu letokruh\u016f<\/strong>, aby bylo mo\u017en\u00e9 ji odpov\u00eddaj\u00edc\u00edm zp\u016fsobem za\u0159adit. Obvykle se jedn\u00e1 o semi destruktivn\u00ed metodu, kdy je nutn\u00e9 v\u00fdvrtem odebrat vhodn\u00fd vzorek, ve v\u00fdjime\u010dn\u00fdch p\u0159\u00edpadech lze letokruhy ode\u010d\u00edtat p\u0159\u00edmo na datovan\u00e9m prvku.<\/p><p><strong>Anal\u00fdza letokruh\u016f<\/strong> se prov\u00e1d\u00ed pot\u0159ebn\u00fdm vybaven\u00edm, kdy se \u0161\u00ed\u0159ky letokruh\u016f p\u0159evedou pomoc\u00ed softwaru do formy letokruhov\u00e9 k\u0159ivky. Po jej\u00ed synchronizaci se k\u0159ivky \u0159ad\u00ed do zn\u00e1m\u00e9 chronologick\u00e9 \u0159ady p\u0159\u00edslu\u0161n\u00e9 d\u0159eviny.<\/p><p>P\u0159i \u00favah\u00e1ch o datov\u00e1n\u00ed konstrukce \u010di prvku je nutn\u00e9 zohlednit skute\u010dnost, \u017ee <strong>d\u0159evo se pou\u017e\u00edvalo do konstrukc\u00ed a\u017e po jeho vyschnut\u00ed<\/strong> (obvykle t\u0159i a\u017e p\u011bt let). N\u011bkdy d\u0159evo mohlo odpo\u010d\u00edvat p\u0159ichystan\u00e9 i v\u00edce let, ne\u017e se s n\u00edm za\u010dalo pracovat. Nejproblemati\u010dt\u011bj\u0161\u00ed datov\u00e1n\u00ed je v p\u0159\u00edpad\u011b, kdy zabudovan\u00fd prvek byl druhotn\u011b pou\u017eit, pak je datov\u00e1n\u00ed samoz\u0159ejm\u011b zav\u00e1d\u011bj\u00edc\u00ed.<\/p>\t\t\t\t\t\t<\/div>\n\t\t\t\t<\/div>\n\t\t\t\t<div class=\"elementor-element elementor-element-d4fdd34 btn-basic elementor-widget elementor-widget-button\" data-id=\"d4fdd34\" data-element_type=\"widget\" data-widget_type=\"button.default\">\n\t\t\t\t<div class=\"elementor-widget-container\">\n\t\t\t\t\t\t\t<div class=\"elementor-button-wrapper\">\n\t\t\t\t\t<a class=\"elementor-button elementor-button-link elementor-size-sm\" href=\"http:\/\/dendrochronologie.cz\/cs\/hlavni-stranka\/\" target=\"_blank\">\n\t\t\t\t\t\t<span class=\"elementor-button-content-wrapper\">\n\t\t\t\t\t\t\t\t\t<span class=\"elementor-button-text\">V\u00edce informac\u00ed<\/span>\n\t\t\t\t\t<\/span>\n\t\t\t\t\t<\/a>\n\t\t\t\t<\/div>\n\t\t\t\t\t\t<\/div>\n\t\t\t\t<\/div>\n\t\t\t\t\t<\/div>\n\t\t<\/div>\n\t\t\t\t\t<\/div>\n\t\t<\/section>\n\t\t\t\t<section class=\"elementor-section elementor-top-section elementor-element elementor-element-b350f4b elementor-section-content-middle elementor-section-boxed elementor-section-height-default elementor-section-height-default\" data-id=\"b350f4b\" data-element_type=\"section\">\n\t\t\t\t\t\t<div class=\"elementor-container elementor-column-gap-narrow\">\n\t\t\t\t\t<div class=\"elementor-column elementor-col-50 elementor-top-column elementor-element elementor-element-f781fb8\" data-id=\"f781fb8\" data-element_type=\"column\">\n\t\t\t<div class=\"elementor-widget-wrap elementor-element-populated\">\n\t\t\t\t\t\t<div class=\"elementor-element elementor-element-903957a elementor-widget elementor-widget-heading\" data-id=\"903957a\" data-element_type=\"widget\" data-widget_type=\"heading.default\">\n\t\t\t\t<div class=\"elementor-widget-container\">\n\t\t\t<h2 class=\"elementor-heading-title elementor-size-default\">Co n\u00e1m m\u016f\u017ee \u0159\u00edci dendrochronologie k Tel\u010di?\n<\/h2>\t\t<\/div>\n\t\t\t\t<\/div>\n\t\t\t\t<div class=\"elementor-element elementor-element-837b8fc elementor-widget elementor-widget-text-editor\" data-id=\"837b8fc\" data-element_type=\"widget\" data-widget_type=\"text-editor.default\">\n\t\t\t\t<div class=\"elementor-widget-container\">\n\t\t\t\t\t\t\t<p>Tel\u010d m\u00e1 k dne\u0161ku, vzhledem ke sv\u00e9mu charakteru kompaktn\u00edho historick\u00e9ho j\u00e1dra a dob\u0159e uchopiteln\u00e9ho m\u011b\u0159\u00edtka, <strong>v\u00fdznamn\u00fd pod\u00edl dendrochronologicky datovan\u00fdch d\u0159ev\u011bn\u00fdch stavebn\u00edch prvk\u016f<\/strong> (stropy a krovy). Sch\u00e9ma m\u011bsta ukazuje stavebn\u00ed parcely, na nich\u017e se nach\u00e1zej\u00ed stavebn\u00ed objekty, kter\u00e9 maj\u00ed minim\u00e1ln\u011b jeden prvek datov\u00e1n touto metodou.<\/p><p><strong>Na odkazov\u00e9 \u010d\u00e1\u0159e<\/strong> je uvedena identifikace objektu \u010d\u00edslem popisn\u00fdm, s rokem nejstar\u0161\u00edho zde nach\u00e1zej\u00edc\u00edho se prvku. Pokud srovn\u00e1me \u010dasovou \u0159adu s p\u0159edpokl\u00e1danou lokalizac\u00ed po\u017e\u00e1r\u016f, kter\u00e9 zas\u00e1hly m\u011bsto, m\u016f\u017eeme hypoteticky ur\u010dit <strong>m\u00edsta, kde mohl ohe\u0148 tyto prvky naposledy po\u0161kodit<\/strong>. To samoz\u0159ejm\u011b za p\u0159edpokladu idealizace a pomineme-li v na\u0161em my\u0161lenkov\u00e9m modelu jin\u00e9 mo\u017en\u00e9 p\u0159\u00ed\u010diny v\u00fdm\u011bny t\u011bchto prvk\u016f.<\/p><p>Souhrn dostupn\u00fdch dendrochronologick\u00fdch dat ve Vnit\u0159n\u00edm m\u011bst\u011b ukazuje <a href=\"\/wp-content\/uploads\/2022\/02\/dendrodata-Telc.pdf\" target=\"_blank\" rel=\"noopener\">tabulka<\/a>.<\/p>\t\t\t\t\t\t<\/div>\n\t\t\t\t<\/div>\n\t\t\t\t\t<\/div>\n\t\t<\/div>\n\t\t\t\t<div class=\"elementor-column elementor-col-50 elementor-top-column elementor-element elementor-element-4d4db2b\" data-id=\"4d4db2b\" data-element_type=\"column\">\n\t\t\t<div class=\"elementor-widget-wrap elementor-element-populated\">\n\t\t\t\t\t\t<div class=\"elementor-element elementor-element-305700e elementor-widget-tablet__width-auto elementor-widget elementor-widget-webify-image-horizontal-scroll-widget\" data-id=\"305700e\" data-element_type=\"widget\" data-widget_type=\"webify-image-horizontal-scroll-widget.default\">\n\t\t\t\t<div class=\"elementor-widget-container\">\n\t\t\t\n    <div class=\"tb-horizontal-scroll-wrap\">\n      <div class=\"tb-horizontal-scroll\">\n        <div class=\"tb-horizontal-scroll-in\">\n          <div class=\"tb-horizontal-scroll-bar tb-lightgallery\">\n\n                          <div class=\"tb-horizontal-scroll-item tb-zoom\">\n                \n                <a href=\"https:\/\/pohromyakatastrofy.cz\/wp-content\/uploads\/2022\/02\/dendrodata-Telc-1.png\" class=\"tb-bg tb-zoom-in1 tb-lightbox-item\" style=\"background-image: url(https:\/\/pohromyakatastrofy.cz\/wp-content\/uploads\/2022\/02\/dendrodata-Telc-1.png)\"><img decoding=\"async\" src=\"https:\/\/pohromyakatastrofy.cz\/wp-content\/uploads\/2022\/02\/dendrodata-Telc-1.png\" alt=\"thumb\"><\/a>\n              <\/div>\n                        <div class=\"tb-horizontal-scroll-right-padd\"><\/div>\n          <\/div>\n        <\/div>\n      <\/div>\n    <\/div>\n\n    \t\t<\/div>\n\t\t\t\t<\/div>\n\t\t\t\t\t<\/div>\n\t\t<\/div>\n\t\t\t\t\t<\/div>\n\t\t<\/section>\n\t\t\t\t<\/div>\n\t\t","protected":false},"excerpt":{"rendered":"<p>Dendrochronologick\u00e1 data Dendrochronologie Dendrochronologie je metoda, kter\u00e1 umo\u017e\u0148uje datov\u00e1n\u00ed d\u0159ev\u011bn\u00fdch konstrukc\u00ed a prvk\u016f na z\u00e1klad\u011b anal\u00fdzy letokruh\u016f, tj. m\u011b\u0159en\u00edm \u0161\u00ed\u0159ek letokruh\u016f a jejich statistick\u00fdm vyhodnocen\u00edm. Jedn\u00e1 se o jednu z nejexaktn\u011bj\u0161\u00edch metod, kter\u00e1 umo\u017e\u0148uje datovat na rok, respektive dvoulet\u00ed (p\u0159\u00edr\u016fstek jaro, podzim), kdy do\u0161lo ke sk\u00e1cen\u00ed stromu. Aby bylo mo\u017en\u00e9 prvek datovat, je nutn\u00e9 z\u00edskat [&hellip;]<\/p>\n","protected":false},"author":2,"featured_media":4027,"parent":0,"menu_order":0,"comment_status":"closed","ping_status":"closed","template":"elementor_header_footer","meta":{"_acf_changed":false,"footnotes":""},"class_list":["post-4128","page","type-page","status-publish","has-post-thumbnail","hentry"],"acf":[],"yoast_head":"<!-- This site is optimized with the Yoast SEO plugin v27.3 - https:\/\/yoast.com\/product\/yoast-seo-wordpress\/ -->\n<title>Dendrochronologick\u00e1 data - Katastrofy<\/title>\n<meta name=\"robots\" content=\"index, follow, max-snippet:-1, max-image-preview:large, max-video-preview:-1\" \/>\n<link rel=\"canonical\" href=\"https:\/\/pohromyakatastrofy.cz\/en\/dendrochronologicka-data\/\" \/>\n<meta property=\"og:locale\" content=\"en_US\" \/>\n<meta property=\"og:type\" content=\"article\" \/>\n<meta property=\"og:title\" content=\"Dendrochronologick\u00e1 data - Katastrofy\" \/>\n<meta property=\"og:description\" content=\"Dendrochronologick\u00e1 data Dendrochronologie Dendrochronologie je metoda, kter\u00e1 umo\u017e\u0148uje datov\u00e1n\u00ed d\u0159ev\u011bn\u00fdch konstrukc\u00ed a prvk\u016f na z\u00e1klad\u011b anal\u00fdzy letokruh\u016f, tj. m\u011b\u0159en\u00edm \u0161\u00ed\u0159ek letokruh\u016f a jejich statistick\u00fdm vyhodnocen\u00edm. Jedn\u00e1 se o jednu z nejexaktn\u011bj\u0161\u00edch metod, kter\u00e1 umo\u017e\u0148uje datovat na rok, respektive dvoulet\u00ed (p\u0159\u00edr\u016fstek jaro, podzim), kdy do\u0161lo ke sk\u00e1cen\u00ed stromu. Aby bylo mo\u017en\u00e9 prvek datovat, je nutn\u00e9 z\u00edskat [&hellip;]\" \/>\n<meta property=\"og:url\" content=\"https:\/\/pohromyakatastrofy.cz\/en\/dendrochronologicka-data\/\" \/>\n<meta property=\"og:site_name\" content=\"Katastrofy\" \/>\n<meta property=\"og:image\" content=\"http:\/\/pohromyakatastrofy.cz\/wp-content\/uploads\/2022\/02\/09_Blaha.jpg\" \/>\n<meta name=\"twitter:card\" content=\"summary_large_image\" \/>\n<meta name=\"twitter:label1\" content=\"Est. reading time\" \/>\n\t<meta name=\"twitter:data1\" content=\"2 minutes\" \/>\n<script type=\"application\/ld+json\" class=\"yoast-schema-graph\">{\"@context\":\"https:\\\/\\\/schema.org\",\"@graph\":[{\"@type\":\"WebPage\",\"@id\":\"https:\\\/\\\/pohromyakatastrofy.cz\\\/en\\\/dendrochronologicka-data\\\/\",\"url\":\"https:\\\/\\\/pohromyakatastrofy.cz\\\/en\\\/dendrochronologicka-data\\\/\",\"name\":\"Dendrochronologick\u00e1 data - Katastrofy\",\"isPartOf\":{\"@id\":\"https:\\\/\\\/pohromyakatastrofy.cz\\\/en\\\/#website\"},\"primaryImageOfPage\":{\"@id\":\"https:\\\/\\\/pohromyakatastrofy.cz\\\/en\\\/dendrochronologicka-data\\\/#primaryimage\"},\"image\":{\"@id\":\"https:\\\/\\\/pohromyakatastrofy.cz\\\/en\\\/dendrochronologicka-data\\\/#primaryimage\"},\"thumbnailUrl\":\"https:\\\/\\\/pohromyakatastrofy.cz\\\/wp-content\\\/uploads\\\/2021\\\/11\\\/1653_C-Budejovice_pozar_Daniel-Wussin-e1636636119776.jpg\",\"datePublished\":\"2021-11-11T08:50:28+00:00\",\"breadcrumb\":{\"@id\":\"https:\\\/\\\/pohromyakatastrofy.cz\\\/en\\\/dendrochronologicka-data\\\/#breadcrumb\"},\"inLanguage\":\"en-US\",\"potentialAction\":[{\"@type\":\"ReadAction\",\"target\":[\"https:\\\/\\\/pohromyakatastrofy.cz\\\/en\\\/dendrochronologicka-data\\\/\"]}]},{\"@type\":\"ImageObject\",\"inLanguage\":\"en-US\",\"@id\":\"https:\\\/\\\/pohromyakatastrofy.cz\\\/en\\\/dendrochronologicka-data\\\/#primaryimage\",\"url\":\"https:\\\/\\\/pohromyakatastrofy.cz\\\/wp-content\\\/uploads\\\/2021\\\/11\\\/1653_C-Budejovice_pozar_Daniel-Wussin-e1636636119776.jpg\",\"contentUrl\":\"https:\\\/\\\/pohromyakatastrofy.cz\\\/wp-content\\\/uploads\\\/2021\\\/11\\\/1653_C-Budejovice_pozar_Daniel-Wussin-e1636636119776.jpg\",\"width\":970,\"height\":674},{\"@type\":\"BreadcrumbList\",\"@id\":\"https:\\\/\\\/pohromyakatastrofy.cz\\\/en\\\/dendrochronologicka-data\\\/#breadcrumb\",\"itemListElement\":[{\"@type\":\"ListItem\",\"position\":1,\"name\":\"Dom\u016f\",\"item\":\"https:\\\/\\\/pohromyakatastrofy.cz\\\/en\\\/\"},{\"@type\":\"ListItem\",\"position\":2,\"name\":\"Dendrochronologick\u00e1 data\"}]},{\"@type\":\"WebSite\",\"@id\":\"https:\\\/\\\/pohromyakatastrofy.cz\\\/en\\\/#website\",\"url\":\"https:\\\/\\\/pohromyakatastrofy.cz\\\/en\\\/\",\"name\":\"Katastrofy\",\"description\":\"Voda a ohe\u0148 \u2013 \u017eivly zkrocen\u00e9 nebo ni\u010d\u00edc\u00ed? Vypr\u00e1v\u011bn\u00ed versus realita?\",\"publisher\":{\"@id\":\"https:\\\/\\\/pohromyakatastrofy.cz\\\/en\\\/#organization\"},\"potentialAction\":[{\"@type\":\"SearchAction\",\"target\":{\"@type\":\"EntryPoint\",\"urlTemplate\":\"https:\\\/\\\/pohromyakatastrofy.cz\\\/en\\\/?s={search_term_string}\"},\"query-input\":{\"@type\":\"PropertyValueSpecification\",\"valueRequired\":true,\"valueName\":\"search_term_string\"}}],\"inLanguage\":\"en-US\"},{\"@type\":\"Organization\",\"@id\":\"https:\\\/\\\/pohromyakatastrofy.cz\\\/en\\\/#organization\",\"name\":\"Historick\u00fd \u00fastav AV \u010cR, v. v. i.\",\"url\":\"https:\\\/\\\/pohromyakatastrofy.cz\\\/en\\\/\",\"logo\":{\"@type\":\"ImageObject\",\"inLanguage\":\"en-US\",\"@id\":\"https:\\\/\\\/pohromyakatastrofy.cz\\\/en\\\/#\\\/schema\\\/logo\\\/image\\\/\",\"url\":\"https:\\\/\\\/pohromyakatastrofy.cz\\\/wp-content\\\/uploads\\\/2021\\\/11\\\/logo-HU.jpg\",\"contentUrl\":\"https:\\\/\\\/pohromyakatastrofy.cz\\\/wp-content\\\/uploads\\\/2021\\\/11\\\/logo-HU.jpg\",\"width\":1916,\"height\":351,\"caption\":\"Historick\u00fd \u00fastav AV \u010cR, v. v. i.\"},\"image\":{\"@id\":\"https:\\\/\\\/pohromyakatastrofy.cz\\\/en\\\/#\\\/schema\\\/logo\\\/image\\\/\"}}]}<\/script>\n<!-- \/ Yoast SEO plugin. -->","yoast_head_json":{"title":"Dendrochronologick\u00e1 data - Katastrofy","robots":{"index":"index","follow":"follow","max-snippet":"max-snippet:-1","max-image-preview":"max-image-preview:large","max-video-preview":"max-video-preview:-1"},"canonical":"https:\/\/pohromyakatastrofy.cz\/en\/dendrochronologicka-data\/","og_locale":"en_US","og_type":"article","og_title":"Dendrochronologick\u00e1 data - Katastrofy","og_description":"Dendrochronologick\u00e1 data Dendrochronologie Dendrochronologie je metoda, kter\u00e1 umo\u017e\u0148uje datov\u00e1n\u00ed d\u0159ev\u011bn\u00fdch konstrukc\u00ed a prvk\u016f na z\u00e1klad\u011b anal\u00fdzy letokruh\u016f, tj. m\u011b\u0159en\u00edm \u0161\u00ed\u0159ek letokruh\u016f a jejich statistick\u00fdm vyhodnocen\u00edm. Jedn\u00e1 se o jednu z nejexaktn\u011bj\u0161\u00edch metod, kter\u00e1 umo\u017e\u0148uje datovat na rok, respektive dvoulet\u00ed (p\u0159\u00edr\u016fstek jaro, podzim), kdy do\u0161lo ke sk\u00e1cen\u00ed stromu. Aby bylo mo\u017en\u00e9 prvek datovat, je nutn\u00e9 z\u00edskat [&hellip;]","og_url":"https:\/\/pohromyakatastrofy.cz\/en\/dendrochronologicka-data\/","og_site_name":"Katastrofy","og_image":[{"url":"http:\/\/pohromyakatastrofy.cz\/wp-content\/uploads\/2022\/02\/09_Blaha.jpg","type":"","width":"","height":""}],"twitter_card":"summary_large_image","twitter_misc":{"Est. reading time":"2 minutes"},"schema":{"@context":"https:\/\/schema.org","@graph":[{"@type":"WebPage","@id":"https:\/\/pohromyakatastrofy.cz\/en\/dendrochronologicka-data\/","url":"https:\/\/pohromyakatastrofy.cz\/en\/dendrochronologicka-data\/","name":"Dendrochronologick\u00e1 data - Katastrofy","isPartOf":{"@id":"https:\/\/pohromyakatastrofy.cz\/en\/#website"},"primaryImageOfPage":{"@id":"https:\/\/pohromyakatastrofy.cz\/en\/dendrochronologicka-data\/#primaryimage"},"image":{"@id":"https:\/\/pohromyakatastrofy.cz\/en\/dendrochronologicka-data\/#primaryimage"},"thumbnailUrl":"https:\/\/pohromyakatastrofy.cz\/wp-content\/uploads\/2021\/11\/1653_C-Budejovice_pozar_Daniel-Wussin-e1636636119776.jpg","datePublished":"2021-11-11T08:50:28+00:00","breadcrumb":{"@id":"https:\/\/pohromyakatastrofy.cz\/en\/dendrochronologicka-data\/#breadcrumb"},"inLanguage":"en-US","potentialAction":[{"@type":"ReadAction","target":["https:\/\/pohromyakatastrofy.cz\/en\/dendrochronologicka-data\/"]}]},{"@type":"ImageObject","inLanguage":"en-US","@id":"https:\/\/pohromyakatastrofy.cz\/en\/dendrochronologicka-data\/#primaryimage","url":"https:\/\/pohromyakatastrofy.cz\/wp-content\/uploads\/2021\/11\/1653_C-Budejovice_pozar_Daniel-Wussin-e1636636119776.jpg","contentUrl":"https:\/\/pohromyakatastrofy.cz\/wp-content\/uploads\/2021\/11\/1653_C-Budejovice_pozar_Daniel-Wussin-e1636636119776.jpg","width":970,"height":674},{"@type":"BreadcrumbList","@id":"https:\/\/pohromyakatastrofy.cz\/en\/dendrochronologicka-data\/#breadcrumb","itemListElement":[{"@type":"ListItem","position":1,"name":"Dom\u016f","item":"https:\/\/pohromyakatastrofy.cz\/en\/"},{"@type":"ListItem","position":2,"name":"Dendrochronologick\u00e1 data"}]},{"@type":"WebSite","@id":"https:\/\/pohromyakatastrofy.cz\/en\/#website","url":"https:\/\/pohromyakatastrofy.cz\/en\/","name":"Katastrofy","description":"Voda a ohe\u0148 \u2013 \u017eivly zkrocen\u00e9 nebo ni\u010d\u00edc\u00ed? Vypr\u00e1v\u011bn\u00ed versus realita?","publisher":{"@id":"https:\/\/pohromyakatastrofy.cz\/en\/#organization"},"potentialAction":[{"@type":"SearchAction","target":{"@type":"EntryPoint","urlTemplate":"https:\/\/pohromyakatastrofy.cz\/en\/?s={search_term_string}"},"query-input":{"@type":"PropertyValueSpecification","valueRequired":true,"valueName":"search_term_string"}}],"inLanguage":"en-US"},{"@type":"Organization","@id":"https:\/\/pohromyakatastrofy.cz\/en\/#organization","name":"Historick\u00fd \u00fastav AV \u010cR, v. v. i.","url":"https:\/\/pohromyakatastrofy.cz\/en\/","logo":{"@type":"ImageObject","inLanguage":"en-US","@id":"https:\/\/pohromyakatastrofy.cz\/en\/#\/schema\/logo\/image\/","url":"https:\/\/pohromyakatastrofy.cz\/wp-content\/uploads\/2021\/11\/logo-HU.jpg","contentUrl":"https:\/\/pohromyakatastrofy.cz\/wp-content\/uploads\/2021\/11\/logo-HU.jpg","width":1916,"height":351,"caption":"Historick\u00fd \u00fastav AV \u010cR, v. v. i."},"image":{"@id":"https:\/\/pohromyakatastrofy.cz\/en\/#\/schema\/logo\/image\/"}}]}},"_links":{"self":[{"href":"https:\/\/pohromyakatastrofy.cz\/en\/wp-json\/wp\/v2\/pages\/4128","targetHints":{"allow":["GET"]}}],"collection":[{"href":"https:\/\/pohromyakatastrofy.cz\/en\/wp-json\/wp\/v2\/pages"}],"about":[{"href":"https:\/\/pohromyakatastrofy.cz\/en\/wp-json\/wp\/v2\/types\/page"}],"author":[{"embeddable":true,"href":"https:\/\/pohromyakatastrofy.cz\/en\/wp-json\/wp\/v2\/users\/2"}],"replies":[{"embeddable":true,"href":"https:\/\/pohromyakatastrofy.cz\/en\/wp-json\/wp\/v2\/comments?post=4128"}],"version-history":[{"count":0,"href":"https:\/\/pohromyakatastrofy.cz\/en\/wp-json\/wp\/v2\/pages\/4128\/revisions"}],"wp:featuredmedia":[{"embeddable":true,"href":"https:\/\/pohromyakatastrofy.cz\/en\/wp-json\/wp\/v2\/media\/4027"}],"wp:attachment":[{"href":"https:\/\/pohromyakatastrofy.cz\/en\/wp-json\/wp\/v2\/media?parent=4128"}],"curies":[{"name":"wp","href":"https:\/\/api.w.org\/{rel}","templated":true}]}}