{"id":4129,"date":"2021-11-12T08:53:08","date_gmt":"2021-11-12T07:53:08","guid":{"rendered":"https:\/\/pohromyakatastrofy.cz\/interaktivni-mapa\/"},"modified":"2025-01-07T11:44:39","modified_gmt":"2025-01-07T10:44:39","slug":"interaktivni-mapa","status":"publish","type":"page","link":"https:\/\/pohromyakatastrofy.cz\/en\/interaktivni-mapa\/","title":{"rendered":"Interaktivn\u00ed mapa"},"content":{"rendered":"\t\t<div data-elementor-type=\"wp-page\" data-elementor-id=\"4129\" class=\"elementor elementor-4129 elementor-1598\" data-elementor-post-type=\"page\">\n\t\t\t\t\t\t<section class=\"elementor-section elementor-top-section elementor-element elementor-element-e4aecba elementor-section-height-min-height elementor-section-boxed elementor-section-height-default elementor-section-items-middle\" data-id=\"e4aecba\" data-element_type=\"section\" data-settings=\"{&quot;background_background&quot;:&quot;classic&quot;}\">\n\t\t\t\t\t\t\t<div class=\"elementor-background-overlay\"><\/div>\n\t\t\t\t\t\t\t<div class=\"elementor-container elementor-column-gap-narrow\">\n\t\t\t\t\t<div class=\"elementor-column elementor-col-100 elementor-top-column elementor-element elementor-element-f7df046\" data-id=\"f7df046\" data-element_type=\"column\">\n\t\t\t<div class=\"elementor-widget-wrap elementor-element-populated\">\n\t\t\t\t\t\t<div class=\"elementor-element elementor-element-c8f80bb elementor-widget elementor-widget-heading\" data-id=\"c8f80bb\" data-element_type=\"widget\" data-widget_type=\"heading.default\">\n\t\t\t\t<div class=\"elementor-widget-container\">\n\t\t\t<h1 class=\"elementor-heading-title elementor-size-default\">Interaktivn\u00ed mapa<\/h1>\t\t<\/div>\n\t\t\t\t<\/div>\n\t\t\t\t\t<\/div>\n\t\t<\/div>\n\t\t\t\t\t<\/div>\n\t\t<\/section>\n\t\t\t\t<section class=\"elementor-section elementor-top-section elementor-element elementor-element-ffec303 elementor-section-full_width elementor-section-height-default elementor-section-height-default\" data-id=\"ffec303\" data-element_type=\"section\">\n\t\t\t\t\t\t<div class=\"elementor-container elementor-column-gap-no\">\n\t\t\t\t\t<div class=\"elementor-column elementor-col-100 elementor-top-column elementor-element elementor-element-4f56d21\" data-id=\"4f56d21\" data-element_type=\"column\">\n\t\t\t<div class=\"elementor-widget-wrap elementor-element-populated\">\n\t\t\t\t\t\t<div class=\"elementor-element elementor-element-da3eb0d elementor-widget elementor-widget-webify-interactive-card-widget\" data-id=\"da3eb0d\" data-element_type=\"widget\" data-widget_type=\"webify-interactive-card-widget.default\">\n\t\t\t\t<div class=\"elementor-widget-container\">\n\t\t\t        <div class=\"tb-image-box tb-style7\">\n                      <div class=\"tb-image-box-img\"><img decoding=\"async\" src=\"https:\/\/pohromyakatastrofy.cz\/wp-content\/uploads\/2022\/01\/interaktivni_mapa2.png\" alt=\"img\"><\/div>\n                    <div class=\"tb-image-box-text\">\n            <div class=\"tb-image-box-text-in\">\n              <h2 class=\"tb-image-box-title tb-heading\">N\u00e1hled mapov\u00e9 aplikace<\/h2>\n              <div class=\"tb-image-box-subtitle tb-description\"><p>Na podklad\u011b ortofotomapa jsou vid\u011bt historick\u00e9 rybni\u010dn\u00ed soustavy v okol\u00ed m\u011bsta Tou\u017eim. \u00dazem\u00ed n\u00e1le\u017e\u00ed do horn\u00edho povod\u00ed \u0159eky St\u0159ely. Kv\u016fli relativn\u00ed vysok\u00e9 nadmo\u0159sk\u00e9 v\u00fd\u0161ce a dlouhodob\u011b sp\u00ed\u0161e n\u00edzk\u00fdm sr\u00e1\u017ekov\u00fdm \u00fahrn\u016fm zde doch\u00e1zelo v letn\u00edch m\u011bs\u00edc\u00edch k vysych\u00e1n\u00ed vodn\u00edch tok\u016f. <strong>O to d\u016fle\u017eit\u011bj\u0161\u00ed byla funkce rybn\u00edk\u016f<\/strong>, kter\u00e9 umo\u017e\u0148ovaly zadr\u017eet dostate\u010dn\u00e9 mno\u017estv\u00ed vody pro nejr\u016fzn\u011bj\u0161\u00ed vyu\u017eit\u00ed.<\/p><p><strong>Aplikace zachycuje rybn\u00edky formou bod\u016f<\/strong>. Jedn\u00edm z d\u016fvod\u016f je, \u017ee \u010dasto nelze zjistit historick\u00fd rozsah jednotliv\u00fdch n\u00e1dr\u017e\u00ed. Ten se nav\u00edc mohl v pr\u016fb\u011bhu let m\u011bnit. \u00dadaj o historick\u00e9 v\u00fdm\u011b\u0159e odkazuje k mno\u017estv\u00ed chovan\u00fdch ryb, a to pouze v roce, jen\u017e je uveden v pozn\u00e1mce. Jde tedy o \u00fadaj sp\u00ed\u0161e orienta\u010dn\u00ed. Stejn\u011b tak se mohlo m\u011bnit vyu\u017eit\u00ed rybn\u00edka. Kter\u00e9 bylo pod\u0159\u00edzen\u00e9 pot\u0159eb\u00e1m velkostatku a v\u00fdvojov\u00e9mu cyklu p\u011bstovan\u00fdch ryb.<\/p><\/div>\n              <a href=\"#\" target=\"_blank\" class=\"tb-btn tb-btn-primary tb-style3 tb-color2 tb-font-name\">P\u0159ej\u00edt do aplikace<\/a>\n            <\/div>\n          <\/div>\n        <\/div>\n        \t\t<\/div>\n\t\t\t\t<\/div>\n\t\t\t\t\t<\/div>\n\t\t<\/div>\n\t\t\t\t\t<\/div>\n\t\t<\/section>\n\t\t\t\t<\/div>\n\t\t","protected":false},"excerpt":{"rendered":"<p>Interaktivn\u00ed mapa N\u00e1hled mapov\u00e9 aplikace Na podklad\u011b ortofotomapa jsou vid\u011bt historick\u00e9 rybni\u010dn\u00ed soustavy v okol\u00ed m\u011bsta Tou\u017eim. \u00dazem\u00ed n\u00e1le\u017e\u00ed do horn\u00edho povod\u00ed \u0159eky St\u0159ely. Kv\u016fli relativn\u00ed vysok\u00e9 nadmo\u0159sk\u00e9 v\u00fd\u0161ce a dlouhodob\u011b sp\u00ed\u0161e n\u00edzk\u00fdm sr\u00e1\u017ekov\u00fdm \u00fahrn\u016fm zde doch\u00e1zelo v letn\u00edch m\u011bs\u00edc\u00edch k vysych\u00e1n\u00ed vodn\u00edch tok\u016f. O to d\u016fle\u017eit\u011bj\u0161\u00ed byla funkce rybn\u00edk\u016f, kter\u00e9 umo\u017e\u0148ovaly zadr\u017eet dostate\u010dn\u00e9 mno\u017estv\u00ed [&hellip;]<\/p>\n","protected":false},"author":2,"featured_media":0,"parent":0,"menu_order":0,"comment_status":"closed","ping_status":"closed","template":"elementor_header_footer","meta":{"_acf_changed":false,"footnotes":""},"class_list":["post-4129","page","type-page","status-publish","hentry"],"acf":[],"yoast_head":"<!-- This site is optimized with the Yoast SEO plugin v27.3 - https:\/\/yoast.com\/product\/yoast-seo-wordpress\/ -->\n<title>Interaktivn\u00ed mapa - Katastrofy<\/title>\n<meta name=\"robots\" content=\"index, follow, max-snippet:-1, max-image-preview:large, max-video-preview:-1\" \/>\n<link rel=\"canonical\" href=\"https:\/\/pohromyakatastrofy.cz\/en\/interaktivni-mapa\/\" \/>\n<meta property=\"og:locale\" content=\"en_US\" \/>\n<meta property=\"og:type\" content=\"article\" \/>\n<meta property=\"og:title\" content=\"Interaktivn\u00ed mapa - Katastrofy\" \/>\n<meta property=\"og:description\" content=\"Interaktivn\u00ed mapa N\u00e1hled mapov\u00e9 aplikace Na podklad\u011b ortofotomapa jsou vid\u011bt historick\u00e9 rybni\u010dn\u00ed soustavy v okol\u00ed m\u011bsta Tou\u017eim. \u00dazem\u00ed n\u00e1le\u017e\u00ed do horn\u00edho povod\u00ed \u0159eky St\u0159ely. Kv\u016fli relativn\u00ed vysok\u00e9 nadmo\u0159sk\u00e9 v\u00fd\u0161ce a dlouhodob\u011b sp\u00ed\u0161e n\u00edzk\u00fdm sr\u00e1\u017ekov\u00fdm \u00fahrn\u016fm zde doch\u00e1zelo v letn\u00edch m\u011bs\u00edc\u00edch k vysych\u00e1n\u00ed vodn\u00edch tok\u016f. O to d\u016fle\u017eit\u011bj\u0161\u00ed byla funkce rybn\u00edk\u016f, kter\u00e9 umo\u017e\u0148ovaly zadr\u017eet dostate\u010dn\u00e9 mno\u017estv\u00ed [&hellip;]\" \/>\n<meta property=\"og:url\" content=\"https:\/\/pohromyakatastrofy.cz\/en\/interaktivni-mapa\/\" \/>\n<meta property=\"og:site_name\" content=\"Katastrofy\" \/>\n<meta property=\"article:modified_time\" content=\"2025-01-07T10:44:39+00:00\" \/>\n<meta property=\"og:image\" content=\"http:\/\/pohromyakatastrofy.cz\/wp-content\/uploads\/2022\/01\/interaktivni_mapa2.png\" \/>\n<meta name=\"twitter:card\" content=\"summary_large_image\" \/>\n<script type=\"application\/ld+json\" class=\"yoast-schema-graph\">{\"@context\":\"https:\\\/\\\/schema.org\",\"@graph\":[{\"@type\":\"WebPage\",\"@id\":\"https:\\\/\\\/pohromyakatastrofy.cz\\\/en\\\/interaktivni-mapa\\\/\",\"url\":\"https:\\\/\\\/pohromyakatastrofy.cz\\\/en\\\/interaktivni-mapa\\\/\",\"name\":\"Interaktivn\u00ed mapa - Katastrofy\",\"isPartOf\":{\"@id\":\"https:\\\/\\\/pohromyakatastrofy.cz\\\/en\\\/#website\"},\"primaryImageOfPage\":{\"@id\":\"https:\\\/\\\/pohromyakatastrofy.cz\\\/en\\\/interaktivni-mapa\\\/#primaryimage\"},\"image\":{\"@id\":\"https:\\\/\\\/pohromyakatastrofy.cz\\\/en\\\/interaktivni-mapa\\\/#primaryimage\"},\"thumbnailUrl\":\"http:\\\/\\\/pohromyakatastrofy.cz\\\/wp-content\\\/uploads\\\/2022\\\/01\\\/interaktivni_mapa2.png\",\"datePublished\":\"2021-11-12T07:53:08+00:00\",\"dateModified\":\"2025-01-07T10:44:39+00:00\",\"breadcrumb\":{\"@id\":\"https:\\\/\\\/pohromyakatastrofy.cz\\\/en\\\/interaktivni-mapa\\\/#breadcrumb\"},\"inLanguage\":\"en-US\",\"potentialAction\":[{\"@type\":\"ReadAction\",\"target\":[\"https:\\\/\\\/pohromyakatastrofy.cz\\\/en\\\/interaktivni-mapa\\\/\"]}]},{\"@type\":\"ImageObject\",\"inLanguage\":\"en-US\",\"@id\":\"https:\\\/\\\/pohromyakatastrofy.cz\\\/en\\\/interaktivni-mapa\\\/#primaryimage\",\"url\":\"http:\\\/\\\/pohromyakatastrofy.cz\\\/wp-content\\\/uploads\\\/2022\\\/01\\\/interaktivni_mapa2.png\",\"contentUrl\":\"http:\\\/\\\/pohromyakatastrofy.cz\\\/wp-content\\\/uploads\\\/2022\\\/01\\\/interaktivni_mapa2.png\"},{\"@type\":\"BreadcrumbList\",\"@id\":\"https:\\\/\\\/pohromyakatastrofy.cz\\\/en\\\/interaktivni-mapa\\\/#breadcrumb\",\"itemListElement\":[{\"@type\":\"ListItem\",\"position\":1,\"name\":\"Dom\u016f\",\"item\":\"https:\\\/\\\/pohromyakatastrofy.cz\\\/en\\\/\"},{\"@type\":\"ListItem\",\"position\":2,\"name\":\"Interaktivn\u00ed mapa\"}]},{\"@type\":\"WebSite\",\"@id\":\"https:\\\/\\\/pohromyakatastrofy.cz\\\/en\\\/#website\",\"url\":\"https:\\\/\\\/pohromyakatastrofy.cz\\\/en\\\/\",\"name\":\"Katastrofy\",\"description\":\"Voda a ohe\u0148 \u2013 \u017eivly zkrocen\u00e9 nebo ni\u010d\u00edc\u00ed? Vypr\u00e1v\u011bn\u00ed versus realita?\",\"publisher\":{\"@id\":\"https:\\\/\\\/pohromyakatastrofy.cz\\\/en\\\/#organization\"},\"potentialAction\":[{\"@type\":\"SearchAction\",\"target\":{\"@type\":\"EntryPoint\",\"urlTemplate\":\"https:\\\/\\\/pohromyakatastrofy.cz\\\/en\\\/?s={search_term_string}\"},\"query-input\":{\"@type\":\"PropertyValueSpecification\",\"valueRequired\":true,\"valueName\":\"search_term_string\"}}],\"inLanguage\":\"en-US\"},{\"@type\":\"Organization\",\"@id\":\"https:\\\/\\\/pohromyakatastrofy.cz\\\/en\\\/#organization\",\"name\":\"Historick\u00fd \u00fastav AV \u010cR, v. v. i.\",\"url\":\"https:\\\/\\\/pohromyakatastrofy.cz\\\/en\\\/\",\"logo\":{\"@type\":\"ImageObject\",\"inLanguage\":\"en-US\",\"@id\":\"https:\\\/\\\/pohromyakatastrofy.cz\\\/en\\\/#\\\/schema\\\/logo\\\/image\\\/\",\"url\":\"https:\\\/\\\/pohromyakatastrofy.cz\\\/wp-content\\\/uploads\\\/2021\\\/11\\\/logo-HU.jpg\",\"contentUrl\":\"https:\\\/\\\/pohromyakatastrofy.cz\\\/wp-content\\\/uploads\\\/2021\\\/11\\\/logo-HU.jpg\",\"width\":1916,\"height\":351,\"caption\":\"Historick\u00fd \u00fastav AV \u010cR, v. v. i.\"},\"image\":{\"@id\":\"https:\\\/\\\/pohromyakatastrofy.cz\\\/en\\\/#\\\/schema\\\/logo\\\/image\\\/\"}}]}<\/script>\n<!-- \/ Yoast SEO plugin. -->","yoast_head_json":{"title":"Interaktivn\u00ed mapa - Katastrofy","robots":{"index":"index","follow":"follow","max-snippet":"max-snippet:-1","max-image-preview":"max-image-preview:large","max-video-preview":"max-video-preview:-1"},"canonical":"https:\/\/pohromyakatastrofy.cz\/en\/interaktivni-mapa\/","og_locale":"en_US","og_type":"article","og_title":"Interaktivn\u00ed mapa - Katastrofy","og_description":"Interaktivn\u00ed mapa N\u00e1hled mapov\u00e9 aplikace Na podklad\u011b ortofotomapa jsou vid\u011bt historick\u00e9 rybni\u010dn\u00ed soustavy v okol\u00ed m\u011bsta Tou\u017eim. \u00dazem\u00ed n\u00e1le\u017e\u00ed do horn\u00edho povod\u00ed \u0159eky St\u0159ely. Kv\u016fli relativn\u00ed vysok\u00e9 nadmo\u0159sk\u00e9 v\u00fd\u0161ce a dlouhodob\u011b sp\u00ed\u0161e n\u00edzk\u00fdm sr\u00e1\u017ekov\u00fdm \u00fahrn\u016fm zde doch\u00e1zelo v letn\u00edch m\u011bs\u00edc\u00edch k vysych\u00e1n\u00ed vodn\u00edch tok\u016f. O to d\u016fle\u017eit\u011bj\u0161\u00ed byla funkce rybn\u00edk\u016f, kter\u00e9 umo\u017e\u0148ovaly zadr\u017eet dostate\u010dn\u00e9 mno\u017estv\u00ed [&hellip;]","og_url":"https:\/\/pohromyakatastrofy.cz\/en\/interaktivni-mapa\/","og_site_name":"Katastrofy","article_modified_time":"2025-01-07T10:44:39+00:00","og_image":[{"url":"http:\/\/pohromyakatastrofy.cz\/wp-content\/uploads\/2022\/01\/interaktivni_mapa2.png","type":"","width":"","height":""}],"twitter_card":"summary_large_image","schema":{"@context":"https:\/\/schema.org","@graph":[{"@type":"WebPage","@id":"https:\/\/pohromyakatastrofy.cz\/en\/interaktivni-mapa\/","url":"https:\/\/pohromyakatastrofy.cz\/en\/interaktivni-mapa\/","name":"Interaktivn\u00ed mapa - Katastrofy","isPartOf":{"@id":"https:\/\/pohromyakatastrofy.cz\/en\/#website"},"primaryImageOfPage":{"@id":"https:\/\/pohromyakatastrofy.cz\/en\/interaktivni-mapa\/#primaryimage"},"image":{"@id":"https:\/\/pohromyakatastrofy.cz\/en\/interaktivni-mapa\/#primaryimage"},"thumbnailUrl":"http:\/\/pohromyakatastrofy.cz\/wp-content\/uploads\/2022\/01\/interaktivni_mapa2.png","datePublished":"2021-11-12T07:53:08+00:00","dateModified":"2025-01-07T10:44:39+00:00","breadcrumb":{"@id":"https:\/\/pohromyakatastrofy.cz\/en\/interaktivni-mapa\/#breadcrumb"},"inLanguage":"en-US","potentialAction":[{"@type":"ReadAction","target":["https:\/\/pohromyakatastrofy.cz\/en\/interaktivni-mapa\/"]}]},{"@type":"ImageObject","inLanguage":"en-US","@id":"https:\/\/pohromyakatastrofy.cz\/en\/interaktivni-mapa\/#primaryimage","url":"http:\/\/pohromyakatastrofy.cz\/wp-content\/uploads\/2022\/01\/interaktivni_mapa2.png","contentUrl":"http:\/\/pohromyakatastrofy.cz\/wp-content\/uploads\/2022\/01\/interaktivni_mapa2.png"},{"@type":"BreadcrumbList","@id":"https:\/\/pohromyakatastrofy.cz\/en\/interaktivni-mapa\/#breadcrumb","itemListElement":[{"@type":"ListItem","position":1,"name":"Dom\u016f","item":"https:\/\/pohromyakatastrofy.cz\/en\/"},{"@type":"ListItem","position":2,"name":"Interaktivn\u00ed mapa"}]},{"@type":"WebSite","@id":"https:\/\/pohromyakatastrofy.cz\/en\/#website","url":"https:\/\/pohromyakatastrofy.cz\/en\/","name":"Katastrofy","description":"Voda a ohe\u0148 \u2013 \u017eivly zkrocen\u00e9 nebo ni\u010d\u00edc\u00ed? Vypr\u00e1v\u011bn\u00ed versus realita?","publisher":{"@id":"https:\/\/pohromyakatastrofy.cz\/en\/#organization"},"potentialAction":[{"@type":"SearchAction","target":{"@type":"EntryPoint","urlTemplate":"https:\/\/pohromyakatastrofy.cz\/en\/?s={search_term_string}"},"query-input":{"@type":"PropertyValueSpecification","valueRequired":true,"valueName":"search_term_string"}}],"inLanguage":"en-US"},{"@type":"Organization","@id":"https:\/\/pohromyakatastrofy.cz\/en\/#organization","name":"Historick\u00fd \u00fastav AV \u010cR, v. v. i.","url":"https:\/\/pohromyakatastrofy.cz\/en\/","logo":{"@type":"ImageObject","inLanguage":"en-US","@id":"https:\/\/pohromyakatastrofy.cz\/en\/#\/schema\/logo\/image\/","url":"https:\/\/pohromyakatastrofy.cz\/wp-content\/uploads\/2021\/11\/logo-HU.jpg","contentUrl":"https:\/\/pohromyakatastrofy.cz\/wp-content\/uploads\/2021\/11\/logo-HU.jpg","width":1916,"height":351,"caption":"Historick\u00fd \u00fastav AV \u010cR, v. v. i."},"image":{"@id":"https:\/\/pohromyakatastrofy.cz\/en\/#\/schema\/logo\/image\/"}}]}},"_links":{"self":[{"href":"https:\/\/pohromyakatastrofy.cz\/en\/wp-json\/wp\/v2\/pages\/4129","targetHints":{"allow":["GET"]}}],"collection":[{"href":"https:\/\/pohromyakatastrofy.cz\/en\/wp-json\/wp\/v2\/pages"}],"about":[{"href":"https:\/\/pohromyakatastrofy.cz\/en\/wp-json\/wp\/v2\/types\/page"}],"author":[{"embeddable":true,"href":"https:\/\/pohromyakatastrofy.cz\/en\/wp-json\/wp\/v2\/users\/2"}],"replies":[{"embeddable":true,"href":"https:\/\/pohromyakatastrofy.cz\/en\/wp-json\/wp\/v2\/comments?post=4129"}],"version-history":[{"count":1,"href":"https:\/\/pohromyakatastrofy.cz\/en\/wp-json\/wp\/v2\/pages\/4129\/revisions"}],"predecessor-version":[{"id":4298,"href":"https:\/\/pohromyakatastrofy.cz\/en\/wp-json\/wp\/v2\/pages\/4129\/revisions\/4298"}],"wp:attachment":[{"href":"https:\/\/pohromyakatastrofy.cz\/en\/wp-json\/wp\/v2\/media?parent=4129"}],"curies":[{"name":"wp","href":"https:\/\/api.w.org\/{rel}","templated":true}]}}