{"id":4130,"date":"2022-02-02T09:14:22","date_gmt":"2022-02-02T08:14:22","guid":{"rendered":"https:\/\/pohromyakatastrofy.cz\/kontakty\/"},"modified":"2025-01-07T11:44:50","modified_gmt":"2025-01-07T10:44:50","slug":"kontakty","status":"publish","type":"page","link":"https:\/\/pohromyakatastrofy.cz\/en\/kontakty\/","title":{"rendered":"Kontakty"},"content":{"rendered":"\t\t<div data-elementor-type=\"wp-page\" data-elementor-id=\"4130\" class=\"elementor elementor-4130 elementor-3397\" data-elementor-post-type=\"page\">\n\t\t\t\t\t\t<section class=\"elementor-section elementor-top-section elementor-element elementor-element-13ca5d1 elementor-section-height-min-height elementor-section-boxed elementor-section-height-default elementor-section-items-middle\" data-id=\"13ca5d1\" data-element_type=\"section\" data-settings=\"{&quot;background_background&quot;:&quot;classic&quot;}\">\n\t\t\t\t\t\t\t<div class=\"elementor-background-overlay\"><\/div>\n\t\t\t\t\t\t\t<div class=\"elementor-container elementor-column-gap-narrow\">\n\t\t\t\t\t<div class=\"elementor-column elementor-col-100 elementor-top-column elementor-element elementor-element-2a86e8c\" data-id=\"2a86e8c\" data-element_type=\"column\">\n\t\t\t<div class=\"elementor-widget-wrap elementor-element-populated\">\n\t\t\t\t\t\t<div class=\"elementor-element elementor-element-405ae0f elementor-widget elementor-widget-heading\" data-id=\"405ae0f\" data-element_type=\"widget\" data-widget_type=\"heading.default\">\n\t\t\t\t<div class=\"elementor-widget-container\">\n\t\t\t<h1 class=\"elementor-heading-title elementor-size-default\">Kontakty<\/h1>\t\t<\/div>\n\t\t\t\t<\/div>\n\t\t\t\t\t<\/div>\n\t\t<\/div>\n\t\t\t\t\t<\/div>\n\t\t<\/section>\n\t\t\t\t<section class=\"elementor-section elementor-top-section elementor-element elementor-element-48cf867 elementor-section-boxed elementor-section-height-default elementor-section-height-default\" data-id=\"48cf867\" data-element_type=\"section\">\n\t\t\t\t\t\t<div class=\"elementor-container elementor-column-gap-narrow\">\n\t\t\t\t\t<div class=\"elementor-column elementor-col-33 elementor-top-column elementor-element elementor-element-a4eecb7\" data-id=\"a4eecb7\" data-element_type=\"column\">\n\t\t\t<div class=\"elementor-widget-wrap elementor-element-populated\">\n\t\t\t\t\t\t<div class=\"elementor-element elementor-element-4f5efd7 custom_contact elementor-widget elementor-widget-webify-pricing-table-widget\" data-id=\"4f5efd7\" data-element_type=\"widget\" data-widget_type=\"webify-pricing-table-widget.default\">\n\t\t\t\t<div class=\"elementor-widget-container\">\n\t\t\t        <div class=\"tb-radious-4 tb-border tb-pricing-card tb-style2 text-center\">\n          <h3 class=\"tb-pricing-heading tb-666-c text-center tb-f16-lg tb-m0\">(-kbv-)<\/h3>\n          <hr>\n          <div class=\"tb-price tb-fw-regular tb-font-name  tb-flex\">\n            <i class=\"tb-price-currency tb-f24-lg\"><\/i>\n            <span class=\"tb-f48-lg tb-black111-c\">Mgr. Kate\u0159ina Bobkov\u00e1-Valentov\u00e1, Ph.D. <\/span>\n          <\/div>\n                    <ul class=\"tb-pricing-feature tb-mp0 \">\n                          <li>Historick\u00fd \u00fastav AV \u010cR<\/li>\n                          <li>Odd\u011blen\u00ed ran\u00e9ho novov\u011bku<\/li>\n                      <\/ul>\n                                <div class=\"tb-pricing-btn\">\n              <div class=\"empty-space marg-lg-b30\"><\/div>\n              <a href=\"mailto:katerina.bobkova.valentova@gmail.com\" target=\"_self\" class=\"tb-btn tb-style5 tb-color5\"><span>katerina.bobkova.valentova@gmail.com<\/span><\/a>\n              <div class=\"empty-space marg-lg-b30\"><\/div>\n            <\/div>\n                  <\/div>\n        \t\t<\/div>\n\t\t\t\t<\/div>\n\t\t\t\t\t<\/div>\n\t\t<\/div>\n\t\t\t\t<div class=\"elementor-column elementor-col-33 elementor-top-column elementor-element elementor-element-debb6fe\" data-id=\"debb6fe\" data-element_type=\"column\">\n\t\t\t<div class=\"elementor-widget-wrap elementor-element-populated\">\n\t\t\t\t\t\t<div class=\"elementor-element elementor-element-4afaf85 custom_contact elementor-widget elementor-widget-webify-pricing-table-widget\" data-id=\"4afaf85\" data-element_type=\"widget\" data-widget_type=\"webify-pricing-table-widget.default\">\n\t\t\t\t<div class=\"elementor-widget-container\">\n\t\t\t        <div class=\"tb-radious-4 tb-border tb-pricing-card tb-style2 text-center\">\n          <h3 class=\"tb-pricing-heading tb-666-c text-center tb-f16-lg tb-m0\">(-j\u0161-)<\/h3>\n          <hr>\n          <div class=\"tb-price tb-fw-regular tb-font-name  tb-flex\">\n            <i class=\"tb-price-currency tb-f24-lg\"><\/i>\n            <span class=\"tb-f48-lg tb-black111-c\">PhDr. Jaroslava \u0160kudrnov\u00e1<\/span>\n          <\/div>\n                    <ul class=\"tb-pricing-feature tb-mp0 \">\n                          <li>Historick\u00fd \u00fastav AV \u010cR<\/li>\n                          <li>Knihovna<\/li>\n                      <\/ul>\n                                <div class=\"tb-pricing-btn\">\n              <div class=\"empty-space marg-lg-b30\"><\/div>\n              <a href=\"mailto:skudrnova@hiu.cas.cz\" target=\"_self\" class=\"tb-btn tb-style5 tb-color5\"><span>skudrnova@hiu.cas.cz<\/span><\/a>\n              <div class=\"empty-space marg-lg-b30\"><\/div>\n            <\/div>\n                  <\/div>\n        \t\t<\/div>\n\t\t\t\t<\/div>\n\t\t\t\t\t<\/div>\n\t\t<\/div>\n\t\t\t\t<div class=\"elementor-column elementor-col-33 elementor-top-column elementor-element elementor-element-ee9abfa\" data-id=\"ee9abfa\" data-element_type=\"column\">\n\t\t\t<div class=\"elementor-widget-wrap elementor-element-populated\">\n\t\t\t\t\t\t<div class=\"elementor-element elementor-element-9186e7b custom_contact elementor-widget elementor-widget-webify-pricing-table-widget\" data-id=\"9186e7b\" data-element_type=\"widget\" data-widget_type=\"webify-pricing-table-widget.default\">\n\t\t\t\t<div class=\"elementor-widget-container\">\n\t\t\t        <div class=\"tb-radious-4 tb-border tb-pricing-card tb-style2 text-center\">\n          <h3 class=\"tb-pricing-heading tb-666-c text-center tb-f16-lg tb-m0\">(-mv-)<\/h3>\n          <hr>\n          <div class=\"tb-price tb-fw-regular tb-font-name  tb-flex\">\n            <i class=\"tb-price-currency tb-f24-lg\"><\/i>\n            <span class=\"tb-f48-lg tb-black111-c\">Ing. Mgr. Michal Vokurka<\/span>\n          <\/div>\n                    <ul class=\"tb-pricing-feature tb-mp0 \">\n                          <li>Historick\u00fd \u00fastav AV \u010cR<\/li>\n                          <li>Odd\u011blen\u00ed ran\u00e9ho novov\u011bku<\/li>\n                      <\/ul>\n                                <div class=\"tb-pricing-btn\">\n              <div class=\"empty-space marg-lg-b30\"><\/div>\n              <a href=\"mailto:vokurka@hiu.cas.cz\" target=\"_self\" class=\"tb-btn tb-style5 tb-color5\"><span>vokurka@hiu.cas.cz<\/span><\/a>\n              <div class=\"empty-space marg-lg-b30\"><\/div>\n            <\/div>\n                  <\/div>\n        \t\t<\/div>\n\t\t\t\t<\/div>\n\t\t\t\t\t<\/div>\n\t\t<\/div>\n\t\t\t\t\t<\/div>\n\t\t<\/section>\n\t\t\t\t<section class=\"elementor-section elementor-top-section elementor-element elementor-element-4278cbc elementor-section-boxed elementor-section-height-default elementor-section-height-default\" data-id=\"4278cbc\" data-element_type=\"section\">\n\t\t\t\t\t\t<div class=\"elementor-container elementor-column-gap-narrow\">\n\t\t\t\t\t<div class=\"elementor-column elementor-col-33 elementor-top-column elementor-element elementor-element-758ac10\" data-id=\"758ac10\" data-element_type=\"column\">\n\t\t\t<div class=\"elementor-widget-wrap elementor-element-populated\">\n\t\t\t\t\t\t<div class=\"elementor-element elementor-element-794f509 custom_contact elementor-widget elementor-widget-webify-pricing-table-widget\" data-id=\"794f509\" data-element_type=\"widget\" data-widget_type=\"webify-pricing-table-widget.default\">\n\t\t\t\t<div class=\"elementor-widget-container\">\n\t\t\t        <div class=\"tb-radious-4 tb-border tb-pricing-card tb-style2 text-center\">\n          <h3 class=\"tb-pricing-heading tb-666-c text-center tb-f16-lg tb-m0\">(-oh-)<\/h3>\n          <hr>\n          <div class=\"tb-price tb-fw-regular tb-font-name  tb-flex\">\n            <i class=\"tb-price-currency tb-f24-lg\"><\/i>\n            <span class=\"tb-f48-lg tb-black111-c\">Ing. et Mgr. Ond\u0159ej Hnilica, Ph.D.<\/span>\n          <\/div>\n                    <ul class=\"tb-pricing-feature tb-mp0 \">\n                          <li>Historick\u00fd \u00fastav AV \u010cR<\/li>\n                          <li>Projektov\u00fd pracovn\u00edk<\/li>\n                      <\/ul>\n                                <div class=\"tb-pricing-btn\">\n              <div class=\"empty-space marg-lg-b30\"><\/div>\n              <a href=\"mailto:Hnilica.O@seznam.cz\" target=\"_self\" class=\"tb-btn tb-style5 tb-color5\"><span>Hnilica.O@seznam.cz<\/span><\/a>\n              <div class=\"empty-space marg-lg-b30\"><\/div>\n            <\/div>\n                  <\/div>\n        \t\t<\/div>\n\t\t\t\t<\/div>\n\t\t\t\t\t<\/div>\n\t\t<\/div>\n\t\t\t\t<div class=\"elementor-column elementor-col-33 elementor-top-column elementor-element elementor-element-54c624b\" data-id=\"54c624b\" data-element_type=\"column\">\n\t\t\t<div class=\"elementor-widget-wrap elementor-element-populated\">\n\t\t\t\t\t\t<div class=\"elementor-element elementor-element-f37eabb custom_contact elementor-widget elementor-widget-webify-pricing-table-widget\" data-id=\"f37eabb\" data-element_type=\"widget\" data-widget_type=\"webify-pricing-table-widget.default\">\n\t\t\t\t<div class=\"elementor-widget-container\">\n\t\t\t        <div class=\"tb-radious-4 tb-border tb-pricing-card tb-style2 text-center\">\n          <h3 class=\"tb-pricing-heading tb-666-c text-center tb-f16-lg tb-m0\">(-mr-)<\/h3>\n          <hr>\n          <div class=\"tb-price tb-fw-regular tb-font-name  tb-flex\">\n            <i class=\"tb-price-currency tb-f24-lg\"><\/i>\n            <span class=\"tb-f48-lg tb-black111-c\">Mgr. Michaela Rame\u0161ov\u00e1, Ph.D.<\/span>\n          <\/div>\n                    <ul class=\"tb-pricing-feature tb-mp0 \">\n                          <li>\u00dastav teoretick\u00e9 a aplikovan\u00e9 mechaniky AV \u010cR<\/li>\n                          <li>Odd\u011blen\u00ed pam\u00e1tkov\u00e9 v\u011bdy<\/li>\n                      <\/ul>\n                                <div class=\"tb-pricing-btn\">\n              <div class=\"empty-space marg-lg-b30\"><\/div>\n              <a href=\"mailto:ramesova@itam.cas.cz\" target=\"_self\" class=\"tb-btn tb-style5 tb-color5\"><span>ramesova@itam.cas.cz<\/span><\/a>\n              <div class=\"empty-space marg-lg-b30\"><\/div>\n            <\/div>\n                  <\/div>\n        \t\t<\/div>\n\t\t\t\t<\/div>\n\t\t\t\t\t<\/div>\n\t\t<\/div>\n\t\t\t\t<div class=\"elementor-column elementor-col-33 elementor-top-column elementor-element elementor-element-c83f48d\" data-id=\"c83f48d\" data-element_type=\"column\">\n\t\t\t<div class=\"elementor-widget-wrap elementor-element-populated\">\n\t\t\t\t\t\t<div class=\"elementor-element elementor-element-7519769 custom_contact elementor-widget elementor-widget-webify-pricing-table-widget\" data-id=\"7519769\" data-element_type=\"widget\" data-widget_type=\"webify-pricing-table-widget.default\">\n\t\t\t\t<div class=\"elementor-widget-container\">\n\t\t\t        <div class=\"tb-radious-4 tb-border tb-pricing-card tb-style2 text-center\">\n          <h3 class=\"tb-pricing-heading tb-666-c text-center tb-f16-lg tb-m0\">(-jb-)<\/h3>\n          <hr>\n          <div class=\"tb-price tb-fw-regular tb-font-name  tb-flex\">\n            <i class=\"tb-price-currency tb-f24-lg\"><\/i>\n            <span class=\"tb-f48-lg tb-black111-c\">Ing. Ji\u0159\u00ed Bl\u00e1ha, Ph.D.<\/span>\n          <\/div>\n                    <ul class=\"tb-pricing-feature tb-mp0 \">\n                          <li>\u00dastav teoretick\u00e9 a aplikovan\u00e9 mechaniky AV \u010cR<\/li>\n                          <li>Odd\u011blen\u00ed pam\u00e1tkov\u00e9 v\u011bdy<\/li>\n                      <\/ul>\n                                <div class=\"tb-pricing-btn\">\n              <div class=\"empty-space marg-lg-b30\"><\/div>\n              <a href=\"mailto:blaha@itam.cas.cz\" target=\"_self\" class=\"tb-btn tb-style5 tb-color5\"><span>blaha@itam.cas.cz<\/span><\/a>\n              <div class=\"empty-space marg-lg-b30\"><\/div>\n            <\/div>\n                  <\/div>\n        \t\t<\/div>\n\t\t\t\t<\/div>\n\t\t\t\t\t<\/div>\n\t\t<\/div>\n\t\t\t\t\t<\/div>\n\t\t<\/section>\n\t\t\t\t<section class=\"elementor-section elementor-top-section elementor-element elementor-element-c27b7cc elementor-section-boxed elementor-section-height-default elementor-section-height-default\" data-id=\"c27b7cc\" data-element_type=\"section\">\n\t\t\t\t\t\t<div class=\"elementor-container elementor-column-gap-narrow\">\n\t\t\t\t\t<div class=\"elementor-column elementor-col-33 elementor-top-column elementor-element elementor-element-50aa7b6\" data-id=\"50aa7b6\" data-element_type=\"column\">\n\t\t\t<div class=\"elementor-widget-wrap elementor-element-populated\">\n\t\t\t\t\t\t<div class=\"elementor-element elementor-element-5e5c179 custom_contact elementor-widget elementor-widget-webify-pricing-table-widget\" data-id=\"5e5c179\" data-element_type=\"widget\" data-widget_type=\"webify-pricing-table-widget.default\">\n\t\t\t\t<div class=\"elementor-widget-container\">\n\t\t\t        <div class=\"tb-radious-4 tb-border tb-pricing-card tb-style2 text-center\">\n          <h3 class=\"tb-pricing-heading tb-666-c text-center tb-f16-lg tb-m0\">(-pm-)<\/h3>\n          <hr>\n          <div class=\"tb-price tb-fw-regular tb-font-name  tb-flex\">\n            <i class=\"tb-price-currency tb-f24-lg\"><\/i>\n            <span class=\"tb-f48-lg tb-black111-c\">Ing. Petr Mich\u00e1lek, Ph.D.<\/span>\n          <\/div>\n                    <ul class=\"tb-pricing-feature tb-mp0 \">\n                          <li>\u00dastav teoretick\u00e9 a aplikovan\u00e9 mechaniky AV \u010cR<\/li>\n                          <li>Odd\u011blen\u00ed dynamiky a aerodynamiky<\/li>\n                      <\/ul>\n                                <div class=\"tb-pricing-btn\">\n              <div class=\"empty-space marg-lg-b30\"><\/div>\n              <a href=\"mailto:michalek@itam.cas.cz\" target=\"_self\" class=\"tb-btn tb-style5 tb-color5\"><span>michalek@itam.cas.cz<\/span><\/a>\n              <div class=\"empty-space marg-lg-b30\"><\/div>\n            <\/div>\n                  <\/div>\n        \t\t<\/div>\n\t\t\t\t<\/div>\n\t\t\t\t\t<\/div>\n\t\t<\/div>\n\t\t\t\t<div class=\"elementor-column elementor-col-33 elementor-top-column elementor-element elementor-element-9050572\" data-id=\"9050572\" data-element_type=\"column\">\n\t\t\t<div class=\"elementor-widget-wrap elementor-element-populated\">\n\t\t\t\t\t\t<div class=\"elementor-element elementor-element-37e672e custom_contact elementor-widget elementor-widget-webify-pricing-table-widget\" data-id=\"37e672e\" data-element_type=\"widget\" data-widget_type=\"webify-pricing-table-widget.default\">\n\t\t\t\t<div class=\"elementor-widget-container\">\n\t\t\t        <div class=\"tb-radious-4 tb-border tb-pricing-card tb-style2 text-center\">\n          <h3 class=\"tb-pricing-heading tb-666-c text-center tb-f16-lg tb-m0\">(-sp-)<\/h3>\n          <hr>\n          <div class=\"tb-price tb-fw-regular tb-font-name  tb-flex\">\n            <i class=\"tb-price-currency tb-f24-lg\"><\/i>\n            <span class=\"tb-f48-lg tb-black111-c\">prof. Ing. Stanislav Posp\u00ed\u0161il, Ph.D.<\/span>\n          <\/div>\n                    <ul class=\"tb-pricing-feature tb-mp0 \">\n                          <li>\u00dastav teoretick\u00e9 a aplikovan\u00e9 mechaniky AV \u010cR<\/li>\n                          <li>Odd\u011blen\u00ed dynamiky a aerodynamiky<\/li>\n                      <\/ul>\n                                <div class=\"tb-pricing-btn\">\n              <div class=\"empty-space marg-lg-b30\"><\/div>\n              <a href=\"mailto:pospisil@itam.cas.cz\" target=\"_self\" class=\"tb-btn tb-style5 tb-color5\"><span>pospisil@itam.cas.cz<\/span><\/a>\n              <div class=\"empty-space marg-lg-b30\"><\/div>\n            <\/div>\n                  <\/div>\n        \t\t<\/div>\n\t\t\t\t<\/div>\n\t\t\t\t\t<\/div>\n\t\t<\/div>\n\t\t\t\t<div class=\"elementor-column elementor-col-33 elementor-top-column elementor-element elementor-element-5c952c2\" data-id=\"5c952c2\" data-element_type=\"column\">\n\t\t\t<div class=\"elementor-widget-wrap\">\n\t\t\t\t\t\t\t<\/div>\n\t\t<\/div>\n\t\t\t\t\t<\/div>\n\t\t<\/section>\n\t\t\t\t<\/div>\n\t\t","protected":false},"excerpt":{"rendered":"<p>Kontakty (-kbv-) Mgr. Kate\u0159ina Bobkov\u00e1-Valentov\u00e1, Ph.D. Historick\u00fd \u00fastav AV \u010cR Odd\u011blen\u00ed ran\u00e9ho novov\u011bku katerina.bobkova.valentova@gmail.com (-j\u0161-) PhDr. Jaroslava \u0160kudrnov\u00e1 Historick\u00fd \u00fastav AV \u010cR Knihovna skudrnova@hiu.cas.cz (-mv-) Ing. Mgr. Michal Vokurka Historick\u00fd \u00fastav AV \u010cR Odd\u011blen\u00ed ran\u00e9ho novov\u011bku vokurka@hiu.cas.cz (-oh-) Ing. et Mgr. Ond\u0159ej Hnilica, Ph.D. Historick\u00fd \u00fastav AV \u010cR Projektov\u00fd pracovn\u00edk Hnilica.O@seznam.cz (-mr-) Mgr. Michaela Rame\u0161ov\u00e1, [&hellip;]<\/p>\n","protected":false},"author":2,"featured_media":0,"parent":0,"menu_order":0,"comment_status":"closed","ping_status":"closed","template":"elementor_header_footer","meta":{"_acf_changed":false,"footnotes":""},"class_list":["post-4130","page","type-page","status-publish","hentry"],"acf":[],"yoast_head":"<!-- This site is optimized with the Yoast SEO plugin v27.4 - https:\/\/yoast.com\/product\/yoast-seo-wordpress\/ -->\n<title>Kontakty - Katastrofy<\/title>\n<meta name=\"robots\" content=\"index, follow, max-snippet:-1, max-image-preview:large, max-video-preview:-1\" \/>\n<link rel=\"canonical\" href=\"https:\/\/pohromyakatastrofy.cz\/en\/kontakty\/\" \/>\n<meta property=\"og:locale\" content=\"en_US\" \/>\n<meta property=\"og:type\" content=\"article\" \/>\n<meta property=\"og:title\" content=\"Kontakty - Katastrofy\" \/>\n<meta property=\"og:description\" content=\"Kontakty (-kbv-) Mgr. Kate\u0159ina Bobkov\u00e1-Valentov\u00e1, Ph.D. Historick\u00fd \u00fastav AV \u010cR Odd\u011blen\u00ed ran\u00e9ho novov\u011bku katerina.bobkova.valentova@gmail.com (-j\u0161-) PhDr. Jaroslava \u0160kudrnov\u00e1 Historick\u00fd \u00fastav AV \u010cR Knihovna skudrnova@hiu.cas.cz (-mv-) Ing. Mgr. Michal Vokurka Historick\u00fd \u00fastav AV \u010cR Odd\u011blen\u00ed ran\u00e9ho novov\u011bku vokurka@hiu.cas.cz (-oh-) Ing. et Mgr. Ond\u0159ej Hnilica, Ph.D. Historick\u00fd \u00fastav AV \u010cR Projektov\u00fd pracovn\u00edk Hnilica.O@seznam.cz (-mr-) Mgr. Michaela Rame\u0161ov\u00e1, [&hellip;]\" \/>\n<meta property=\"og:url\" content=\"https:\/\/pohromyakatastrofy.cz\/en\/kontakty\/\" \/>\n<meta property=\"og:site_name\" content=\"Katastrofy\" \/>\n<meta property=\"article:modified_time\" content=\"2025-01-07T10:44:50+00:00\" \/>\n<meta name=\"twitter:card\" content=\"summary_large_image\" \/>\n<meta name=\"twitter:label1\" content=\"Est. reading time\" \/>\n\t<meta name=\"twitter:data1\" content=\"1 minute\" \/>\n<script type=\"application\/ld+json\" class=\"yoast-schema-graph\">{\"@context\":\"https:\\\/\\\/schema.org\",\"@graph\":[{\"@type\":\"WebPage\",\"@id\":\"https:\\\/\\\/pohromyakatastrofy.cz\\\/en\\\/kontakty\\\/\",\"url\":\"https:\\\/\\\/pohromyakatastrofy.cz\\\/en\\\/kontakty\\\/\",\"name\":\"Kontakty - Katastrofy\",\"isPartOf\":{\"@id\":\"https:\\\/\\\/pohromyakatastrofy.cz\\\/en\\\/#website\"},\"datePublished\":\"2022-02-02T08:14:22+00:00\",\"dateModified\":\"2025-01-07T10:44:50+00:00\",\"breadcrumb\":{\"@id\":\"https:\\\/\\\/pohromyakatastrofy.cz\\\/en\\\/kontakty\\\/#breadcrumb\"},\"inLanguage\":\"en-US\",\"potentialAction\":[{\"@type\":\"ReadAction\",\"target\":[\"https:\\\/\\\/pohromyakatastrofy.cz\\\/en\\\/kontakty\\\/\"]}]},{\"@type\":\"BreadcrumbList\",\"@id\":\"https:\\\/\\\/pohromyakatastrofy.cz\\\/en\\\/kontakty\\\/#breadcrumb\",\"itemListElement\":[{\"@type\":\"ListItem\",\"position\":1,\"name\":\"Dom\u016f\",\"item\":\"https:\\\/\\\/pohromyakatastrofy.cz\\\/en\\\/\"},{\"@type\":\"ListItem\",\"position\":2,\"name\":\"Kontakty\"}]},{\"@type\":\"WebSite\",\"@id\":\"https:\\\/\\\/pohromyakatastrofy.cz\\\/en\\\/#website\",\"url\":\"https:\\\/\\\/pohromyakatastrofy.cz\\\/en\\\/\",\"name\":\"Katastrofy\",\"description\":\"Voda a ohe\u0148 \u2013 \u017eivly zkrocen\u00e9 nebo ni\u010d\u00edc\u00ed? Vypr\u00e1v\u011bn\u00ed versus realita?\",\"publisher\":{\"@id\":\"https:\\\/\\\/pohromyakatastrofy.cz\\\/en\\\/#organization\"},\"potentialAction\":[{\"@type\":\"SearchAction\",\"target\":{\"@type\":\"EntryPoint\",\"urlTemplate\":\"https:\\\/\\\/pohromyakatastrofy.cz\\\/en\\\/?s={search_term_string}\"},\"query-input\":{\"@type\":\"PropertyValueSpecification\",\"valueRequired\":true,\"valueName\":\"search_term_string\"}}],\"inLanguage\":\"en-US\"},{\"@type\":\"Organization\",\"@id\":\"https:\\\/\\\/pohromyakatastrofy.cz\\\/en\\\/#organization\",\"name\":\"Historick\u00fd \u00fastav AV \u010cR, v. v. i.\",\"url\":\"https:\\\/\\\/pohromyakatastrofy.cz\\\/en\\\/\",\"logo\":{\"@type\":\"ImageObject\",\"inLanguage\":\"en-US\",\"@id\":\"https:\\\/\\\/pohromyakatastrofy.cz\\\/en\\\/#\\\/schema\\\/logo\\\/image\\\/\",\"url\":\"https:\\\/\\\/pohromyakatastrofy.cz\\\/wp-content\\\/uploads\\\/2021\\\/11\\\/logo-HU.jpg\",\"contentUrl\":\"https:\\\/\\\/pohromyakatastrofy.cz\\\/wp-content\\\/uploads\\\/2021\\\/11\\\/logo-HU.jpg\",\"width\":1916,\"height\":351,\"caption\":\"Historick\u00fd \u00fastav AV \u010cR, v. v. i.\"},\"image\":{\"@id\":\"https:\\\/\\\/pohromyakatastrofy.cz\\\/en\\\/#\\\/schema\\\/logo\\\/image\\\/\"}}]}<\/script>\n<!-- \/ Yoast SEO plugin. -->","yoast_head_json":{"title":"Kontakty - Katastrofy","robots":{"index":"index","follow":"follow","max-snippet":"max-snippet:-1","max-image-preview":"max-image-preview:large","max-video-preview":"max-video-preview:-1"},"canonical":"https:\/\/pohromyakatastrofy.cz\/en\/kontakty\/","og_locale":"en_US","og_type":"article","og_title":"Kontakty - Katastrofy","og_description":"Kontakty (-kbv-) Mgr. Kate\u0159ina Bobkov\u00e1-Valentov\u00e1, Ph.D. Historick\u00fd \u00fastav AV \u010cR Odd\u011blen\u00ed ran\u00e9ho novov\u011bku katerina.bobkova.valentova@gmail.com (-j\u0161-) PhDr. Jaroslava \u0160kudrnov\u00e1 Historick\u00fd \u00fastav AV \u010cR Knihovna skudrnova@hiu.cas.cz (-mv-) Ing. Mgr. Michal Vokurka Historick\u00fd \u00fastav AV \u010cR Odd\u011blen\u00ed ran\u00e9ho novov\u011bku vokurka@hiu.cas.cz (-oh-) Ing. et Mgr. Ond\u0159ej Hnilica, Ph.D. Historick\u00fd \u00fastav AV \u010cR Projektov\u00fd pracovn\u00edk Hnilica.O@seznam.cz (-mr-) Mgr. Michaela Rame\u0161ov\u00e1, [&hellip;]","og_url":"https:\/\/pohromyakatastrofy.cz\/en\/kontakty\/","og_site_name":"Katastrofy","article_modified_time":"2025-01-07T10:44:50+00:00","twitter_card":"summary_large_image","twitter_misc":{"Est. reading time":"1 minute"},"schema":{"@context":"https:\/\/schema.org","@graph":[{"@type":"WebPage","@id":"https:\/\/pohromyakatastrofy.cz\/en\/kontakty\/","url":"https:\/\/pohromyakatastrofy.cz\/en\/kontakty\/","name":"Kontakty - Katastrofy","isPartOf":{"@id":"https:\/\/pohromyakatastrofy.cz\/en\/#website"},"datePublished":"2022-02-02T08:14:22+00:00","dateModified":"2025-01-07T10:44:50+00:00","breadcrumb":{"@id":"https:\/\/pohromyakatastrofy.cz\/en\/kontakty\/#breadcrumb"},"inLanguage":"en-US","potentialAction":[{"@type":"ReadAction","target":["https:\/\/pohromyakatastrofy.cz\/en\/kontakty\/"]}]},{"@type":"BreadcrumbList","@id":"https:\/\/pohromyakatastrofy.cz\/en\/kontakty\/#breadcrumb","itemListElement":[{"@type":"ListItem","position":1,"name":"Dom\u016f","item":"https:\/\/pohromyakatastrofy.cz\/en\/"},{"@type":"ListItem","position":2,"name":"Kontakty"}]},{"@type":"WebSite","@id":"https:\/\/pohromyakatastrofy.cz\/en\/#website","url":"https:\/\/pohromyakatastrofy.cz\/en\/","name":"Katastrofy","description":"Voda a ohe\u0148 \u2013 \u017eivly zkrocen\u00e9 nebo ni\u010d\u00edc\u00ed? Vypr\u00e1v\u011bn\u00ed versus realita?","publisher":{"@id":"https:\/\/pohromyakatastrofy.cz\/en\/#organization"},"potentialAction":[{"@type":"SearchAction","target":{"@type":"EntryPoint","urlTemplate":"https:\/\/pohromyakatastrofy.cz\/en\/?s={search_term_string}"},"query-input":{"@type":"PropertyValueSpecification","valueRequired":true,"valueName":"search_term_string"}}],"inLanguage":"en-US"},{"@type":"Organization","@id":"https:\/\/pohromyakatastrofy.cz\/en\/#organization","name":"Historick\u00fd \u00fastav AV \u010cR, v. v. i.","url":"https:\/\/pohromyakatastrofy.cz\/en\/","logo":{"@type":"ImageObject","inLanguage":"en-US","@id":"https:\/\/pohromyakatastrofy.cz\/en\/#\/schema\/logo\/image\/","url":"https:\/\/pohromyakatastrofy.cz\/wp-content\/uploads\/2021\/11\/logo-HU.jpg","contentUrl":"https:\/\/pohromyakatastrofy.cz\/wp-content\/uploads\/2021\/11\/logo-HU.jpg","width":1916,"height":351,"caption":"Historick\u00fd \u00fastav AV \u010cR, v. v. i."},"image":{"@id":"https:\/\/pohromyakatastrofy.cz\/en\/#\/schema\/logo\/image\/"}}]}},"_links":{"self":[{"href":"https:\/\/pohromyakatastrofy.cz\/en\/wp-json\/wp\/v2\/pages\/4130","targetHints":{"allow":["GET"]}}],"collection":[{"href":"https:\/\/pohromyakatastrofy.cz\/en\/wp-json\/wp\/v2\/pages"}],"about":[{"href":"https:\/\/pohromyakatastrofy.cz\/en\/wp-json\/wp\/v2\/types\/page"}],"author":[{"embeddable":true,"href":"https:\/\/pohromyakatastrofy.cz\/en\/wp-json\/wp\/v2\/users\/2"}],"replies":[{"embeddable":true,"href":"https:\/\/pohromyakatastrofy.cz\/en\/wp-json\/wp\/v2\/comments?post=4130"}],"version-history":[{"count":1,"href":"https:\/\/pohromyakatastrofy.cz\/en\/wp-json\/wp\/v2\/pages\/4130\/revisions"}],"predecessor-version":[{"id":4299,"href":"https:\/\/pohromyakatastrofy.cz\/en\/wp-json\/wp\/v2\/pages\/4130\/revisions\/4299"}],"wp:attachment":[{"href":"https:\/\/pohromyakatastrofy.cz\/en\/wp-json\/wp\/v2\/media?parent=4130"}],"curies":[{"name":"wp","href":"https:\/\/api.w.org\/{rel}","templated":true}]}}