{"id":4132,"date":"2021-11-12T09:03:18","date_gmt":"2021-11-12T08:03:18","guid":{"rendered":"https:\/\/pohromyakatastrofy.cz\/mlyny\/"},"modified":"2025-01-07T11:45:25","modified_gmt":"2025-01-07T10:45:25","slug":"mlyny","status":"publish","type":"page","link":"https:\/\/pohromyakatastrofy.cz\/en\/mlyny\/","title":{"rendered":"Ml\u00fdny"},"content":{"rendered":"\t\t<div data-elementor-type=\"wp-page\" data-elementor-id=\"4132\" class=\"elementor elementor-4132 elementor-1607\" data-elementor-post-type=\"page\">\n\t\t\t\t\t\t<section class=\"elementor-section elementor-top-section elementor-element elementor-element-453c5d3 elementor-section-height-min-height elementor-section-boxed elementor-section-height-default elementor-section-items-middle\" data-id=\"453c5d3\" data-element_type=\"section\" data-settings=\"{&quot;background_background&quot;:&quot;classic&quot;}\">\n\t\t\t\t\t\t\t<div class=\"elementor-background-overlay\"><\/div>\n\t\t\t\t\t\t\t<div class=\"elementor-container elementor-column-gap-narrow\">\n\t\t\t\t\t<div class=\"elementor-column elementor-col-100 elementor-top-column elementor-element elementor-element-0e8da6d\" data-id=\"0e8da6d\" data-element_type=\"column\">\n\t\t\t<div class=\"elementor-widget-wrap elementor-element-populated\">\n\t\t\t\t\t\t<div class=\"elementor-element elementor-element-b121e5f elementor-widget elementor-widget-heading\" data-id=\"b121e5f\" data-element_type=\"widget\" data-widget_type=\"heading.default\">\n\t\t\t\t<div class=\"elementor-widget-container\">\n\t\t\t<h1 class=\"elementor-heading-title elementor-size-default\">Ml\u00fdny<\/h1>\t\t<\/div>\n\t\t\t\t<\/div>\n\t\t\t\t\t<\/div>\n\t\t<\/div>\n\t\t\t\t\t<\/div>\n\t\t<\/section>\n\t\t\t\t<section class=\"elementor-section elementor-top-section elementor-element elementor-element-f6a042d elementor-section-content-middle elementor-section-boxed elementor-section-height-default elementor-section-height-default\" data-id=\"f6a042d\" data-element_type=\"section\" data-settings=\"{&quot;background_background&quot;:&quot;classic&quot;}\">\n\t\t\t\t\t\t\t<div class=\"elementor-background-overlay\"><\/div>\n\t\t\t\t\t\t\t<div class=\"elementor-container elementor-column-gap-narrow\">\n\t\t\t\t\t<div class=\"elementor-column elementor-col-100 elementor-top-column elementor-element elementor-element-801a973\" data-id=\"801a973\" data-element_type=\"column\">\n\t\t\t<div class=\"elementor-widget-wrap elementor-element-populated\">\n\t\t\t\t\t\t<section class=\"elementor-section elementor-inner-section elementor-element elementor-element-b378f1f elementor-section-content-middle elementor-reverse-mobile elementor-section-boxed elementor-section-height-default elementor-section-height-default\" data-id=\"b378f1f\" data-element_type=\"section\">\n\t\t\t\t\t\t<div class=\"elementor-container elementor-column-gap-no\">\n\t\t\t\t\t<div class=\"elementor-column elementor-col-50 elementor-inner-column elementor-element elementor-element-6038cbb\" data-id=\"6038cbb\" data-element_type=\"column\">\n\t\t\t<div class=\"elementor-widget-wrap elementor-element-populated\">\n\t\t\t\t\t\t<div class=\"elementor-element elementor-element-c2b2655 elementor-widget elementor-widget-image\" data-id=\"c2b2655\" data-element_type=\"widget\" data-widget_type=\"image.default\">\n\t\t\t\t<div class=\"elementor-widget-container\">\n\t\t\t\t\t\t\t\t\t\t\t\t\t<img fetchpriority=\"high\" decoding=\"async\" width=\"2402\" height=\"1899\" src=\"https:\/\/pohromyakatastrofy.cz\/wp-content\/uploads\/2021\/11\/mill-226531.jpg\" class=\"attachment-full size-full wp-image-4023\" alt=\"\" srcset=\"https:\/\/pohromyakatastrofy.cz\/wp-content\/uploads\/2021\/11\/mill-226531.jpg 2402w, https:\/\/pohromyakatastrofy.cz\/wp-content\/uploads\/2021\/11\/mill-226531-300x237.jpg 300w, https:\/\/pohromyakatastrofy.cz\/wp-content\/uploads\/2021\/11\/mill-226531-1024x810.jpg 1024w, https:\/\/pohromyakatastrofy.cz\/wp-content\/uploads\/2021\/11\/mill-226531-768x607.jpg 768w, https:\/\/pohromyakatastrofy.cz\/wp-content\/uploads\/2021\/11\/mill-226531-600x474.jpg 600w, https:\/\/pohromyakatastrofy.cz\/wp-content\/uploads\/2021\/11\/mill-226531-200x158.jpg 200w, https:\/\/pohromyakatastrofy.cz\/wp-content\/uploads\/2021\/11\/mill-226531-1536x1214.jpg 1536w, https:\/\/pohromyakatastrofy.cz\/wp-content\/uploads\/2021\/11\/mill-226531-2048x1619.jpg 2048w\" sizes=\"(max-width: 2402px) 100vw, 2402px\" \/>\t\t\t\t\t\t\t\t\t\t\t\t\t<\/div>\n\t\t\t\t<\/div>\n\t\t\t\t\t<\/div>\n\t\t<\/div>\n\t\t\t\t<div class=\"elementor-column elementor-col-50 elementor-inner-column elementor-element elementor-element-ba65b98\" data-id=\"ba65b98\" data-element_type=\"column\">\n\t\t\t<div class=\"elementor-widget-wrap elementor-element-populated\">\n\t\t\t\t\t\t<div class=\"elementor-element elementor-element-5c29b59 elementor-widget elementor-widget-spacer\" data-id=\"5c29b59\" data-element_type=\"widget\" data-widget_type=\"spacer.default\">\n\t\t\t\t<div class=\"elementor-widget-container\">\n\t\t\t\t\t<div class=\"elementor-spacer\">\n\t\t\t<div class=\"elementor-spacer-inner\"><\/div>\n\t\t<\/div>\n\t\t\t\t<\/div>\n\t\t\t\t<\/div>\n\t\t\t\t<div class=\"elementor-element elementor-element-0886b53 elementor-widget elementor-widget-text-editor\" data-id=\"0886b53\" data-element_type=\"widget\" data-widget_type=\"text-editor.default\">\n\t\t\t\t<div class=\"elementor-widget-container\">\n\t\t\t\t\t\t\t<p>P\u016fsobiv\u00e1 l\u00ed\u010den\u00ed pusto\u0161iv\u00fdch po\u017e\u00e1r\u016f a ni\u010div\u00fdch povodn\u00ed \u010di ne\u00farod zp\u016fsoben\u00fdch z\u00e1plavami pln\u00ed str\u00e1nky kronik a tvo\u0159\u00ed neodmyslitelnou sou\u010d\u00e1st pam\u011bti krajiny.<\/p><p>Promy\u0161len\u00e1 v\u00fdstavba budov a pl\u00e1novit\u00e9 rozmis\u0165ov\u00e1n\u00ed \u0159emesln\u00fdch d\u00edlen a hospod\u00e1\u0159sk\u00fdch provoz\u016f, aby byla zaji\u0161t\u011bna co mo\u017en\u00e1 nejvy\u0161\u0161\u00ed po\u017e\u00e1rn\u00ed a protipovod\u0148ov\u00e1 ochrana, nejsou ani zdaleka novodobou z\u00e1le\u017eitost\u00ed. Protipo\u017e\u00e1rn\u00ed opat\u0159en\u00ed byla od konce st\u0159edov\u011bku b\u011b\u017enou sou\u010d\u00e1st\u00ed radn\u00edch vyhl\u00e1\u0161ek t\u00fdkaj\u00edc\u00edch se p\u0159\u00edprav na v\u00fdro\u010dn\u00ed trhy.<\/p><p>Zvl\u00e1\u0161tn\u00ed opat\u0159en\u00ed se uplat\u0148ovala i v \u0159ad\u011b \u0159emesln\u00fdch d\u00edlen a provoz\u016f. Jednou z t\u011bchto nebezpe\u010dn\u00fdch provozoven byl vodn\u00ed ml\u00fdn. Such\u00e1 a pra\u0161n\u00e1 ml\u00fdnice byla vysoce ho\u0159lav\u00fdm m\u00edstem. Venkovn\u00ed ml\u00fdnsk\u00e1 za\u0159\u00edzen\u00ed byla zase rizikov\u00e1 z hlediska regulace v\u00fd\u0161ky vodn\u00ed hladiny.<\/p>\t\t\t\t\t\t<\/div>\n\t\t\t\t<\/div>\n\t\t\t\t\t<\/div>\n\t\t<\/div>\n\t\t\t\t\t<\/div>\n\t\t<\/section>\n\t\t\t\t\t<\/div>\n\t\t<\/div>\n\t\t\t\t\t<\/div>\n\t\t<\/section>\n\t\t\t\t<section class=\"elementor-section elementor-top-section elementor-element elementor-element-4cff8ad elementor-section-stretched elementor-section-boxed elementor-section-height-default elementor-section-height-default\" data-id=\"4cff8ad\" data-element_type=\"section\" data-settings=\"{&quot;stretch_section&quot;:&quot;section-stretched&quot;,&quot;background_background&quot;:&quot;classic&quot;}\">\n\t\t\t\t\t\t\t<div class=\"elementor-background-overlay\"><\/div>\n\t\t\t\t\t\t\t<div class=\"elementor-container elementor-column-gap-extended\">\n\t\t\t\t\t<div class=\"elementor-column elementor-col-100 elementor-top-column elementor-element elementor-element-33fac63\" data-id=\"33fac63\" data-element_type=\"column\">\n\t\t\t<div class=\"elementor-widget-wrap elementor-element-populated\">\n\t\t\t\t\t\t<div class=\"elementor-element elementor-element-83ee05f elementor-widget elementor-widget-spacer\" data-id=\"83ee05f\" data-element_type=\"widget\" data-widget_type=\"spacer.default\">\n\t\t\t\t<div class=\"elementor-widget-container\">\n\t\t\t\t\t<div class=\"elementor-spacer\">\n\t\t\t<div class=\"elementor-spacer-inner\"><\/div>\n\t\t<\/div>\n\t\t\t\t<\/div>\n\t\t\t\t<\/div>\n\t\t\t\t<div class=\"elementor-element elementor-element-40103fe elementor-widget elementor-widget-webify-text-block-with-button-widget\" data-id=\"40103fe\" data-element_type=\"widget\" data-widget_type=\"webify-text-block-with-button-widget.default\">\n\t\t\t\t<div class=\"elementor-widget-container\">\n\t\t\t        <div class=\"tb-token-text-wrap tb-section-heading\">\n          <div class=\"tb-token-text\">\n                          <h2 class=\"tb-f36-lg tb-f30-sm tb-font-name tb-big-heading tb-mb3 tb-mt-5\">Pramenn\u00fd rozcestn\u00edk<\/h2>\n              <div class=\"empty-space marg-lg-b15\"><\/div>\n                                                  <a href=\"\/pramenny-rozcestnik\" target=\"_self\" class=\"tb-btn tb-btn-primary tb-style3 tb-color6\">P\u0159ej\u00edt na<\/a>\n                      <\/div>\n        <\/div>\n        \t\t<\/div>\n\t\t\t\t<\/div>\n\t\t\t\t<div class=\"elementor-element elementor-element-5142f32 elementor-widget elementor-widget-spacer\" data-id=\"5142f32\" data-element_type=\"widget\" data-widget_type=\"spacer.default\">\n\t\t\t\t<div class=\"elementor-widget-container\">\n\t\t\t\t\t<div class=\"elementor-spacer\">\n\t\t\t<div class=\"elementor-spacer-inner\"><\/div>\n\t\t<\/div>\n\t\t\t\t<\/div>\n\t\t\t\t<\/div>\n\t\t\t\t\t<\/div>\n\t\t<\/div>\n\t\t\t\t\t<\/div>\n\t\t<\/section>\n\t\t\t\t<\/div>\n\t\t","protected":false},"excerpt":{"rendered":"<p>Ml\u00fdny P\u016fsobiv\u00e1 l\u00ed\u010den\u00ed pusto\u0161iv\u00fdch po\u017e\u00e1r\u016f a ni\u010div\u00fdch povodn\u00ed \u010di ne\u00farod zp\u016fsoben\u00fdch z\u00e1plavami pln\u00ed str\u00e1nky kronik a tvo\u0159\u00ed neodmyslitelnou sou\u010d\u00e1st pam\u011bti krajiny. Promy\u0161len\u00e1 v\u00fdstavba budov a pl\u00e1novit\u00e9 rozmis\u0165ov\u00e1n\u00ed \u0159emesln\u00fdch d\u00edlen a hospod\u00e1\u0159sk\u00fdch provoz\u016f, aby byla zaji\u0161t\u011bna co mo\u017en\u00e1 nejvy\u0161\u0161\u00ed po\u017e\u00e1rn\u00ed a protipovod\u0148ov\u00e1 ochrana, nejsou ani zdaleka novodobou z\u00e1le\u017eitost\u00ed. Protipo\u017e\u00e1rn\u00ed opat\u0159en\u00ed byla od konce st\u0159edov\u011bku b\u011b\u017enou sou\u010d\u00e1st\u00ed [&hellip;]<\/p>\n","protected":false},"author":2,"featured_media":0,"parent":0,"menu_order":0,"comment_status":"closed","ping_status":"closed","template":"elementor_header_footer","meta":{"_acf_changed":false,"footnotes":""},"class_list":["post-4132","page","type-page","status-publish","hentry"],"acf":[],"yoast_head":"<!-- This site is optimized with the Yoast SEO plugin v27.4 - https:\/\/yoast.com\/product\/yoast-seo-wordpress\/ -->\n<title>Ml\u00fdny - Katastrofy<\/title>\n<meta name=\"robots\" content=\"index, follow, max-snippet:-1, max-image-preview:large, max-video-preview:-1\" \/>\n<link rel=\"canonical\" href=\"https:\/\/pohromyakatastrofy.cz\/en\/mlyny\/\" \/>\n<meta property=\"og:locale\" content=\"en_US\" \/>\n<meta property=\"og:type\" content=\"article\" \/>\n<meta property=\"og:title\" content=\"Ml\u00fdny - Katastrofy\" \/>\n<meta property=\"og:description\" content=\"Ml\u00fdny P\u016fsobiv\u00e1 l\u00ed\u010den\u00ed pusto\u0161iv\u00fdch po\u017e\u00e1r\u016f a ni\u010div\u00fdch povodn\u00ed \u010di ne\u00farod zp\u016fsoben\u00fdch z\u00e1plavami pln\u00ed str\u00e1nky kronik a tvo\u0159\u00ed neodmyslitelnou sou\u010d\u00e1st pam\u011bti krajiny. Promy\u0161len\u00e1 v\u00fdstavba budov a pl\u00e1novit\u00e9 rozmis\u0165ov\u00e1n\u00ed \u0159emesln\u00fdch d\u00edlen a hospod\u00e1\u0159sk\u00fdch provoz\u016f, aby byla zaji\u0161t\u011bna co mo\u017en\u00e1 nejvy\u0161\u0161\u00ed po\u017e\u00e1rn\u00ed a protipovod\u0148ov\u00e1 ochrana, nejsou ani zdaleka novodobou z\u00e1le\u017eitost\u00ed. Protipo\u017e\u00e1rn\u00ed opat\u0159en\u00ed byla od konce st\u0159edov\u011bku b\u011b\u017enou sou\u010d\u00e1st\u00ed [&hellip;]\" \/>\n<meta property=\"og:url\" content=\"https:\/\/pohromyakatastrofy.cz\/en\/mlyny\/\" \/>\n<meta property=\"og:site_name\" content=\"Katastrofy\" \/>\n<meta property=\"article:modified_time\" content=\"2025-01-07T10:45:25+00:00\" \/>\n<meta property=\"og:image\" content=\"http:\/\/pohromyakatastrofy.cz\/wp-content\/uploads\/2021\/11\/mill-226531.jpg\" \/>\n<meta name=\"twitter:card\" content=\"summary_large_image\" \/>\n<meta name=\"twitter:label1\" content=\"Est. reading time\" \/>\n\t<meta name=\"twitter:data1\" content=\"1 minute\" \/>\n<script type=\"application\/ld+json\" class=\"yoast-schema-graph\">{\"@context\":\"https:\\\/\\\/schema.org\",\"@graph\":[{\"@type\":\"WebPage\",\"@id\":\"https:\\\/\\\/pohromyakatastrofy.cz\\\/en\\\/mlyny\\\/\",\"url\":\"https:\\\/\\\/pohromyakatastrofy.cz\\\/en\\\/mlyny\\\/\",\"name\":\"Ml\u00fdny - Katastrofy\",\"isPartOf\":{\"@id\":\"https:\\\/\\\/pohromyakatastrofy.cz\\\/en\\\/#website\"},\"primaryImageOfPage\":{\"@id\":\"https:\\\/\\\/pohromyakatastrofy.cz\\\/en\\\/mlyny\\\/#primaryimage\"},\"image\":{\"@id\":\"https:\\\/\\\/pohromyakatastrofy.cz\\\/en\\\/mlyny\\\/#primaryimage\"},\"thumbnailUrl\":\"http:\\\/\\\/pohromyakatastrofy.cz\\\/wp-content\\\/uploads\\\/2021\\\/11\\\/mill-226531.jpg\",\"datePublished\":\"2021-11-12T08:03:18+00:00\",\"dateModified\":\"2025-01-07T10:45:25+00:00\",\"breadcrumb\":{\"@id\":\"https:\\\/\\\/pohromyakatastrofy.cz\\\/en\\\/mlyny\\\/#breadcrumb\"},\"inLanguage\":\"en-US\",\"potentialAction\":[{\"@type\":\"ReadAction\",\"target\":[\"https:\\\/\\\/pohromyakatastrofy.cz\\\/en\\\/mlyny\\\/\"]}]},{\"@type\":\"ImageObject\",\"inLanguage\":\"en-US\",\"@id\":\"https:\\\/\\\/pohromyakatastrofy.cz\\\/en\\\/mlyny\\\/#primaryimage\",\"url\":\"http:\\\/\\\/pohromyakatastrofy.cz\\\/wp-content\\\/uploads\\\/2021\\\/11\\\/mill-226531.jpg\",\"contentUrl\":\"http:\\\/\\\/pohromyakatastrofy.cz\\\/wp-content\\\/uploads\\\/2021\\\/11\\\/mill-226531.jpg\"},{\"@type\":\"BreadcrumbList\",\"@id\":\"https:\\\/\\\/pohromyakatastrofy.cz\\\/en\\\/mlyny\\\/#breadcrumb\",\"itemListElement\":[{\"@type\":\"ListItem\",\"position\":1,\"name\":\"Dom\u016f\",\"item\":\"https:\\\/\\\/pohromyakatastrofy.cz\\\/en\\\/\"},{\"@type\":\"ListItem\",\"position\":2,\"name\":\"Ml\u00fdny\"}]},{\"@type\":\"WebSite\",\"@id\":\"https:\\\/\\\/pohromyakatastrofy.cz\\\/en\\\/#website\",\"url\":\"https:\\\/\\\/pohromyakatastrofy.cz\\\/en\\\/\",\"name\":\"Katastrofy\",\"description\":\"Voda a ohe\u0148 \u2013 \u017eivly zkrocen\u00e9 nebo ni\u010d\u00edc\u00ed? Vypr\u00e1v\u011bn\u00ed versus realita?\",\"publisher\":{\"@id\":\"https:\\\/\\\/pohromyakatastrofy.cz\\\/en\\\/#organization\"},\"potentialAction\":[{\"@type\":\"SearchAction\",\"target\":{\"@type\":\"EntryPoint\",\"urlTemplate\":\"https:\\\/\\\/pohromyakatastrofy.cz\\\/en\\\/?s={search_term_string}\"},\"query-input\":{\"@type\":\"PropertyValueSpecification\",\"valueRequired\":true,\"valueName\":\"search_term_string\"}}],\"inLanguage\":\"en-US\"},{\"@type\":\"Organization\",\"@id\":\"https:\\\/\\\/pohromyakatastrofy.cz\\\/en\\\/#organization\",\"name\":\"Historick\u00fd \u00fastav AV \u010cR, v. v. i.\",\"url\":\"https:\\\/\\\/pohromyakatastrofy.cz\\\/en\\\/\",\"logo\":{\"@type\":\"ImageObject\",\"inLanguage\":\"en-US\",\"@id\":\"https:\\\/\\\/pohromyakatastrofy.cz\\\/en\\\/#\\\/schema\\\/logo\\\/image\\\/\",\"url\":\"https:\\\/\\\/pohromyakatastrofy.cz\\\/wp-content\\\/uploads\\\/2021\\\/11\\\/logo-HU.jpg\",\"contentUrl\":\"https:\\\/\\\/pohromyakatastrofy.cz\\\/wp-content\\\/uploads\\\/2021\\\/11\\\/logo-HU.jpg\",\"width\":1916,\"height\":351,\"caption\":\"Historick\u00fd \u00fastav AV \u010cR, v. v. i.\"},\"image\":{\"@id\":\"https:\\\/\\\/pohromyakatastrofy.cz\\\/en\\\/#\\\/schema\\\/logo\\\/image\\\/\"}}]}<\/script>\n<!-- \/ Yoast SEO plugin. -->","yoast_head_json":{"title":"Ml\u00fdny - Katastrofy","robots":{"index":"index","follow":"follow","max-snippet":"max-snippet:-1","max-image-preview":"max-image-preview:large","max-video-preview":"max-video-preview:-1"},"canonical":"https:\/\/pohromyakatastrofy.cz\/en\/mlyny\/","og_locale":"en_US","og_type":"article","og_title":"Ml\u00fdny - Katastrofy","og_description":"Ml\u00fdny P\u016fsobiv\u00e1 l\u00ed\u010den\u00ed pusto\u0161iv\u00fdch po\u017e\u00e1r\u016f a ni\u010div\u00fdch povodn\u00ed \u010di ne\u00farod zp\u016fsoben\u00fdch z\u00e1plavami pln\u00ed str\u00e1nky kronik a tvo\u0159\u00ed neodmyslitelnou sou\u010d\u00e1st pam\u011bti krajiny. Promy\u0161len\u00e1 v\u00fdstavba budov a pl\u00e1novit\u00e9 rozmis\u0165ov\u00e1n\u00ed \u0159emesln\u00fdch d\u00edlen a hospod\u00e1\u0159sk\u00fdch provoz\u016f, aby byla zaji\u0161t\u011bna co mo\u017en\u00e1 nejvy\u0161\u0161\u00ed po\u017e\u00e1rn\u00ed a protipovod\u0148ov\u00e1 ochrana, nejsou ani zdaleka novodobou z\u00e1le\u017eitost\u00ed. Protipo\u017e\u00e1rn\u00ed opat\u0159en\u00ed byla od konce st\u0159edov\u011bku b\u011b\u017enou sou\u010d\u00e1st\u00ed [&hellip;]","og_url":"https:\/\/pohromyakatastrofy.cz\/en\/mlyny\/","og_site_name":"Katastrofy","article_modified_time":"2025-01-07T10:45:25+00:00","og_image":[{"url":"http:\/\/pohromyakatastrofy.cz\/wp-content\/uploads\/2021\/11\/mill-226531.jpg","type":"","width":"","height":""}],"twitter_card":"summary_large_image","twitter_misc":{"Est. reading time":"1 minute"},"schema":{"@context":"https:\/\/schema.org","@graph":[{"@type":"WebPage","@id":"https:\/\/pohromyakatastrofy.cz\/en\/mlyny\/","url":"https:\/\/pohromyakatastrofy.cz\/en\/mlyny\/","name":"Ml\u00fdny - Katastrofy","isPartOf":{"@id":"https:\/\/pohromyakatastrofy.cz\/en\/#website"},"primaryImageOfPage":{"@id":"https:\/\/pohromyakatastrofy.cz\/en\/mlyny\/#primaryimage"},"image":{"@id":"https:\/\/pohromyakatastrofy.cz\/en\/mlyny\/#primaryimage"},"thumbnailUrl":"http:\/\/pohromyakatastrofy.cz\/wp-content\/uploads\/2021\/11\/mill-226531.jpg","datePublished":"2021-11-12T08:03:18+00:00","dateModified":"2025-01-07T10:45:25+00:00","breadcrumb":{"@id":"https:\/\/pohromyakatastrofy.cz\/en\/mlyny\/#breadcrumb"},"inLanguage":"en-US","potentialAction":[{"@type":"ReadAction","target":["https:\/\/pohromyakatastrofy.cz\/en\/mlyny\/"]}]},{"@type":"ImageObject","inLanguage":"en-US","@id":"https:\/\/pohromyakatastrofy.cz\/en\/mlyny\/#primaryimage","url":"http:\/\/pohromyakatastrofy.cz\/wp-content\/uploads\/2021\/11\/mill-226531.jpg","contentUrl":"http:\/\/pohromyakatastrofy.cz\/wp-content\/uploads\/2021\/11\/mill-226531.jpg"},{"@type":"BreadcrumbList","@id":"https:\/\/pohromyakatastrofy.cz\/en\/mlyny\/#breadcrumb","itemListElement":[{"@type":"ListItem","position":1,"name":"Dom\u016f","item":"https:\/\/pohromyakatastrofy.cz\/en\/"},{"@type":"ListItem","position":2,"name":"Ml\u00fdny"}]},{"@type":"WebSite","@id":"https:\/\/pohromyakatastrofy.cz\/en\/#website","url":"https:\/\/pohromyakatastrofy.cz\/en\/","name":"Katastrofy","description":"Voda a ohe\u0148 \u2013 \u017eivly zkrocen\u00e9 nebo ni\u010d\u00edc\u00ed? Vypr\u00e1v\u011bn\u00ed versus realita?","publisher":{"@id":"https:\/\/pohromyakatastrofy.cz\/en\/#organization"},"potentialAction":[{"@type":"SearchAction","target":{"@type":"EntryPoint","urlTemplate":"https:\/\/pohromyakatastrofy.cz\/en\/?s={search_term_string}"},"query-input":{"@type":"PropertyValueSpecification","valueRequired":true,"valueName":"search_term_string"}}],"inLanguage":"en-US"},{"@type":"Organization","@id":"https:\/\/pohromyakatastrofy.cz\/en\/#organization","name":"Historick\u00fd \u00fastav AV \u010cR, v. v. i.","url":"https:\/\/pohromyakatastrofy.cz\/en\/","logo":{"@type":"ImageObject","inLanguage":"en-US","@id":"https:\/\/pohromyakatastrofy.cz\/en\/#\/schema\/logo\/image\/","url":"https:\/\/pohromyakatastrofy.cz\/wp-content\/uploads\/2021\/11\/logo-HU.jpg","contentUrl":"https:\/\/pohromyakatastrofy.cz\/wp-content\/uploads\/2021\/11\/logo-HU.jpg","width":1916,"height":351,"caption":"Historick\u00fd \u00fastav AV \u010cR, v. v. i."},"image":{"@id":"https:\/\/pohromyakatastrofy.cz\/en\/#\/schema\/logo\/image\/"}}]}},"_links":{"self":[{"href":"https:\/\/pohromyakatastrofy.cz\/en\/wp-json\/wp\/v2\/pages\/4132","targetHints":{"allow":["GET"]}}],"collection":[{"href":"https:\/\/pohromyakatastrofy.cz\/en\/wp-json\/wp\/v2\/pages"}],"about":[{"href":"https:\/\/pohromyakatastrofy.cz\/en\/wp-json\/wp\/v2\/types\/page"}],"author":[{"embeddable":true,"href":"https:\/\/pohromyakatastrofy.cz\/en\/wp-json\/wp\/v2\/users\/2"}],"replies":[{"embeddable":true,"href":"https:\/\/pohromyakatastrofy.cz\/en\/wp-json\/wp\/v2\/comments?post=4132"}],"version-history":[{"count":1,"href":"https:\/\/pohromyakatastrofy.cz\/en\/wp-json\/wp\/v2\/pages\/4132\/revisions"}],"predecessor-version":[{"id":4301,"href":"https:\/\/pohromyakatastrofy.cz\/en\/wp-json\/wp\/v2\/pages\/4132\/revisions\/4301"}],"wp:attachment":[{"href":"https:\/\/pohromyakatastrofy.cz\/en\/wp-json\/wp\/v2\/media?parent=4132"}],"curies":[{"name":"wp","href":"https:\/\/api.w.org\/{rel}","templated":true}]}}