{"id":4133,"date":"2021-12-01T12:53:23","date_gmt":"2021-12-01T11:53:23","guid":{"rendered":"https:\/\/pohromyakatastrofy.cz\/mlyny-mezi-dvema-zivly\/"},"modified":"2021-12-01T12:53:23","modified_gmt":"2021-12-01T11:53:23","slug":"mlyny-mezi-dvema-zivly","status":"publish","type":"page","link":"https:\/\/pohromyakatastrofy.cz\/en\/mlyny-mezi-dvema-zivly\/","title":{"rendered":"Ml\u00fdny mezi dv\u011bma \u017eivly"},"content":{"rendered":"\t\t<div data-elementor-type=\"wp-page\" data-elementor-id=\"4133\" class=\"elementor elementor-4133 elementor-2892\" data-elementor-post-type=\"page\">\n\t\t\t\t\t\t<section class=\"elementor-section elementor-top-section elementor-element elementor-element-0d69904 elementor-section-height-min-height elementor-section-boxed elementor-section-height-default elementor-section-items-middle\" data-id=\"0d69904\" data-element_type=\"section\" data-settings=\"{&quot;background_background&quot;:&quot;classic&quot;}\">\n\t\t\t\t\t\t\t<div class=\"elementor-background-overlay\"><\/div>\n\t\t\t\t\t\t\t<div class=\"elementor-container elementor-column-gap-narrow\">\n\t\t\t\t\t<div class=\"elementor-column elementor-col-100 elementor-top-column elementor-element elementor-element-0ef2c32\" data-id=\"0ef2c32\" data-element_type=\"column\">\n\t\t\t<div class=\"elementor-widget-wrap elementor-element-populated\">\n\t\t\t\t\t\t<div class=\"elementor-element elementor-element-4e4d2a9 elementor-widget elementor-widget-heading\" data-id=\"4e4d2a9\" data-element_type=\"widget\" data-widget_type=\"heading.default\">\n\t\t\t\t<div class=\"elementor-widget-container\">\n\t\t\t<h1 class=\"elementor-heading-title elementor-size-default\">Ml\u00fdny mezi dv\u011bma \u017eivly<\/h1>\t\t<\/div>\n\t\t\t\t<\/div>\n\t\t\t\t\t<\/div>\n\t\t<\/div>\n\t\t\t\t\t<\/div>\n\t\t<\/section>\n\t\t\t\t<section class=\"elementor-section elementor-top-section elementor-element elementor-element-98e40ae elementor-section-content-middle elementor-reverse-mobile elementor-reverse-tablet elementor-section-boxed elementor-section-height-default elementor-section-height-default\" data-id=\"98e40ae\" data-element_type=\"section\">\n\t\t\t\t\t\t<div class=\"elementor-container elementor-column-gap-narrow\">\n\t\t\t\t\t<div class=\"elementor-column elementor-col-50 elementor-top-column elementor-element elementor-element-a33106e\" data-id=\"a33106e\" data-element_type=\"column\">\n\t\t\t<div class=\"elementor-widget-wrap elementor-element-populated\">\n\t\t\t\t\t\t<div class=\"elementor-element elementor-element-76737d6 elementor-widget elementor-widget-image\" data-id=\"76737d6\" data-element_type=\"widget\" data-settings=\"{&quot;_animation&quot;:&quot;none&quot;}\" data-widget_type=\"image.default\">\n\t\t\t\t<div class=\"elementor-widget-container\">\n\t\t\t\t\t\t\t\t\t\t\t\t\t<img fetchpriority=\"high\" decoding=\"async\" width=\"500\" height=\"500\" src=\"https:\/\/pohromyakatastrofy.cz\/wp-content\/uploads\/2022\/02\/mlyny-mezi-dvema-zivly.png\" class=\"attachment-large size-large wp-image-4119\" alt=\"\" srcset=\"https:\/\/pohromyakatastrofy.cz\/wp-content\/uploads\/2022\/02\/mlyny-mezi-dvema-zivly.png 500w, https:\/\/pohromyakatastrofy.cz\/wp-content\/uploads\/2022\/02\/mlyny-mezi-dvema-zivly-300x300.png 300w, https:\/\/pohromyakatastrofy.cz\/wp-content\/uploads\/2022\/02\/mlyny-mezi-dvema-zivly-150x150.png 150w, https:\/\/pohromyakatastrofy.cz\/wp-content\/uploads\/2022\/02\/mlyny-mezi-dvema-zivly-200x200.png 200w, https:\/\/pohromyakatastrofy.cz\/wp-content\/uploads\/2022\/02\/mlyny-mezi-dvema-zivly-50x50.png 50w, https:\/\/pohromyakatastrofy.cz\/wp-content\/uploads\/2022\/02\/mlyny-mezi-dvema-zivly-100x100.png 100w\" sizes=\"(max-width: 500px) 100vw, 500px\" \/>\t\t\t\t\t\t\t\t\t\t\t\t\t<\/div>\n\t\t\t\t<\/div>\n\t\t\t\t\t<\/div>\n\t\t<\/div>\n\t\t\t\t<div class=\"elementor-column elementor-col-50 elementor-top-column elementor-element elementor-element-bbe1ead\" data-id=\"bbe1ead\" data-element_type=\"column\">\n\t\t\t<div class=\"elementor-widget-wrap elementor-element-populated\">\n\t\t\t\t\t\t<div class=\"elementor-element elementor-element-fe19a23 elementor-widget elementor-widget-text-editor\" data-id=\"fe19a23\" data-element_type=\"widget\" data-widget_type=\"text-editor.default\">\n\t\t\t\t<div class=\"elementor-widget-container\">\n\t\t\t\t\t\t\t<p>Ml\u00fdny byly poh\u00e1n\u011bny r\u016fzn\u00fdmi druhy energie, av\u0161ak nejroz\u0161\u00ed\u0159en\u011bj\u0161\u00edm a nejzn\u00e1m\u011bj\u0161\u00edm se v na\u0161ich p\u0159\u00edrodn\u00edch podm\u00ednk\u00e1ch stal pr\u00e1v\u011b ml\u00fdn vodn\u00ed. Star\u00fd \u010desk\u00fd ml\u00fdn jako dokonal\u00e9 technick\u00e9 p\u0159edindustri\u00e1ln\u00ed za\u0159\u00edzen\u00ed dok\u00e1zal vyu\u017e\u00edt s\u00edlu drobn\u00fdch vodote\u010d\u00ed i velk\u00fdch \u0159ek, pracoval sez\u00f3nn\u011b v z\u00e1vislosti na vod\u011b, kter\u00e9 mu doslova spadla z nebe, av\u0161ak \u00fapln\u011b bez pomoci vodn\u00edch sil by mlyn\u00e1\u0159 jen t\u011b\u017eko rozpohyboval mohutn\u00e9 mlec\u00ed kameny a p\u0159im\u011bl je k sem\u00edl\u00e1n\u00ed zrna na nepostradatelnou mouku. Voda byla pro ml\u00fdn darem i proklet\u00edm, dok\u00e1zala mu vdechnout \u017eivot, stejn\u011b jako jej um\u011bla \u00fapln\u011b zni\u010dit. Pro mlyn\u00e1\u0159e byla v\u00edtan\u00fdm pomocn\u00edkem i nezvan\u00fdm hostem, kter\u00fd mu nejednou usiloval o \u017eivot.<\/p><p>C\u00edlem projektu by m\u011blo b\u00fdt zd\u016frazn\u011bn\u00ed v\u00fdznamu \u201c\u017eiv\u00e9 vody\u201d pro v\u00fdstavbu a lokaci vodn\u00edch ml\u00fdn\u016f, vysv\u011btlen\u00ed, jak krajinn\u00e9 prvky a povaha ter\u00e9nu p\u0159edur\u010dovaly pou\u017eitou ml\u00fdnskou technologii a co v\u0161echno voda na ml\u00fdn\u011b (a ve ml\u00fdn\u011b) dok\u00e1zala. <\/p>\t\t\t\t\t\t<\/div>\n\t\t\t\t<\/div>\n\t\t\t\t\t<\/div>\n\t\t<\/div>\n\t\t\t\t\t<\/div>\n\t\t<\/section>\n\t\t\t\t<section class=\"elementor-section elementor-top-section elementor-element elementor-element-87d0698 elementor-section-content-middle elementor-section-boxed elementor-section-height-default elementor-section-height-default\" data-id=\"87d0698\" data-element_type=\"section\">\n\t\t\t\t\t\t<div class=\"elementor-container elementor-column-gap-narrow\">\n\t\t\t\t\t<div class=\"elementor-column elementor-col-50 elementor-top-column elementor-element elementor-element-ee80e91\" data-id=\"ee80e91\" data-element_type=\"column\">\n\t\t\t<div class=\"elementor-widget-wrap elementor-element-populated\">\n\t\t\t\t\t\t<div class=\"elementor-element elementor-element-b221918 elementor-widget elementor-widget-heading\" data-id=\"b221918\" data-element_type=\"widget\" data-widget_type=\"heading.default\">\n\t\t\t\t<div class=\"elementor-widget-container\">\n\t\t\t<h2 class=\"elementor-heading-title elementor-size-default\">Pramenn\u00fd rozcestn\u00edk<\/h2>\t\t<\/div>\n\t\t\t\t<\/div>\n\t\t\t\t<div class=\"elementor-element elementor-element-d856e14 elementor-widget elementor-widget-text-editor\" data-id=\"d856e14\" data-element_type=\"widget\" data-widget_type=\"text-editor.default\">\n\t\t\t\t<div class=\"elementor-widget-container\">\n\t\t\t\t\t\t\t<p>Nejd\u016fle\u017eit\u011bj\u0161\u00ed a \u010dasto nejslo\u017eit\u011bj\u0161\u00ed \u010d\u00e1st\u00ed ka\u017ed\u00e9ho v\u011bdeck\u00e9ho v\u00fdzkumu je shrom\u00e1\u017ed\u011bn\u00ed, zpracov\u00e1n\u00ed a interpretace vhodn\u00fdch pramen\u016f. Orientace v archivn\u00edch pramenech, jejich ulo\u017een\u00ed a t\u00e9matick\u00e9m zam\u011b\u0159en\u00ed je ov\u0161em \u010dasto o\u0159\u00ed\u0161kem i pro samotn\u00e9ho historika. V r\u00e1mci v\u00fdzkumu vodn\u00edch ml\u00fdn\u016f tak vznikla jednoduch\u00e1 online aplikace, kter\u00e1 by m\u011bla pomoci nasm\u011brovat badatele zab\u00fdvaj\u00edc\u00edho se katastrofami ve st\u0159edov\u011bku a ran\u00e9m novov\u011bku t\u00edm spr\u00e1vn\u00fdm sm\u011brem.<\/p>\t\t\t\t\t\t<\/div>\n\t\t\t\t<\/div>\n\t\t\t\t\t<\/div>\n\t\t<\/div>\n\t\t\t\t<div class=\"elementor-column elementor-col-50 elementor-top-column elementor-element elementor-element-f10e8d7\" data-id=\"f10e8d7\" data-element_type=\"column\">\n\t\t\t<div class=\"elementor-widget-wrap elementor-element-populated\">\n\t\t\t\t\t\t<div class=\"elementor-element elementor-element-92d791c elementor-widget elementor-widget-image\" data-id=\"92d791c\" data-element_type=\"widget\" data-settings=\"{&quot;_animation&quot;:&quot;none&quot;}\" data-widget_type=\"image.default\">\n\t\t\t\t<div class=\"elementor-widget-container\">\n\t\t\t\t\t\t\t\t\t\t\t\t\t<img decoding=\"async\" width=\"500\" height=\"500\" src=\"https:\/\/pohromyakatastrofy.cz\/wp-content\/uploads\/2022\/02\/navrhu-mlyny-mezi-dvema-zivly-rozcestnik.png\" class=\"attachment-large size-large wp-image-4120\" alt=\"\" srcset=\"https:\/\/pohromyakatastrofy.cz\/wp-content\/uploads\/2022\/02\/navrhu-mlyny-mezi-dvema-zivly-rozcestnik.png 500w, https:\/\/pohromyakatastrofy.cz\/wp-content\/uploads\/2022\/02\/navrhu-mlyny-mezi-dvema-zivly-rozcestnik-300x300.png 300w, https:\/\/pohromyakatastrofy.cz\/wp-content\/uploads\/2022\/02\/navrhu-mlyny-mezi-dvema-zivly-rozcestnik-150x150.png 150w, https:\/\/pohromyakatastrofy.cz\/wp-content\/uploads\/2022\/02\/navrhu-mlyny-mezi-dvema-zivly-rozcestnik-200x200.png 200w, https:\/\/pohromyakatastrofy.cz\/wp-content\/uploads\/2022\/02\/navrhu-mlyny-mezi-dvema-zivly-rozcestnik-50x50.png 50w, https:\/\/pohromyakatastrofy.cz\/wp-content\/uploads\/2022\/02\/navrhu-mlyny-mezi-dvema-zivly-rozcestnik-100x100.png 100w\" sizes=\"(max-width: 500px) 100vw, 500px\" \/>\t\t\t\t\t\t\t\t\t\t\t\t\t<\/div>\n\t\t\t\t<\/div>\n\t\t\t\t\t<\/div>\n\t\t<\/div>\n\t\t\t\t\t<\/div>\n\t\t<\/section>\n\t\t\t\t<section class=\"elementor-section elementor-top-section elementor-element elementor-element-ff1fc6f elementor-section-content-middle elementor-section-boxed elementor-section-height-default elementor-section-height-default\" data-id=\"ff1fc6f\" data-element_type=\"section\">\n\t\t\t\t\t\t<div class=\"elementor-container elementor-column-gap-narrow\">\n\t\t\t\t\t<div class=\"elementor-column elementor-col-50 elementor-top-column elementor-element elementor-element-76e9b9c\" data-id=\"76e9b9c\" data-element_type=\"column\">\n\t\t\t<div class=\"elementor-widget-wrap elementor-element-populated\">\n\t\t\t\t\t\t<div class=\"elementor-element elementor-element-d4b808d elementor-position-left left_box elementor-vertical-align-top elementor-widget elementor-widget-image-box\" data-id=\"d4b808d\" data-element_type=\"widget\" data-widget_type=\"image-box.default\">\n\t\t\t\t<div class=\"elementor-widget-container\">\n\t\t\t<div class=\"elementor-image-box-wrapper\"><figure class=\"elementor-image-box-img\"><a href=\"\/rybniky-jako-potencialni-nebezpeci\/\" tabindex=\"-1\"><img decoding=\"async\" width=\"2448\" height=\"1836\" src=\"https:\/\/pohromyakatastrofy.cz\/wp-content\/uploads\/2021\/11\/rybnik_compressed.jpg\" class=\"attachment-full size-full wp-image-605\" alt=\"\" srcset=\"https:\/\/pohromyakatastrofy.cz\/wp-content\/uploads\/2021\/11\/rybnik_compressed.jpg 2448w, https:\/\/pohromyakatastrofy.cz\/wp-content\/uploads\/2021\/11\/rybnik_compressed-300x225.jpg 300w, https:\/\/pohromyakatastrofy.cz\/wp-content\/uploads\/2021\/11\/rybnik_compressed-1024x768.jpg 1024w, https:\/\/pohromyakatastrofy.cz\/wp-content\/uploads\/2021\/11\/rybnik_compressed-768x576.jpg 768w, https:\/\/pohromyakatastrofy.cz\/wp-content\/uploads\/2021\/11\/rybnik_compressed-600x450.jpg 600w, https:\/\/pohromyakatastrofy.cz\/wp-content\/uploads\/2021\/11\/rybnik_compressed-200x150.jpg 200w, https:\/\/pohromyakatastrofy.cz\/wp-content\/uploads\/2021\/11\/rybnik_compressed-1536x1152.jpg 1536w, https:\/\/pohromyakatastrofy.cz\/wp-content\/uploads\/2021\/11\/rybnik_compressed-2048x1536.jpg 2048w\" sizes=\"(max-width: 2448px) 100vw, 2448px\" \/><\/a><\/figure><div class=\"elementor-image-box-content\"><span class=\"elementor-image-box-title\"><a href=\"\/rybniky-jako-potencialni-nebezpeci\/\">P\u0159edchoz\u00ed t\u00e9ma<\/a><\/span><p class=\"elementor-image-box-description\">Rybn\u00edky jako potenci\u00e1ln\u00ed nebezpe\u010d\u00ed<\/p><\/div><\/div>\t\t<\/div>\n\t\t\t\t<\/div>\n\t\t\t\t\t<\/div>\n\t\t<\/div>\n\t\t\t\t<div class=\"elementor-column elementor-col-50 elementor-top-column elementor-element elementor-element-84ce2aa right_box\" data-id=\"84ce2aa\" data-element_type=\"column\">\n\t\t\t<div class=\"elementor-widget-wrap\">\n\t\t\t\t\t\t\t<\/div>\n\t\t<\/div>\n\t\t\t\t\t<\/div>\n\t\t<\/section>\n\t\t\t\t<\/div>\n\t\t","protected":false},"excerpt":{"rendered":"<p>Ml\u00fdny mezi dv\u011bma \u017eivly Ml\u00fdny byly poh\u00e1n\u011bny r\u016fzn\u00fdmi druhy energie, av\u0161ak nejroz\u0161\u00ed\u0159en\u011bj\u0161\u00edm a nejzn\u00e1m\u011bj\u0161\u00edm se v na\u0161ich p\u0159\u00edrodn\u00edch podm\u00ednk\u00e1ch stal pr\u00e1v\u011b ml\u00fdn vodn\u00ed. Star\u00fd \u010desk\u00fd ml\u00fdn jako dokonal\u00e9 technick\u00e9 p\u0159edindustri\u00e1ln\u00ed za\u0159\u00edzen\u00ed dok\u00e1zal vyu\u017e\u00edt s\u00edlu drobn\u00fdch vodote\u010d\u00ed i velk\u00fdch \u0159ek, pracoval sez\u00f3nn\u011b v z\u00e1vislosti na vod\u011b, kter\u00e9 mu doslova spadla z nebe, av\u0161ak \u00fapln\u011b bez pomoci [&hellip;]<\/p>\n","protected":false},"author":2,"featured_media":0,"parent":0,"menu_order":0,"comment_status":"closed","ping_status":"closed","template":"elementor_header_footer","meta":{"_acf_changed":false,"footnotes":""},"class_list":["post-4133","page","type-page","status-publish","hentry"],"acf":[],"yoast_head":"<!-- This site is optimized with the Yoast SEO plugin v27.3 - https:\/\/yoast.com\/product\/yoast-seo-wordpress\/ -->\n<title>Ml\u00fdny mezi dv\u011bma \u017eivly - Katastrofy<\/title>\n<meta name=\"robots\" content=\"index, follow, max-snippet:-1, max-image-preview:large, max-video-preview:-1\" \/>\n<link rel=\"canonical\" href=\"https:\/\/pohromyakatastrofy.cz\/en\/mlyny-mezi-dvema-zivly\/\" \/>\n<meta property=\"og:locale\" content=\"en_US\" \/>\n<meta property=\"og:type\" content=\"article\" \/>\n<meta property=\"og:title\" content=\"Ml\u00fdny mezi dv\u011bma \u017eivly - Katastrofy\" \/>\n<meta property=\"og:description\" content=\"Ml\u00fdny mezi dv\u011bma \u017eivly Ml\u00fdny byly poh\u00e1n\u011bny r\u016fzn\u00fdmi druhy energie, av\u0161ak nejroz\u0161\u00ed\u0159en\u011bj\u0161\u00edm a nejzn\u00e1m\u011bj\u0161\u00edm se v na\u0161ich p\u0159\u00edrodn\u00edch podm\u00ednk\u00e1ch stal pr\u00e1v\u011b ml\u00fdn vodn\u00ed. Star\u00fd \u010desk\u00fd ml\u00fdn jako dokonal\u00e9 technick\u00e9 p\u0159edindustri\u00e1ln\u00ed za\u0159\u00edzen\u00ed dok\u00e1zal vyu\u017e\u00edt s\u00edlu drobn\u00fdch vodote\u010d\u00ed i velk\u00fdch \u0159ek, pracoval sez\u00f3nn\u011b v z\u00e1vislosti na vod\u011b, kter\u00e9 mu doslova spadla z nebe, av\u0161ak \u00fapln\u011b bez pomoci [&hellip;]\" \/>\n<meta property=\"og:url\" content=\"https:\/\/pohromyakatastrofy.cz\/en\/mlyny-mezi-dvema-zivly\/\" \/>\n<meta property=\"og:site_name\" content=\"Katastrofy\" \/>\n<meta property=\"og:image\" content=\"http:\/\/pohromyakatastrofy.cz\/wp-content\/uploads\/2022\/02\/mlyny-mezi-dvema-zivly.png\" \/>\n<meta name=\"twitter:card\" content=\"summary_large_image\" \/>\n<meta name=\"twitter:label1\" content=\"Est. reading time\" \/>\n\t<meta name=\"twitter:data1\" content=\"2 minutes\" \/>\n<script type=\"application\/ld+json\" class=\"yoast-schema-graph\">{\"@context\":\"https:\\\/\\\/schema.org\",\"@graph\":[{\"@type\":\"WebPage\",\"@id\":\"https:\\\/\\\/pohromyakatastrofy.cz\\\/en\\\/mlyny-mezi-dvema-zivly\\\/\",\"url\":\"https:\\\/\\\/pohromyakatastrofy.cz\\\/en\\\/mlyny-mezi-dvema-zivly\\\/\",\"name\":\"Ml\u00fdny mezi dv\u011bma \u017eivly - Katastrofy\",\"isPartOf\":{\"@id\":\"https:\\\/\\\/pohromyakatastrofy.cz\\\/en\\\/#website\"},\"primaryImageOfPage\":{\"@id\":\"https:\\\/\\\/pohromyakatastrofy.cz\\\/en\\\/mlyny-mezi-dvema-zivly\\\/#primaryimage\"},\"image\":{\"@id\":\"https:\\\/\\\/pohromyakatastrofy.cz\\\/en\\\/mlyny-mezi-dvema-zivly\\\/#primaryimage\"},\"thumbnailUrl\":\"http:\\\/\\\/pohromyakatastrofy.cz\\\/wp-content\\\/uploads\\\/2022\\\/02\\\/mlyny-mezi-dvema-zivly.png\",\"datePublished\":\"2021-12-01T11:53:23+00:00\",\"breadcrumb\":{\"@id\":\"https:\\\/\\\/pohromyakatastrofy.cz\\\/en\\\/mlyny-mezi-dvema-zivly\\\/#breadcrumb\"},\"inLanguage\":\"en-US\",\"potentialAction\":[{\"@type\":\"ReadAction\",\"target\":[\"https:\\\/\\\/pohromyakatastrofy.cz\\\/en\\\/mlyny-mezi-dvema-zivly\\\/\"]}]},{\"@type\":\"ImageObject\",\"inLanguage\":\"en-US\",\"@id\":\"https:\\\/\\\/pohromyakatastrofy.cz\\\/en\\\/mlyny-mezi-dvema-zivly\\\/#primaryimage\",\"url\":\"http:\\\/\\\/pohromyakatastrofy.cz\\\/wp-content\\\/uploads\\\/2022\\\/02\\\/mlyny-mezi-dvema-zivly.png\",\"contentUrl\":\"http:\\\/\\\/pohromyakatastrofy.cz\\\/wp-content\\\/uploads\\\/2022\\\/02\\\/mlyny-mezi-dvema-zivly.png\"},{\"@type\":\"BreadcrumbList\",\"@id\":\"https:\\\/\\\/pohromyakatastrofy.cz\\\/en\\\/mlyny-mezi-dvema-zivly\\\/#breadcrumb\",\"itemListElement\":[{\"@type\":\"ListItem\",\"position\":1,\"name\":\"Dom\u016f\",\"item\":\"https:\\\/\\\/pohromyakatastrofy.cz\\\/en\\\/\"},{\"@type\":\"ListItem\",\"position\":2,\"name\":\"Ml\u00fdny mezi dv\u011bma \u017eivly\"}]},{\"@type\":\"WebSite\",\"@id\":\"https:\\\/\\\/pohromyakatastrofy.cz\\\/en\\\/#website\",\"url\":\"https:\\\/\\\/pohromyakatastrofy.cz\\\/en\\\/\",\"name\":\"Katastrofy\",\"description\":\"Voda a ohe\u0148 \u2013 \u017eivly zkrocen\u00e9 nebo ni\u010d\u00edc\u00ed? Vypr\u00e1v\u011bn\u00ed versus realita?\",\"publisher\":{\"@id\":\"https:\\\/\\\/pohromyakatastrofy.cz\\\/en\\\/#organization\"},\"potentialAction\":[{\"@type\":\"SearchAction\",\"target\":{\"@type\":\"EntryPoint\",\"urlTemplate\":\"https:\\\/\\\/pohromyakatastrofy.cz\\\/en\\\/?s={search_term_string}\"},\"query-input\":{\"@type\":\"PropertyValueSpecification\",\"valueRequired\":true,\"valueName\":\"search_term_string\"}}],\"inLanguage\":\"en-US\"},{\"@type\":\"Organization\",\"@id\":\"https:\\\/\\\/pohromyakatastrofy.cz\\\/en\\\/#organization\",\"name\":\"Historick\u00fd \u00fastav AV \u010cR, v. v. i.\",\"url\":\"https:\\\/\\\/pohromyakatastrofy.cz\\\/en\\\/\",\"logo\":{\"@type\":\"ImageObject\",\"inLanguage\":\"en-US\",\"@id\":\"https:\\\/\\\/pohromyakatastrofy.cz\\\/en\\\/#\\\/schema\\\/logo\\\/image\\\/\",\"url\":\"https:\\\/\\\/pohromyakatastrofy.cz\\\/wp-content\\\/uploads\\\/2021\\\/11\\\/logo-HU.jpg\",\"contentUrl\":\"https:\\\/\\\/pohromyakatastrofy.cz\\\/wp-content\\\/uploads\\\/2021\\\/11\\\/logo-HU.jpg\",\"width\":1916,\"height\":351,\"caption\":\"Historick\u00fd \u00fastav AV \u010cR, v. v. i.\"},\"image\":{\"@id\":\"https:\\\/\\\/pohromyakatastrofy.cz\\\/en\\\/#\\\/schema\\\/logo\\\/image\\\/\"}}]}<\/script>\n<!-- \/ Yoast SEO plugin. -->","yoast_head_json":{"title":"Ml\u00fdny mezi dv\u011bma \u017eivly - Katastrofy","robots":{"index":"index","follow":"follow","max-snippet":"max-snippet:-1","max-image-preview":"max-image-preview:large","max-video-preview":"max-video-preview:-1"},"canonical":"https:\/\/pohromyakatastrofy.cz\/en\/mlyny-mezi-dvema-zivly\/","og_locale":"en_US","og_type":"article","og_title":"Ml\u00fdny mezi dv\u011bma \u017eivly - Katastrofy","og_description":"Ml\u00fdny mezi dv\u011bma \u017eivly Ml\u00fdny byly poh\u00e1n\u011bny r\u016fzn\u00fdmi druhy energie, av\u0161ak nejroz\u0161\u00ed\u0159en\u011bj\u0161\u00edm a nejzn\u00e1m\u011bj\u0161\u00edm se v na\u0161ich p\u0159\u00edrodn\u00edch podm\u00ednk\u00e1ch stal pr\u00e1v\u011b ml\u00fdn vodn\u00ed. Star\u00fd \u010desk\u00fd ml\u00fdn jako dokonal\u00e9 technick\u00e9 p\u0159edindustri\u00e1ln\u00ed za\u0159\u00edzen\u00ed dok\u00e1zal vyu\u017e\u00edt s\u00edlu drobn\u00fdch vodote\u010d\u00ed i velk\u00fdch \u0159ek, pracoval sez\u00f3nn\u011b v z\u00e1vislosti na vod\u011b, kter\u00e9 mu doslova spadla z nebe, av\u0161ak \u00fapln\u011b bez pomoci [&hellip;]","og_url":"https:\/\/pohromyakatastrofy.cz\/en\/mlyny-mezi-dvema-zivly\/","og_site_name":"Katastrofy","og_image":[{"url":"http:\/\/pohromyakatastrofy.cz\/wp-content\/uploads\/2022\/02\/mlyny-mezi-dvema-zivly.png","type":"","width":"","height":""}],"twitter_card":"summary_large_image","twitter_misc":{"Est. reading time":"2 minutes"},"schema":{"@context":"https:\/\/schema.org","@graph":[{"@type":"WebPage","@id":"https:\/\/pohromyakatastrofy.cz\/en\/mlyny-mezi-dvema-zivly\/","url":"https:\/\/pohromyakatastrofy.cz\/en\/mlyny-mezi-dvema-zivly\/","name":"Ml\u00fdny mezi dv\u011bma \u017eivly - Katastrofy","isPartOf":{"@id":"https:\/\/pohromyakatastrofy.cz\/en\/#website"},"primaryImageOfPage":{"@id":"https:\/\/pohromyakatastrofy.cz\/en\/mlyny-mezi-dvema-zivly\/#primaryimage"},"image":{"@id":"https:\/\/pohromyakatastrofy.cz\/en\/mlyny-mezi-dvema-zivly\/#primaryimage"},"thumbnailUrl":"http:\/\/pohromyakatastrofy.cz\/wp-content\/uploads\/2022\/02\/mlyny-mezi-dvema-zivly.png","datePublished":"2021-12-01T11:53:23+00:00","breadcrumb":{"@id":"https:\/\/pohromyakatastrofy.cz\/en\/mlyny-mezi-dvema-zivly\/#breadcrumb"},"inLanguage":"en-US","potentialAction":[{"@type":"ReadAction","target":["https:\/\/pohromyakatastrofy.cz\/en\/mlyny-mezi-dvema-zivly\/"]}]},{"@type":"ImageObject","inLanguage":"en-US","@id":"https:\/\/pohromyakatastrofy.cz\/en\/mlyny-mezi-dvema-zivly\/#primaryimage","url":"http:\/\/pohromyakatastrofy.cz\/wp-content\/uploads\/2022\/02\/mlyny-mezi-dvema-zivly.png","contentUrl":"http:\/\/pohromyakatastrofy.cz\/wp-content\/uploads\/2022\/02\/mlyny-mezi-dvema-zivly.png"},{"@type":"BreadcrumbList","@id":"https:\/\/pohromyakatastrofy.cz\/en\/mlyny-mezi-dvema-zivly\/#breadcrumb","itemListElement":[{"@type":"ListItem","position":1,"name":"Dom\u016f","item":"https:\/\/pohromyakatastrofy.cz\/en\/"},{"@type":"ListItem","position":2,"name":"Ml\u00fdny mezi dv\u011bma \u017eivly"}]},{"@type":"WebSite","@id":"https:\/\/pohromyakatastrofy.cz\/en\/#website","url":"https:\/\/pohromyakatastrofy.cz\/en\/","name":"Katastrofy","description":"Voda a ohe\u0148 \u2013 \u017eivly zkrocen\u00e9 nebo ni\u010d\u00edc\u00ed? Vypr\u00e1v\u011bn\u00ed versus realita?","publisher":{"@id":"https:\/\/pohromyakatastrofy.cz\/en\/#organization"},"potentialAction":[{"@type":"SearchAction","target":{"@type":"EntryPoint","urlTemplate":"https:\/\/pohromyakatastrofy.cz\/en\/?s={search_term_string}"},"query-input":{"@type":"PropertyValueSpecification","valueRequired":true,"valueName":"search_term_string"}}],"inLanguage":"en-US"},{"@type":"Organization","@id":"https:\/\/pohromyakatastrofy.cz\/en\/#organization","name":"Historick\u00fd \u00fastav AV \u010cR, v. v. i.","url":"https:\/\/pohromyakatastrofy.cz\/en\/","logo":{"@type":"ImageObject","inLanguage":"en-US","@id":"https:\/\/pohromyakatastrofy.cz\/en\/#\/schema\/logo\/image\/","url":"https:\/\/pohromyakatastrofy.cz\/wp-content\/uploads\/2021\/11\/logo-HU.jpg","contentUrl":"https:\/\/pohromyakatastrofy.cz\/wp-content\/uploads\/2021\/11\/logo-HU.jpg","width":1916,"height":351,"caption":"Historick\u00fd \u00fastav AV \u010cR, v. v. i."},"image":{"@id":"https:\/\/pohromyakatastrofy.cz\/en\/#\/schema\/logo\/image\/"}}]}},"_links":{"self":[{"href":"https:\/\/pohromyakatastrofy.cz\/en\/wp-json\/wp\/v2\/pages\/4133","targetHints":{"allow":["GET"]}}],"collection":[{"href":"https:\/\/pohromyakatastrofy.cz\/en\/wp-json\/wp\/v2\/pages"}],"about":[{"href":"https:\/\/pohromyakatastrofy.cz\/en\/wp-json\/wp\/v2\/types\/page"}],"author":[{"embeddable":true,"href":"https:\/\/pohromyakatastrofy.cz\/en\/wp-json\/wp\/v2\/users\/2"}],"replies":[{"embeddable":true,"href":"https:\/\/pohromyakatastrofy.cz\/en\/wp-json\/wp\/v2\/comments?post=4133"}],"version-history":[{"count":0,"href":"https:\/\/pohromyakatastrofy.cz\/en\/wp-json\/wp\/v2\/pages\/4133\/revisions"}],"wp:attachment":[{"href":"https:\/\/pohromyakatastrofy.cz\/en\/wp-json\/wp\/v2\/media?parent=4133"}],"curies":[{"name":"wp","href":"https:\/\/api.w.org\/{rel}","templated":true}]}}