{"id":4138,"date":"2021-11-10T14:45:33","date_gmt":"2021-11-10T13:45:33","guid":{"rendered":"https:\/\/pohromyakatastrofy.cz\/pozary\/"},"modified":"2025-01-07T11:48:19","modified_gmt":"2025-01-07T10:48:19","slug":"pozary","status":"publish","type":"page","link":"https:\/\/pohromyakatastrofy.cz\/en\/pozary\/","title":{"rendered":"Po\u017e\u00e1ry"},"content":{"rendered":"\t\t<div data-elementor-type=\"wp-page\" data-elementor-id=\"4138\" class=\"elementor elementor-4138 elementor-1164\" data-elementor-post-type=\"page\">\n\t\t\t\t\t\t<section class=\"elementor-section elementor-top-section elementor-element elementor-element-ecaf316 elementor-section-height-min-height elementor-section-boxed elementor-section-height-default elementor-section-items-middle\" data-id=\"ecaf316\" data-element_type=\"section\" data-settings=\"{&quot;background_background&quot;:&quot;classic&quot;}\">\n\t\t\t\t\t\t\t<div class=\"elementor-background-overlay\"><\/div>\n\t\t\t\t\t\t\t<div class=\"elementor-container elementor-column-gap-narrow\">\n\t\t\t\t\t<div class=\"elementor-column elementor-col-100 elementor-top-column elementor-element elementor-element-9d87b29\" data-id=\"9d87b29\" data-element_type=\"column\">\n\t\t\t<div class=\"elementor-widget-wrap elementor-element-populated\">\n\t\t\t\t\t\t<div class=\"elementor-element elementor-element-ab8065b elementor-widget elementor-widget-heading\" data-id=\"ab8065b\" data-element_type=\"widget\" data-widget_type=\"heading.default\">\n\t\t\t\t<div class=\"elementor-widget-container\">\n\t\t\t<h1 class=\"elementor-heading-title elementor-size-default\">Po\u017e\u00e1ry<\/h1>\t\t<\/div>\n\t\t\t\t<\/div>\n\t\t\t\t\t<\/div>\n\t\t<\/div>\n\t\t\t\t\t<\/div>\n\t\t<\/section>\n\t\t\t\t<section class=\"elementor-section elementor-top-section elementor-element elementor-element-65b38a1 elementor-section-content-middle .custom_content elementor-reverse-mobile elementor-section-boxed elementor-section-height-default elementor-section-height-default\" data-id=\"65b38a1\" data-element_type=\"section\">\n\t\t\t\t\t\t<div class=\"elementor-container elementor-column-gap-narrow\">\n\t\t\t\t\t<div class=\"elementor-column elementor-col-50 elementor-top-column elementor-element elementor-element-fba0875\" data-id=\"fba0875\" data-element_type=\"column\">\n\t\t\t<div class=\"elementor-widget-wrap elementor-element-populated\">\n\t\t\t\t\t\t<div class=\"elementor-element elementor-element-22855d7 elementor-widget elementor-widget-image\" data-id=\"22855d7\" data-element_type=\"widget\" data-settings=\"{&quot;_animation&quot;:&quot;none&quot;}\" data-widget_type=\"image.default\">\n\t\t\t\t<div class=\"elementor-widget-container\">\n\t\t\t\t\t\t\t\t\t\t\t\t\t<img fetchpriority=\"high\" decoding=\"async\" width=\"845\" height=\"564\" src=\"https:\/\/pohromyakatastrofy.cz\/wp-content\/uploads\/2021\/11\/1800_Linz_Stadtbrand_Thomas-Dialer.jpg\" class=\"attachment-large size-large wp-image-4029\" alt=\"\" srcset=\"https:\/\/pohromyakatastrofy.cz\/wp-content\/uploads\/2021\/11\/1800_Linz_Stadtbrand_Thomas-Dialer.jpg 845w, https:\/\/pohromyakatastrofy.cz\/wp-content\/uploads\/2021\/11\/1800_Linz_Stadtbrand_Thomas-Dialer-300x200.jpg 300w, https:\/\/pohromyakatastrofy.cz\/wp-content\/uploads\/2021\/11\/1800_Linz_Stadtbrand_Thomas-Dialer-768x513.jpg 768w, https:\/\/pohromyakatastrofy.cz\/wp-content\/uploads\/2021\/11\/1800_Linz_Stadtbrand_Thomas-Dialer-600x400.jpg 600w, https:\/\/pohromyakatastrofy.cz\/wp-content\/uploads\/2021\/11\/1800_Linz_Stadtbrand_Thomas-Dialer-200x133.jpg 200w, https:\/\/pohromyakatastrofy.cz\/wp-content\/uploads\/2021\/11\/1800_Linz_Stadtbrand_Thomas-Dialer-728x485.jpg 728w\" sizes=\"(max-width: 845px) 100vw, 845px\" \/>\t\t\t\t\t\t\t\t\t\t\t\t\t<\/div>\n\t\t\t\t<\/div>\n\t\t\t\t\t<\/div>\n\t\t<\/div>\n\t\t\t\t<div class=\"elementor-column elementor-col-50 elementor-top-column elementor-element elementor-element-3b6503c\" data-id=\"3b6503c\" data-element_type=\"column\">\n\t\t\t<div class=\"elementor-widget-wrap elementor-element-populated\">\n\t\t\t\t\t\t<div class=\"elementor-element elementor-element-52c6089 elementor-widget elementor-widget-text-editor\" data-id=\"52c6089\" data-element_type=\"widget\" data-widget_type=\"text-editor.default\">\n\t\t\t\t<div class=\"elementor-widget-container\">\n\t\t\t\t\t\t\t<p>Po\u017e\u00e1ry m\u011bst p\u0159edstavuj\u00ed ud\u00e1lost zmi\u0148ovanou v dochovan\u00fdch narativn\u00edch pramenech velmi \u010dasto. Barvit\u00e1 l\u00ed\u010den\u00ed postupuj\u00edc\u00edho ohn\u011b a zejm\u00e9na lamentace nad zni\u010den\u00fdm m\u011bstem, bud\u00ed soucit, ale i ot\u00e1zky. <strong>Mohly b\u00fdt po\u017e\u00e1ry skute\u010dn\u011b tak apokalyptick\u00fdch rozm\u011br\u016f, kdy\u017e zachovaly tak \u010dasto v\u017edy kvetouc\u00ed m\u011bsta?<\/strong><\/p><p>Na tuto ot\u00e1zku jsme schopni odpov\u011bd\u011bt na z\u00e1klad\u011b historick\u00fdch pramen\u016f jen \u010d\u00e1ste\u010dn\u011b. Vkr\u00e1d\u00e1 se v\u0161ak ot\u00e1zka, zda nelze vyu\u017e\u00edt jin\u00fdch metod, kter\u00e9 by dok\u00e1zaly ur\u010dit rozsah \u0161kod na m\u011bstsk\u00e9 z\u00e1stavb\u011b nebo byly schopny ov\u011b\u0159it meteorologick\u00e9 jevy, kter\u00e9 se v souvislosti s \u0161\u00ed\u0159en\u00ed \u010di lokalizac\u00ed po\u017e\u00e1r\u016f v pramenech objevuj\u00ed.<\/p>\t\t\t\t\t\t<\/div>\n\t\t\t\t<\/div>\n\t\t\t\t\t<\/div>\n\t\t<\/div>\n\t\t\t\t\t<\/div>\n\t\t<\/section>\n\t\t\t\t<section class=\"elementor-section elementor-top-section elementor-element elementor-element-5d3e06f elementor-section-stretched elementor-section-full_width fires elementor-section-height-default elementor-section-height-default\" data-id=\"5d3e06f\" data-element_type=\"section\" data-settings=\"{&quot;stretch_section&quot;:&quot;section-stretched&quot;,&quot;background_background&quot;:&quot;classic&quot;}\">\n\t\t\t\t\t\t<div class=\"elementor-container elementor-column-gap-no\">\n\t\t\t\t\t<div class=\"elementor-column elementor-col-100 elementor-top-column elementor-element elementor-element-3a6de61\" data-id=\"3a6de61\" data-element_type=\"column\">\n\t\t\t<div class=\"elementor-widget-wrap elementor-element-populated\">\n\t\t\t\t\t\t<div class=\"elementor-element elementor-element-d203727 elementor-widget elementor-widget-heading\" data-id=\"d203727\" data-element_type=\"widget\" data-widget_type=\"heading.default\">\n\t\t\t\t<div class=\"elementor-widget-container\">\n\t\t\t<h2 class=\"elementor-heading-title elementor-size-default\">Rozcestn\u00edk<\/h2>\t\t<\/div>\n\t\t\t\t<\/div>\n\t\t\t\t<div class=\"elementor-element elementor-element-f552e32 elementor-widget elementor-widget-webify-icon-box-slider-widget\" data-id=\"f552e32\" data-element_type=\"widget\" data-widget_type=\"webify-icon-box-slider-widget.default\">\n\t\t\t\t<div class=\"elementor-widget-container\">\n\t\t\t        <div class=\"tb-overflow-hidden\">\n          <div class=\"tb-arrow-closest tb-poind-closest tb-icon-box-slider tb-slider tb-style1 tb-type1 tb-bg\"  style=\"background-image:url(https:\/\/pohromyakatastrofy.cz\/wp-content\/uploads\/2021\/11\/1848_Praha-pozar-staromestskych-mlynu_litografie.jpg)\">\n            <div class=\"slick-container\" data-delay=\"\" data-autoplay=\"0\" data-loop=\"1\" data-speed=\"600\" data-center=\"0\"  data-slides-per-view=\"responsive\" data-xs-slides=\"1\" data-sm-slides=\"2\" data-md-slides=\"3\" data-lg-slides=\"4\" data-add-slides=\"4\">\n              <div class=\"slick-wrapper\">\n                                  <div class=\"slick-slide\">\n                    <div class=\"tb-text-box tb-style2 tb-type1\">\n                      <div class=\"tb-text-box-in\">\n                        <h2 class=\"tb-special-text tb-f48-lg tb-line0-9 tb-white-c  tb-m0 tb-mb-3\"><i class=\"tbi-Castle\"><\/i><\/h2>\n                        <div class=\"empty-space marg-lg-b20\"><\/div>\n                        <h3 class=\"tb-font-name tb-f18-lg tb-text-box-slider-title tb-white-c tb-font-name tb-m0 tb-mt-3 tb-mb-6\">Tel\u010d<\/h3>\n                        <div class=\"empty-space marg-lg-b20\"><\/div>\n                        <div class=\"tb-white-c6  tb-line1-5 tb-text-box-slider-content tb-mb-6 tb-mt-6\">P\u0159\u00edpadov\u00e1 studie mapuje historick\u00e9 po\u017e\u00e1ry m\u011bsta Tel\u010de a soust\u0159ed\u00ed se na ty m\u00e1lo prozkouman\u00e9 z let 1723 a 1739. Experiment bude pokra\u010dovat nejv\u011bt\u0161\u00edm po\u017e\u00e1rem z roku 1655 a pot\u00e9 mlad\u0161\u00edmi.<\/div>\n                        <div class=\"tb-text-box-btn\">\n                          <a href=\"\/telc\" target=\"_self\" class=\"tb-btn tb-style1\">P\u0159ej\u00edt na str\u00e1nku<\/a>\n                        <\/div>\n                      <\/div>\n                    <\/div>\n                  <\/div><!-- .slick-slide -->\n                                  <div class=\"slick-slide\">\n                    <div class=\"tb-text-box tb-style2 tb-type1\">\n                      <div class=\"tb-text-box-in\">\n                        <h2 class=\"tb-special-text tb-f48-lg tb-line0-9 tb-white-c  tb-m0 tb-mb-3\"><i class=\"tbi-Letter-Open\"><\/i><\/h2>\n                        <div class=\"empty-space marg-lg-b20\"><\/div>\n                        <h3 class=\"tb-font-name tb-f18-lg tb-text-box-slider-title tb-white-c tb-font-name tb-m0 tb-mt-3 tb-mb-6\">Literae annuae<\/h3>\n                        <div class=\"empty-space marg-lg-b20\"><\/div>\n                        <div class=\"tb-white-c6  tb-line1-5 tb-text-box-slider-content tb-mb-6 tb-mt-6\">Cenn\u00fdm pramenem pro pozn\u00e1n\u00ed po\u017e\u00e1r\u016f \u010d\u00e1sti m\u011bsta Tel\u010de je l\u00ed\u010den\u00ed otc\u016f jezuit\u016f ob\u00fdvaj\u00edc\u00edch zdej\u0161\u00ed kolej a d\u016fm t\u0159et\u00ed probace.<\/div>\n                        <div class=\"tb-text-box-btn\">\n                          <a href=\"\/literae-annuae\" target=\"_self\" class=\"tb-btn tb-style1\">P\u0159ej\u00edt na str\u00e1nku<\/a>\n                        <\/div>\n                      <\/div>\n                    <\/div>\n                  <\/div><!-- .slick-slide -->\n                                  <div class=\"slick-slide\">\n                    <div class=\"tb-text-box tb-style2 tb-type1\">\n                      <div class=\"tb-text-box-in\">\n                        <h2 class=\"tb-special-text tb-f48-lg tb-line0-9 tb-white-c  tb-m0 tb-mb-3\"><i class=\"tbi-Tree-3\"><\/i><\/h2>\n                        <div class=\"empty-space marg-lg-b20\"><\/div>\n                        <h3 class=\"tb-font-name tb-f18-lg tb-text-box-slider-title tb-white-c tb-font-name tb-m0 tb-mt-3 tb-mb-6\">Dendrochonologick\u00e1 data<\/h3>\n                        <div class=\"empty-space marg-lg-b20\"><\/div>\n                        <div class=\"tb-white-c6  tb-line1-5 tb-text-box-slider-content tb-mb-6 tb-mt-6\">Jedn\u00edm z v\u00fdznamn\u00fdch aspekt\u016f historick\u00fdch staveb jsou takt\u00e9\u017e d\u0159ev\u011bn\u00e9 konstrukce, kter\u00e9 p\u0159i vhodn\u00fdch podm\u00ednk\u00e1ch lze exaktn\u011b datovat pomoc\u00ed dendrochronologick\u00fdch metod.<\/div>\n                        <div class=\"tb-text-box-btn\">\n                          <a href=\"\/dendrochronologicka-data\/\" target=\"_self\" class=\"tb-btn tb-style1\">P\u0159ej\u00edt na str\u00e1nku<\/a>\n                        <\/div>\n                      <\/div>\n                    <\/div>\n                  <\/div><!-- .slick-slide -->\n                                  <div class=\"slick-slide\">\n                    <div class=\"tb-text-box tb-style2 tb-type1\">\n                      <div class=\"tb-text-box-in\">\n                        <h2 class=\"tb-special-text tb-f48-lg tb-line0-9 tb-white-c  tb-m0 tb-mb-3\"><i class=\"tbi-Fire-Flame2\"><\/i><\/h2>\n                        <div class=\"empty-space marg-lg-b20\"><\/div>\n                        <h3 class=\"tb-font-name tb-f18-lg tb-text-box-slider-title tb-white-c tb-font-name tb-m0 tb-mt-3 tb-mb-6\">Modelov\u00e1n\u00ed po\u017e\u00e1ru?<\/h3>\n                        <div class=\"empty-space marg-lg-b20\"><\/div>\n                        <div class=\"tb-white-c6  tb-line1-5 tb-text-box-slider-content tb-mb-6 tb-mt-6\">M\u016f\u017ee pozn\u00e1n\u00ed cest proud\u011bn\u00ed v\u011btru v hust\u00e9 historick\u00e9 z\u00e1stavb\u011b spolu s modelac\u00ed jeho rychl\u00fdch zm\u011bn p\u0159in\u00e9st nov\u00fd pohled na zp\u016fsob a rychlost \u0161\u00ed\u0159en\u00ed po\u017e\u00e1ru?<\/div>\n                        <div class=\"tb-text-box-btn\">\n                          <a href=\"\/modelovani-pozaru\/\" target=\"_self\" class=\"tb-btn tb-style1\">P\u0159ej\u00edt na str\u00e1nku<\/a>\n                        <\/div>\n                      <\/div>\n                    <\/div>\n                  <\/div><!-- .slick-slide -->\n                              <\/div>\n            <\/div><!-- .slick-container -->\n            <div class=\"pagination tb-style1 tb-type1 hidden\"><\/div> <!-- If dont need Pagination then add class .hidden -->\n            <div class=\"swipe-arrow tb-style3\"> <!-- If dont need navigation then add class .tb-hidden -->\n              <div class=\"slick-arrow-left\"><i class=\"fa fa-angle-left\"><\/i><\/div>\n              <div class=\"slick-arrow-right\"><i class=\"fa fa-angle-right\"><\/i><\/div>\n            <\/div>\n          <\/div><!-- .tb-carousor -->\n        <\/div>\n        \t\t<\/div>\n\t\t\t\t<\/div>\n\t\t\t\t\t<\/div>\n\t\t<\/div>\n\t\t\t\t\t<\/div>\n\t\t<\/section>\n\t\t\t\t<\/div>\n\t\t","protected":false},"excerpt":{"rendered":"<p>Po\u017e\u00e1ry Po\u017e\u00e1ry m\u011bst p\u0159edstavuj\u00ed ud\u00e1lost zmi\u0148ovanou v dochovan\u00fdch narativn\u00edch pramenech velmi \u010dasto. Barvit\u00e1 l\u00ed\u010den\u00ed postupuj\u00edc\u00edho ohn\u011b a zejm\u00e9na lamentace nad zni\u010den\u00fdm m\u011bstem, bud\u00ed soucit, ale i ot\u00e1zky. Mohly b\u00fdt po\u017e\u00e1ry skute\u010dn\u011b tak apokalyptick\u00fdch rozm\u011br\u016f, kdy\u017e zachovaly tak \u010dasto v\u017edy kvetouc\u00ed m\u011bsta? Na tuto ot\u00e1zku jsme schopni odpov\u011bd\u011bt na z\u00e1klad\u011b historick\u00fdch pramen\u016f jen \u010d\u00e1ste\u010dn\u011b. Vkr\u00e1d\u00e1 se [&hellip;]<\/p>\n","protected":false},"author":2,"featured_media":0,"parent":0,"menu_order":0,"comment_status":"closed","ping_status":"closed","template":"elementor_header_footer","meta":{"_acf_changed":false,"footnotes":""},"class_list":["post-4138","page","type-page","status-publish","hentry"],"acf":[],"yoast_head":"<!-- This site is optimized with the Yoast SEO plugin v27.3 - https:\/\/yoast.com\/product\/yoast-seo-wordpress\/ -->\n<title>Po\u017e\u00e1ry - Katastrofy<\/title>\n<meta name=\"robots\" content=\"index, follow, max-snippet:-1, max-image-preview:large, max-video-preview:-1\" \/>\n<link rel=\"canonical\" href=\"https:\/\/pohromyakatastrofy.cz\/en\/pozary\/\" \/>\n<meta property=\"og:locale\" content=\"en_US\" \/>\n<meta property=\"og:type\" content=\"article\" \/>\n<meta property=\"og:title\" content=\"Po\u017e\u00e1ry - Katastrofy\" \/>\n<meta property=\"og:description\" content=\"Po\u017e\u00e1ry Po\u017e\u00e1ry m\u011bst p\u0159edstavuj\u00ed ud\u00e1lost zmi\u0148ovanou v dochovan\u00fdch narativn\u00edch pramenech velmi \u010dasto. Barvit\u00e1 l\u00ed\u010den\u00ed postupuj\u00edc\u00edho ohn\u011b a zejm\u00e9na lamentace nad zni\u010den\u00fdm m\u011bstem, bud\u00ed soucit, ale i ot\u00e1zky. Mohly b\u00fdt po\u017e\u00e1ry skute\u010dn\u011b tak apokalyptick\u00fdch rozm\u011br\u016f, kdy\u017e zachovaly tak \u010dasto v\u017edy kvetouc\u00ed m\u011bsta? Na tuto ot\u00e1zku jsme schopni odpov\u011bd\u011bt na z\u00e1klad\u011b historick\u00fdch pramen\u016f jen \u010d\u00e1ste\u010dn\u011b. Vkr\u00e1d\u00e1 se [&hellip;]\" \/>\n<meta property=\"og:url\" content=\"https:\/\/pohromyakatastrofy.cz\/en\/pozary\/\" \/>\n<meta property=\"og:site_name\" content=\"Katastrofy\" \/>\n<meta property=\"article:modified_time\" content=\"2025-01-07T10:48:19+00:00\" \/>\n<meta property=\"og:image\" content=\"https:\/\/pohromyakatastrofy.cz\/wp-content\/uploads\/2021\/11\/1800_Linz_Stadtbrand_Thomas-Dialer.jpg\" \/>\n<meta name=\"twitter:card\" content=\"summary_large_image\" \/>\n<meta name=\"twitter:label1\" content=\"Est. reading time\" \/>\n\t<meta name=\"twitter:data1\" content=\"2 minutes\" \/>\n<script type=\"application\/ld+json\" class=\"yoast-schema-graph\">{\"@context\":\"https:\\\/\\\/schema.org\",\"@graph\":[{\"@type\":\"WebPage\",\"@id\":\"https:\\\/\\\/pohromyakatastrofy.cz\\\/en\\\/pozary\\\/\",\"url\":\"https:\\\/\\\/pohromyakatastrofy.cz\\\/en\\\/pozary\\\/\",\"name\":\"Po\u017e\u00e1ry - Katastrofy\",\"isPartOf\":{\"@id\":\"https:\\\/\\\/pohromyakatastrofy.cz\\\/en\\\/#website\"},\"primaryImageOfPage\":{\"@id\":\"https:\\\/\\\/pohromyakatastrofy.cz\\\/en\\\/pozary\\\/#primaryimage\"},\"image\":{\"@id\":\"https:\\\/\\\/pohromyakatastrofy.cz\\\/en\\\/pozary\\\/#primaryimage\"},\"thumbnailUrl\":\"https:\\\/\\\/pohromyakatastrofy.cz\\\/wp-content\\\/uploads\\\/2021\\\/11\\\/1800_Linz_Stadtbrand_Thomas-Dialer.jpg\",\"datePublished\":\"2021-11-10T13:45:33+00:00\",\"dateModified\":\"2025-01-07T10:48:19+00:00\",\"breadcrumb\":{\"@id\":\"https:\\\/\\\/pohromyakatastrofy.cz\\\/en\\\/pozary\\\/#breadcrumb\"},\"inLanguage\":\"en-US\",\"potentialAction\":[{\"@type\":\"ReadAction\",\"target\":[\"https:\\\/\\\/pohromyakatastrofy.cz\\\/en\\\/pozary\\\/\"]}]},{\"@type\":\"ImageObject\",\"inLanguage\":\"en-US\",\"@id\":\"https:\\\/\\\/pohromyakatastrofy.cz\\\/en\\\/pozary\\\/#primaryimage\",\"url\":\"https:\\\/\\\/pohromyakatastrofy.cz\\\/wp-content\\\/uploads\\\/2021\\\/11\\\/1800_Linz_Stadtbrand_Thomas-Dialer.jpg\",\"contentUrl\":\"https:\\\/\\\/pohromyakatastrofy.cz\\\/wp-content\\\/uploads\\\/2021\\\/11\\\/1800_Linz_Stadtbrand_Thomas-Dialer.jpg\"},{\"@type\":\"BreadcrumbList\",\"@id\":\"https:\\\/\\\/pohromyakatastrofy.cz\\\/en\\\/pozary\\\/#breadcrumb\",\"itemListElement\":[{\"@type\":\"ListItem\",\"position\":1,\"name\":\"Dom\u016f\",\"item\":\"https:\\\/\\\/pohromyakatastrofy.cz\\\/en\\\/\"},{\"@type\":\"ListItem\",\"position\":2,\"name\":\"Po\u017e\u00e1ry\"}]},{\"@type\":\"WebSite\",\"@id\":\"https:\\\/\\\/pohromyakatastrofy.cz\\\/en\\\/#website\",\"url\":\"https:\\\/\\\/pohromyakatastrofy.cz\\\/en\\\/\",\"name\":\"Katastrofy\",\"description\":\"Voda a ohe\u0148 \u2013 \u017eivly zkrocen\u00e9 nebo ni\u010d\u00edc\u00ed? Vypr\u00e1v\u011bn\u00ed versus realita?\",\"publisher\":{\"@id\":\"https:\\\/\\\/pohromyakatastrofy.cz\\\/en\\\/#organization\"},\"potentialAction\":[{\"@type\":\"SearchAction\",\"target\":{\"@type\":\"EntryPoint\",\"urlTemplate\":\"https:\\\/\\\/pohromyakatastrofy.cz\\\/en\\\/?s={search_term_string}\"},\"query-input\":{\"@type\":\"PropertyValueSpecification\",\"valueRequired\":true,\"valueName\":\"search_term_string\"}}],\"inLanguage\":\"en-US\"},{\"@type\":\"Organization\",\"@id\":\"https:\\\/\\\/pohromyakatastrofy.cz\\\/en\\\/#organization\",\"name\":\"Historick\u00fd \u00fastav AV \u010cR, v. v. i.\",\"url\":\"https:\\\/\\\/pohromyakatastrofy.cz\\\/en\\\/\",\"logo\":{\"@type\":\"ImageObject\",\"inLanguage\":\"en-US\",\"@id\":\"https:\\\/\\\/pohromyakatastrofy.cz\\\/en\\\/#\\\/schema\\\/logo\\\/image\\\/\",\"url\":\"https:\\\/\\\/pohromyakatastrofy.cz\\\/wp-content\\\/uploads\\\/2021\\\/11\\\/logo-HU.jpg\",\"contentUrl\":\"https:\\\/\\\/pohromyakatastrofy.cz\\\/wp-content\\\/uploads\\\/2021\\\/11\\\/logo-HU.jpg\",\"width\":1916,\"height\":351,\"caption\":\"Historick\u00fd \u00fastav AV \u010cR, v. v. i.\"},\"image\":{\"@id\":\"https:\\\/\\\/pohromyakatastrofy.cz\\\/en\\\/#\\\/schema\\\/logo\\\/image\\\/\"}}]}<\/script>\n<!-- \/ Yoast SEO plugin. -->","yoast_head_json":{"title":"Po\u017e\u00e1ry - Katastrofy","robots":{"index":"index","follow":"follow","max-snippet":"max-snippet:-1","max-image-preview":"max-image-preview:large","max-video-preview":"max-video-preview:-1"},"canonical":"https:\/\/pohromyakatastrofy.cz\/en\/pozary\/","og_locale":"en_US","og_type":"article","og_title":"Po\u017e\u00e1ry - Katastrofy","og_description":"Po\u017e\u00e1ry Po\u017e\u00e1ry m\u011bst p\u0159edstavuj\u00ed ud\u00e1lost zmi\u0148ovanou v dochovan\u00fdch narativn\u00edch pramenech velmi \u010dasto. Barvit\u00e1 l\u00ed\u010den\u00ed postupuj\u00edc\u00edho ohn\u011b a zejm\u00e9na lamentace nad zni\u010den\u00fdm m\u011bstem, bud\u00ed soucit, ale i ot\u00e1zky. Mohly b\u00fdt po\u017e\u00e1ry skute\u010dn\u011b tak apokalyptick\u00fdch rozm\u011br\u016f, kdy\u017e zachovaly tak \u010dasto v\u017edy kvetouc\u00ed m\u011bsta? Na tuto ot\u00e1zku jsme schopni odpov\u011bd\u011bt na z\u00e1klad\u011b historick\u00fdch pramen\u016f jen \u010d\u00e1ste\u010dn\u011b. Vkr\u00e1d\u00e1 se [&hellip;]","og_url":"https:\/\/pohromyakatastrofy.cz\/en\/pozary\/","og_site_name":"Katastrofy","article_modified_time":"2025-01-07T10:48:19+00:00","og_image":[{"url":"https:\/\/pohromyakatastrofy.cz\/wp-content\/uploads\/2021\/11\/1800_Linz_Stadtbrand_Thomas-Dialer.jpg","type":"","width":"","height":""}],"twitter_card":"summary_large_image","twitter_misc":{"Est. reading time":"2 minutes"},"schema":{"@context":"https:\/\/schema.org","@graph":[{"@type":"WebPage","@id":"https:\/\/pohromyakatastrofy.cz\/en\/pozary\/","url":"https:\/\/pohromyakatastrofy.cz\/en\/pozary\/","name":"Po\u017e\u00e1ry - Katastrofy","isPartOf":{"@id":"https:\/\/pohromyakatastrofy.cz\/en\/#website"},"primaryImageOfPage":{"@id":"https:\/\/pohromyakatastrofy.cz\/en\/pozary\/#primaryimage"},"image":{"@id":"https:\/\/pohromyakatastrofy.cz\/en\/pozary\/#primaryimage"},"thumbnailUrl":"https:\/\/pohromyakatastrofy.cz\/wp-content\/uploads\/2021\/11\/1800_Linz_Stadtbrand_Thomas-Dialer.jpg","datePublished":"2021-11-10T13:45:33+00:00","dateModified":"2025-01-07T10:48:19+00:00","breadcrumb":{"@id":"https:\/\/pohromyakatastrofy.cz\/en\/pozary\/#breadcrumb"},"inLanguage":"en-US","potentialAction":[{"@type":"ReadAction","target":["https:\/\/pohromyakatastrofy.cz\/en\/pozary\/"]}]},{"@type":"ImageObject","inLanguage":"en-US","@id":"https:\/\/pohromyakatastrofy.cz\/en\/pozary\/#primaryimage","url":"https:\/\/pohromyakatastrofy.cz\/wp-content\/uploads\/2021\/11\/1800_Linz_Stadtbrand_Thomas-Dialer.jpg","contentUrl":"https:\/\/pohromyakatastrofy.cz\/wp-content\/uploads\/2021\/11\/1800_Linz_Stadtbrand_Thomas-Dialer.jpg"},{"@type":"BreadcrumbList","@id":"https:\/\/pohromyakatastrofy.cz\/en\/pozary\/#breadcrumb","itemListElement":[{"@type":"ListItem","position":1,"name":"Dom\u016f","item":"https:\/\/pohromyakatastrofy.cz\/en\/"},{"@type":"ListItem","position":2,"name":"Po\u017e\u00e1ry"}]},{"@type":"WebSite","@id":"https:\/\/pohromyakatastrofy.cz\/en\/#website","url":"https:\/\/pohromyakatastrofy.cz\/en\/","name":"Katastrofy","description":"Voda a ohe\u0148 \u2013 \u017eivly zkrocen\u00e9 nebo ni\u010d\u00edc\u00ed? Vypr\u00e1v\u011bn\u00ed versus realita?","publisher":{"@id":"https:\/\/pohromyakatastrofy.cz\/en\/#organization"},"potentialAction":[{"@type":"SearchAction","target":{"@type":"EntryPoint","urlTemplate":"https:\/\/pohromyakatastrofy.cz\/en\/?s={search_term_string}"},"query-input":{"@type":"PropertyValueSpecification","valueRequired":true,"valueName":"search_term_string"}}],"inLanguage":"en-US"},{"@type":"Organization","@id":"https:\/\/pohromyakatastrofy.cz\/en\/#organization","name":"Historick\u00fd \u00fastav AV \u010cR, v. v. i.","url":"https:\/\/pohromyakatastrofy.cz\/en\/","logo":{"@type":"ImageObject","inLanguage":"en-US","@id":"https:\/\/pohromyakatastrofy.cz\/en\/#\/schema\/logo\/image\/","url":"https:\/\/pohromyakatastrofy.cz\/wp-content\/uploads\/2021\/11\/logo-HU.jpg","contentUrl":"https:\/\/pohromyakatastrofy.cz\/wp-content\/uploads\/2021\/11\/logo-HU.jpg","width":1916,"height":351,"caption":"Historick\u00fd \u00fastav AV \u010cR, v. v. i."},"image":{"@id":"https:\/\/pohromyakatastrofy.cz\/en\/#\/schema\/logo\/image\/"}}]}},"_links":{"self":[{"href":"https:\/\/pohromyakatastrofy.cz\/en\/wp-json\/wp\/v2\/pages\/4138","targetHints":{"allow":["GET"]}}],"collection":[{"href":"https:\/\/pohromyakatastrofy.cz\/en\/wp-json\/wp\/v2\/pages"}],"about":[{"href":"https:\/\/pohromyakatastrofy.cz\/en\/wp-json\/wp\/v2\/types\/page"}],"author":[{"embeddable":true,"href":"https:\/\/pohromyakatastrofy.cz\/en\/wp-json\/wp\/v2\/users\/2"}],"replies":[{"embeddable":true,"href":"https:\/\/pohromyakatastrofy.cz\/en\/wp-json\/wp\/v2\/comments?post=4138"}],"version-history":[{"count":1,"href":"https:\/\/pohromyakatastrofy.cz\/en\/wp-json\/wp\/v2\/pages\/4138\/revisions"}],"predecessor-version":[{"id":4304,"href":"https:\/\/pohromyakatastrofy.cz\/en\/wp-json\/wp\/v2\/pages\/4138\/revisions\/4304"}],"wp:attachment":[{"href":"https:\/\/pohromyakatastrofy.cz\/en\/wp-json\/wp\/v2\/media?parent=4138"}],"curies":[{"name":"wp","href":"https:\/\/api.w.org\/{rel}","templated":true}]}}