{"id":4139,"date":"2021-12-01T12:52:44","date_gmt":"2021-12-01T11:52:44","guid":{"rendered":"https:\/\/pohromyakatastrofy.cz\/pozary-mesta-a-moznosti-overeni-zprav-o-jejich-prubehu-a-dusledcich-priklad-telce\/"},"modified":"2025-01-07T11:48:23","modified_gmt":"2025-01-07T10:48:23","slug":"pozary-mesta-a-moznosti-overeni-zprav-o-jejich-prubehu-a-dusledcich-priklad-telce","status":"publish","type":"page","link":"https:\/\/pohromyakatastrofy.cz\/en\/pozary-mesta-a-moznosti-overeni-zprav-o-jejich-prubehu-a-dusledcich-priklad-telce\/","title":{"rendered":"Po\u017e\u00e1ry m\u011bsta a mo\u017enosti ov\u011b\u0159en\u00ed zpr\u00e1v o jejich pr\u016fb\u011bhu a d\u016fsledc\u00edch \u2013 p\u0159\u00edklad Tel\u010de"},"content":{"rendered":"\t\t<div data-elementor-type=\"wp-page\" data-elementor-id=\"4139\" class=\"elementor elementor-4139 elementor-2890\" data-elementor-post-type=\"page\">\n\t\t\t\t\t\t<section class=\"elementor-section elementor-top-section elementor-element elementor-element-0d69904 elementor-section-height-min-height elementor-section-boxed elementor-section-height-default elementor-section-items-middle\" data-id=\"0d69904\" data-element_type=\"section\" data-settings=\"{&quot;background_background&quot;:&quot;classic&quot;}\">\n\t\t\t\t\t\t\t<div class=\"elementor-background-overlay\"><\/div>\n\t\t\t\t\t\t\t<div class=\"elementor-container elementor-column-gap-narrow\">\n\t\t\t\t\t<div class=\"elementor-column elementor-col-100 elementor-top-column elementor-element elementor-element-0ef2c32\" data-id=\"0ef2c32\" data-element_type=\"column\">\n\t\t\t<div class=\"elementor-widget-wrap elementor-element-populated\">\n\t\t\t\t\t\t<div class=\"elementor-element elementor-element-4e4d2a9 elementor-widget elementor-widget-heading\" data-id=\"4e4d2a9\" data-element_type=\"widget\" data-widget_type=\"heading.default\">\n\t\t\t\t<div class=\"elementor-widget-container\">\n\t\t\t<h1 class=\"elementor-heading-title elementor-size-default\">Po\u017e\u00e1ry m\u011bsta a mo\u017enosti ov\u011b\u0159en\u00ed zpr\u00e1v o jejich pr\u016fb\u011bhu a d\u016fsledc\u00edch \u2013 p\u0159\u00edklad Tel\u010de<\/h1>\t\t<\/div>\n\t\t\t\t<\/div>\n\t\t\t\t\t<\/div>\n\t\t<\/div>\n\t\t\t\t\t<\/div>\n\t\t<\/section>\n\t\t\t\t<section class=\"elementor-section elementor-top-section elementor-element elementor-element-98e40ae elementor-section-content-middle elementor-reverse-mobile elementor-reverse-tablet elementor-section-boxed elementor-section-height-default elementor-section-height-default\" data-id=\"98e40ae\" data-element_type=\"section\">\n\t\t\t\t\t\t<div class=\"elementor-container elementor-column-gap-narrow\">\n\t\t\t\t\t<div class=\"elementor-column elementor-col-50 elementor-top-column elementor-element elementor-element-a33106e\" data-id=\"a33106e\" data-element_type=\"column\">\n\t\t\t<div class=\"elementor-widget-wrap elementor-element-populated\">\n\t\t\t\t\t\t<div class=\"elementor-element elementor-element-76737d6 elementor-widget elementor-widget-image\" data-id=\"76737d6\" data-element_type=\"widget\" data-settings=\"{&quot;_animation&quot;:&quot;none&quot;}\" data-widget_type=\"image.default\">\n\t\t\t\t<div class=\"elementor-widget-container\">\n\t\t\t\t\t\t\t\t\t\t\t\t\t<img fetchpriority=\"high\" decoding=\"async\" width=\"920\" height=\"805\" src=\"https:\/\/pohromyakatastrofy.cz\/wp-content\/uploads\/2022\/02\/01.jpg\" class=\"attachment-large size-large wp-image-4081\" alt=\"\" srcset=\"https:\/\/pohromyakatastrofy.cz\/wp-content\/uploads\/2022\/02\/01.jpg 920w, https:\/\/pohromyakatastrofy.cz\/wp-content\/uploads\/2022\/02\/01-300x263.jpg 300w, https:\/\/pohromyakatastrofy.cz\/wp-content\/uploads\/2022\/02\/01-768x672.jpg 768w, https:\/\/pohromyakatastrofy.cz\/wp-content\/uploads\/2022\/02\/01-600x525.jpg 600w, https:\/\/pohromyakatastrofy.cz\/wp-content\/uploads\/2022\/02\/01-200x175.jpg 200w\" sizes=\"(max-width: 920px) 100vw, 920px\" \/>\t\t\t\t\t\t\t\t\t\t\t\t\t<\/div>\n\t\t\t\t<\/div>\n\t\t\t\t\t<\/div>\n\t\t<\/div>\n\t\t\t\t<div class=\"elementor-column elementor-col-50 elementor-top-column elementor-element elementor-element-bbe1ead\" data-id=\"bbe1ead\" data-element_type=\"column\">\n\t\t\t<div class=\"elementor-widget-wrap elementor-element-populated\">\n\t\t\t\t\t\t<div class=\"elementor-element elementor-element-fe19a23 elementor-widget elementor-widget-text-editor\" data-id=\"fe19a23\" data-element_type=\"widget\" data-widget_type=\"text-editor.default\">\n\t\t\t\t<div class=\"elementor-widget-container\">\n\t\t\t\t\t\t\t<p>V narativn\u00edch historick\u00fdch pramenech \u010dasto najdeme p\u016fsobiv\u00e1 l\u00ed\u010den\u00ed ni\u010div\u00fdch po\u017e\u00e1r\u016f m\u011bst, kter\u00e9 s nevelk\u00fdm \u010dasov\u00fdm dostupem st\u0159\u00edd\u00e1 popis kr\u00e1sy, a rozkv\u011btu t\u00e9\u017ee velmi prosperuj\u00ed obce. Tato disproporce n\u00e1s vede k ot\u00e1zce, <strong>jak\u00fd byl skute\u010dn\u00fd rozsah \u0161kod zp\u016fsoben\u00fdch ohn\u011bm<\/strong>. Pomoci n\u00e1m mohou op\u011bt p\u00edsemn\u00e9 prameny zejm\u00e9na \u00fa\u010dty, nebo pro mlad\u0161\u00ed dobu obrazov\u00fd materi\u00e1l, p\u0159edev\u0161\u00edm fotografie.<\/p><p>Mnohokr\u00e1t v\u0161ak byla vyslovena ot\u00e1zka, <strong>zda je mo\u017en\u00e9 naj\u00edt stopy m\u00edry poni\u010den\u00ed po\u017e\u00e1rem na stavb\u00e1ch samotn\u00fdch<\/strong>, pop\u0159. dolo\u017eit opat\u0159en\u00ed, jimi\u017e bylo mo\u017eno podobn\u00fdm \u0161kod\u00e1m zabr\u00e1nit. Tento projekt se pokou\u0161\u00ed konfrontovat p\u00edsemn\u00e9 doklady s pr\u016fzkumem staveb, konkr\u00e9tn\u011b jich krov\u016f, pro pozn\u00e1n\u00ed ni\u010divosti po\u017e\u00e1r\u016f. A tak\u00e9 chce vyzkou\u0161et, nakolik m\u016f\u017ee na\u0161\u00ed p\u0159edstavu o \u0161\u00ed\u0159en\u00ed po\u017e\u00e1ru, resp. o mo\u017en\u00e9 prevenci jeho postupu, pomoci modelov\u00e1n\u00ed a m\u011b\u0159en\u00ed proud\u011bn\u00ed v\u011btru v konkr\u00e9tn\u00ed m\u011bstsk\u00e9 z\u00e1stavb\u011b, resp. na jej\u00edm modelu.<\/p>\t\t\t\t\t\t<\/div>\n\t\t\t\t<\/div>\n\t\t\t\t\t<\/div>\n\t\t<\/div>\n\t\t\t\t\t<\/div>\n\t\t<\/section>\n\t\t\t\t<section class=\"elementor-section elementor-top-section elementor-element elementor-element-87d0698 elementor-section-content-middle elementor-section-boxed elementor-section-height-default elementor-section-height-default\" data-id=\"87d0698\" data-element_type=\"section\">\n\t\t\t\t\t\t<div class=\"elementor-container elementor-column-gap-narrow\">\n\t\t\t\t\t<div class=\"elementor-column elementor-col-50 elementor-top-column elementor-element elementor-element-ee80e91\" data-id=\"ee80e91\" data-element_type=\"column\">\n\t\t\t<div class=\"elementor-widget-wrap elementor-element-populated\">\n\t\t\t\t\t\t<div class=\"elementor-element elementor-element-d856e14 custom_list elementor-hidden-mobile elementor-widget elementor-widget-text-editor\" data-id=\"d856e14\" data-element_type=\"widget\" data-widget_type=\"text-editor.default\">\n\t\t\t\t<div class=\"elementor-widget-container\">\n\t\t\t\t\t\t\t<h5>Zvolenou laborato\u0159\u00ed v\u00fdzkumu jsou <span style=\"text-decoration: underline;\"><a href=\"\/telc\/\">po\u017e\u00e1ry m\u011bsta Tel\u010d<\/a><\/span> a v\u00fdzkum prob\u00edh\u00e1 v t\u011bchto oblastech:<\/h5><div><p><i class=\"tbi-Letter-Open\" style=\"font-size: 20px;\"><\/i> Shrom\u00e1\u017ed\u011bn\u00ed a pr\u016fzkum pramenn\u00e9 z\u00e1kladny, zejm\u00e9na <a href=\"\/literae-annuae\/\">v\u00fdro\u010dn\u00edch zpr\u00e1v koleje<\/a><\/p><p><i class=\"tbi-Tree-3\" style=\"font-size: 20px;\"><\/i> Dopln\u011bn\u00ed a vyhodnocen\u00ed <a href=\"\/dendrochronologicka-data\/\">dendrologick\u00fdch sond<\/a><\/p><p><i class=\"tbi-Fire-Flame2\" style=\"font-size: 20px;\"><\/i> <a href=\"\/modelovani-pozaru\/\">Modelace proud\u011bn\u00ed v\u011btru<\/a> a mo\u017enosti jej\u00edho vyu\u017eit\u00ed pro pozn\u00e1n\u00ed \u0161\u00ed\u0159en\u00ed konkr\u00e9tn\u00edho po\u017e\u00e1ru<\/p><\/div>\t\t\t\t\t\t<\/div>\n\t\t\t\t<\/div>\n\t\t\t\t<div class=\"elementor-element elementor-element-0cf37fd custom_list elementor-hidden-desktop elementor-hidden-tablet elementor-widget elementor-widget-text-editor\" data-id=\"0cf37fd\" data-element_type=\"widget\" data-widget_type=\"text-editor.default\">\n\t\t\t\t<div class=\"elementor-widget-container\">\n\t\t\t\t\t\t\t<h5>Zvolenou laborato\u0159\u00ed v\u00fdzkumu jsou <span style=\"text-decoration: underline;\"><a href=\"\/telc\/\">po\u017e\u00e1ry m\u011bsta Tel\u010d<\/a><\/span> a v\u00fdzkum prob\u00edh\u00e1 v t\u011bchto oblastech:<\/h5>\n<div>\n\n<i class=\"tbi-Letter-Open\" style=\"font-size: 20px;\"><\/i>\n<br>\n<p style=\"padding-top: 10px;\">Shrom\u00e1\u017ed\u011bn\u00ed a pr\u016fzkum pramenn\u00e9 z\u00e1kladny, zejm\u00e9na <a href=\"\/literae-annuae\/\">v\u00fdro\u010dn\u00edch zpr\u00e1v koleje<\/a><\/p>\n<br>\n\n<i class=\"tbi-Tree-3\" style=\"font-size: 20px;\"><\/i>\n<br>\n<p style=\"padding-top: 10px;\">\nDopln\u011bn\u00ed a vyhodnocen\u00ed <a href=\"\/dendrochronologicka-data\/\">dendrologick\u00fdch sond<\/a><\/p>\n<br>\n\n<i class=\"tbi-Fire-Flame2\" style=\"font-size: 20px;\"><\/i>\n<br>\n<p style=\"padding-top: 10px;\"><a href=\"\/modelovani-pozaru\/\">Modelace proud\u011bn\u00ed v\u011btru<\/a> a mo\u017enosti jej\u00edho vyu\u017eit\u00ed pro pozn\u00e1n\u00ed \u0161\u00ed\u0159en\u00ed konkr\u00e9tn\u00edho po\u017e\u00e1ru<\/p>\n\n<\/div>\t\t\t\t\t\t<\/div>\n\t\t\t\t<\/div>\n\t\t\t\t\t<\/div>\n\t\t<\/div>\n\t\t\t\t<div class=\"elementor-column elementor-col-50 elementor-top-column elementor-element elementor-element-f10e8d7\" data-id=\"f10e8d7\" data-element_type=\"column\">\n\t\t\t<div class=\"elementor-widget-wrap elementor-element-populated\">\n\t\t\t\t\t\t<div class=\"elementor-element elementor-element-92d791c elementor-widget elementor-widget-image\" data-id=\"92d791c\" data-element_type=\"widget\" data-settings=\"{&quot;_animation&quot;:&quot;none&quot;}\" data-widget_type=\"image.default\">\n\t\t\t\t<div class=\"elementor-widget-container\">\n\t\t\t\t\t\t\t\t\t\t\t\t\t<img decoding=\"async\" width=\"1024\" height=\"965\" src=\"https:\/\/pohromyakatastrofy.cz\/wp-content\/uploads\/2022\/02\/07_3Dmodel-1024x965.jpg\" class=\"attachment-large size-large wp-image-4087\" alt=\"\" srcset=\"https:\/\/pohromyakatastrofy.cz\/wp-content\/uploads\/2022\/02\/07_3Dmodel-1024x965.jpg 1024w, https:\/\/pohromyakatastrofy.cz\/wp-content\/uploads\/2022\/02\/07_3Dmodel-300x283.jpg 300w, https:\/\/pohromyakatastrofy.cz\/wp-content\/uploads\/2022\/02\/07_3Dmodel-768x724.jpg 768w, https:\/\/pohromyakatastrofy.cz\/wp-content\/uploads\/2022\/02\/07_3Dmodel-600x566.jpg 600w, https:\/\/pohromyakatastrofy.cz\/wp-content\/uploads\/2022\/02\/07_3Dmodel-200x189.jpg 200w, https:\/\/pohromyakatastrofy.cz\/wp-content\/uploads\/2022\/02\/07_3Dmodel-1536x1448.jpg 1536w, https:\/\/pohromyakatastrofy.cz\/wp-content\/uploads\/2022\/02\/07_3Dmodel-2048x1931.jpg 2048w\" sizes=\"(max-width: 1024px) 100vw, 1024px\" \/>\t\t\t\t\t\t\t\t\t\t\t\t\t<\/div>\n\t\t\t\t<\/div>\n\t\t\t\t\t<\/div>\n\t\t<\/div>\n\t\t\t\t\t<\/div>\n\t\t<\/section>\n\t\t\t\t<section class=\"elementor-section elementor-top-section elementor-element elementor-element-ff1fc6f elementor-section-content-middle elementor-section-boxed elementor-section-height-default elementor-section-height-default\" data-id=\"ff1fc6f\" data-element_type=\"section\">\n\t\t\t\t\t\t<div class=\"elementor-container elementor-column-gap-narrow\">\n\t\t\t\t\t<div class=\"elementor-column elementor-col-50 elementor-top-column elementor-element elementor-element-76e9b9c\" data-id=\"76e9b9c\" data-element_type=\"column\">\n\t\t\t<div class=\"elementor-widget-wrap\">\n\t\t\t\t\t\t\t<\/div>\n\t\t<\/div>\n\t\t\t\t<div class=\"elementor-column elementor-col-50 elementor-top-column elementor-element elementor-element-84ce2aa right_box\" data-id=\"84ce2aa\" data-element_type=\"column\">\n\t\t\t<div class=\"elementor-widget-wrap elementor-element-populated\">\n\t\t\t\t\t\t<div class=\"elementor-element elementor-element-f18898c elementor-position-right elementor-vertical-align-top elementor-widget elementor-widget-image-box\" data-id=\"f18898c\" data-element_type=\"widget\" data-widget_type=\"image-box.default\">\n\t\t\t\t<div class=\"elementor-widget-container\">\n\t\t\t<div class=\"elementor-image-box-wrapper\"><figure class=\"elementor-image-box-img\"><a href=\"\/rybniky-jako-potencialni-nebezpeci\/\" tabindex=\"-1\"><img decoding=\"async\" width=\"2448\" height=\"1836\" src=\"https:\/\/pohromyakatastrofy.cz\/wp-content\/uploads\/2021\/11\/rybnik_compressed.jpg\" class=\"attachment-full size-full wp-image-605\" alt=\"\" srcset=\"https:\/\/pohromyakatastrofy.cz\/wp-content\/uploads\/2021\/11\/rybnik_compressed.jpg 2448w, https:\/\/pohromyakatastrofy.cz\/wp-content\/uploads\/2021\/11\/rybnik_compressed-300x225.jpg 300w, https:\/\/pohromyakatastrofy.cz\/wp-content\/uploads\/2021\/11\/rybnik_compressed-1024x768.jpg 1024w, https:\/\/pohromyakatastrofy.cz\/wp-content\/uploads\/2021\/11\/rybnik_compressed-768x576.jpg 768w, https:\/\/pohromyakatastrofy.cz\/wp-content\/uploads\/2021\/11\/rybnik_compressed-600x450.jpg 600w, https:\/\/pohromyakatastrofy.cz\/wp-content\/uploads\/2021\/11\/rybnik_compressed-200x150.jpg 200w, https:\/\/pohromyakatastrofy.cz\/wp-content\/uploads\/2021\/11\/rybnik_compressed-1536x1152.jpg 1536w, https:\/\/pohromyakatastrofy.cz\/wp-content\/uploads\/2021\/11\/rybnik_compressed-2048x1536.jpg 2048w\" sizes=\"(max-width: 2448px) 100vw, 2448px\" \/><\/a><\/figure><div class=\"elementor-image-box-content\"><span class=\"elementor-image-box-title\"><a href=\"\/rybniky-jako-potencialni-nebezpeci\/\">Dal\u0161\u00ed t\u00e9ma<\/a><\/span><p class=\"elementor-image-box-description\">Rybn\u00edky jako potenci\u00e1ln\u00ed nebezpe\u010d\u00ed<\/p><\/div><\/div>\t\t<\/div>\n\t\t\t\t<\/div>\n\t\t\t\t\t<\/div>\n\t\t<\/div>\n\t\t\t\t\t<\/div>\n\t\t<\/section>\n\t\t\t\t<\/div>\n\t\t","protected":false},"excerpt":{"rendered":"<p>Po\u017e\u00e1ry m\u011bsta a mo\u017enosti ov\u011b\u0159en\u00ed zpr\u00e1v o jejich pr\u016fb\u011bhu a d\u016fsledc\u00edch \u2013 p\u0159\u00edklad Tel\u010de V narativn\u00edch historick\u00fdch pramenech \u010dasto najdeme p\u016fsobiv\u00e1 l\u00ed\u010den\u00ed ni\u010div\u00fdch po\u017e\u00e1r\u016f m\u011bst, kter\u00e9 s nevelk\u00fdm \u010dasov\u00fdm dostupem st\u0159\u00edd\u00e1 popis kr\u00e1sy, a rozkv\u011btu t\u00e9\u017ee velmi prosperuj\u00ed obce. Tato disproporce n\u00e1s vede k ot\u00e1zce, jak\u00fd byl skute\u010dn\u00fd rozsah \u0161kod zp\u016fsoben\u00fdch ohn\u011bm. Pomoci n\u00e1m mohou [&hellip;]<\/p>\n","protected":false},"author":2,"featured_media":0,"parent":0,"menu_order":0,"comment_status":"closed","ping_status":"closed","template":"elementor_header_footer","meta":{"_acf_changed":false,"footnotes":""},"class_list":["post-4139","page","type-page","status-publish","hentry"],"acf":[],"yoast_head":"<!-- This site is optimized with the Yoast SEO plugin v27.3 - https:\/\/yoast.com\/product\/yoast-seo-wordpress\/ -->\n<title>Po\u017e\u00e1ry m\u011bsta a mo\u017enosti ov\u011b\u0159en\u00ed zpr\u00e1v o jejich pr\u016fb\u011bhu a d\u016fsledc\u00edch \u2013 p\u0159\u00edklad Tel\u010de - Katastrofy<\/title>\n<meta name=\"robots\" content=\"index, follow, max-snippet:-1, max-image-preview:large, max-video-preview:-1\" \/>\n<link rel=\"canonical\" href=\"https:\/\/pohromyakatastrofy.cz\/en\/pozary-mesta-a-moznosti-overeni-zprav-o-jejich-prubehu-a-dusledcich-priklad-telce\/\" \/>\n<meta property=\"og:locale\" content=\"en_US\" \/>\n<meta property=\"og:type\" content=\"article\" \/>\n<meta property=\"og:title\" content=\"Po\u017e\u00e1ry m\u011bsta a mo\u017enosti ov\u011b\u0159en\u00ed zpr\u00e1v o jejich pr\u016fb\u011bhu a d\u016fsledc\u00edch \u2013 p\u0159\u00edklad Tel\u010de - Katastrofy\" \/>\n<meta property=\"og:description\" content=\"Po\u017e\u00e1ry m\u011bsta a mo\u017enosti ov\u011b\u0159en\u00ed zpr\u00e1v o jejich pr\u016fb\u011bhu a d\u016fsledc\u00edch \u2013 p\u0159\u00edklad Tel\u010de V narativn\u00edch historick\u00fdch pramenech \u010dasto najdeme p\u016fsobiv\u00e1 l\u00ed\u010den\u00ed ni\u010div\u00fdch po\u017e\u00e1r\u016f m\u011bst, kter\u00e9 s nevelk\u00fdm \u010dasov\u00fdm dostupem st\u0159\u00edd\u00e1 popis kr\u00e1sy, a rozkv\u011btu t\u00e9\u017ee velmi prosperuj\u00ed obce. Tato disproporce n\u00e1s vede k ot\u00e1zce, jak\u00fd byl skute\u010dn\u00fd rozsah \u0161kod zp\u016fsoben\u00fdch ohn\u011bm. Pomoci n\u00e1m mohou [&hellip;]\" \/>\n<meta property=\"og:url\" content=\"https:\/\/pohromyakatastrofy.cz\/en\/pozary-mesta-a-moznosti-overeni-zprav-o-jejich-prubehu-a-dusledcich-priklad-telce\/\" \/>\n<meta property=\"og:site_name\" content=\"Katastrofy\" \/>\n<meta property=\"article:modified_time\" content=\"2025-01-07T10:48:23+00:00\" \/>\n<meta property=\"og:image\" content=\"http:\/\/pohromyakatastrofy.cz\/wp-content\/uploads\/2022\/02\/01.jpg\" \/>\n<meta name=\"twitter:card\" content=\"summary_large_image\" \/>\n<meta name=\"twitter:label1\" content=\"Est. reading time\" \/>\n\t<meta name=\"twitter:data1\" content=\"2 minutes\" \/>\n<script type=\"application\/ld+json\" class=\"yoast-schema-graph\">{\"@context\":\"https:\\\/\\\/schema.org\",\"@graph\":[{\"@type\":\"WebPage\",\"@id\":\"https:\\\/\\\/pohromyakatastrofy.cz\\\/en\\\/pozary-mesta-a-moznosti-overeni-zprav-o-jejich-prubehu-a-dusledcich-priklad-telce\\\/\",\"url\":\"https:\\\/\\\/pohromyakatastrofy.cz\\\/en\\\/pozary-mesta-a-moznosti-overeni-zprav-o-jejich-prubehu-a-dusledcich-priklad-telce\\\/\",\"name\":\"Po\u017e\u00e1ry m\u011bsta a mo\u017enosti ov\u011b\u0159en\u00ed zpr\u00e1v o jejich pr\u016fb\u011bhu a d\u016fsledc\u00edch \u2013 p\u0159\u00edklad Tel\u010de - Katastrofy\",\"isPartOf\":{\"@id\":\"https:\\\/\\\/pohromyakatastrofy.cz\\\/en\\\/#website\"},\"primaryImageOfPage\":{\"@id\":\"https:\\\/\\\/pohromyakatastrofy.cz\\\/en\\\/pozary-mesta-a-moznosti-overeni-zprav-o-jejich-prubehu-a-dusledcich-priklad-telce\\\/#primaryimage\"},\"image\":{\"@id\":\"https:\\\/\\\/pohromyakatastrofy.cz\\\/en\\\/pozary-mesta-a-moznosti-overeni-zprav-o-jejich-prubehu-a-dusledcich-priklad-telce\\\/#primaryimage\"},\"thumbnailUrl\":\"http:\\\/\\\/pohromyakatastrofy.cz\\\/wp-content\\\/uploads\\\/2022\\\/02\\\/01.jpg\",\"datePublished\":\"2021-12-01T11:52:44+00:00\",\"dateModified\":\"2025-01-07T10:48:23+00:00\",\"breadcrumb\":{\"@id\":\"https:\\\/\\\/pohromyakatastrofy.cz\\\/en\\\/pozary-mesta-a-moznosti-overeni-zprav-o-jejich-prubehu-a-dusledcich-priklad-telce\\\/#breadcrumb\"},\"inLanguage\":\"en-US\",\"potentialAction\":[{\"@type\":\"ReadAction\",\"target\":[\"https:\\\/\\\/pohromyakatastrofy.cz\\\/en\\\/pozary-mesta-a-moznosti-overeni-zprav-o-jejich-prubehu-a-dusledcich-priklad-telce\\\/\"]}]},{\"@type\":\"ImageObject\",\"inLanguage\":\"en-US\",\"@id\":\"https:\\\/\\\/pohromyakatastrofy.cz\\\/en\\\/pozary-mesta-a-moznosti-overeni-zprav-o-jejich-prubehu-a-dusledcich-priklad-telce\\\/#primaryimage\",\"url\":\"http:\\\/\\\/pohromyakatastrofy.cz\\\/wp-content\\\/uploads\\\/2022\\\/02\\\/01.jpg\",\"contentUrl\":\"http:\\\/\\\/pohromyakatastrofy.cz\\\/wp-content\\\/uploads\\\/2022\\\/02\\\/01.jpg\"},{\"@type\":\"BreadcrumbList\",\"@id\":\"https:\\\/\\\/pohromyakatastrofy.cz\\\/en\\\/pozary-mesta-a-moznosti-overeni-zprav-o-jejich-prubehu-a-dusledcich-priklad-telce\\\/#breadcrumb\",\"itemListElement\":[{\"@type\":\"ListItem\",\"position\":1,\"name\":\"Dom\u016f\",\"item\":\"https:\\\/\\\/pohromyakatastrofy.cz\\\/en\\\/\"},{\"@type\":\"ListItem\",\"position\":2,\"name\":\"Po\u017e\u00e1ry m\u011bsta a mo\u017enosti ov\u011b\u0159en\u00ed zpr\u00e1v o jejich pr\u016fb\u011bhu a d\u016fsledc\u00edch \u2013 p\u0159\u00edklad Tel\u010de\"}]},{\"@type\":\"WebSite\",\"@id\":\"https:\\\/\\\/pohromyakatastrofy.cz\\\/en\\\/#website\",\"url\":\"https:\\\/\\\/pohromyakatastrofy.cz\\\/en\\\/\",\"name\":\"Katastrofy\",\"description\":\"Voda a ohe\u0148 \u2013 \u017eivly zkrocen\u00e9 nebo ni\u010d\u00edc\u00ed? Vypr\u00e1v\u011bn\u00ed versus realita?\",\"publisher\":{\"@id\":\"https:\\\/\\\/pohromyakatastrofy.cz\\\/en\\\/#organization\"},\"potentialAction\":[{\"@type\":\"SearchAction\",\"target\":{\"@type\":\"EntryPoint\",\"urlTemplate\":\"https:\\\/\\\/pohromyakatastrofy.cz\\\/en\\\/?s={search_term_string}\"},\"query-input\":{\"@type\":\"PropertyValueSpecification\",\"valueRequired\":true,\"valueName\":\"search_term_string\"}}],\"inLanguage\":\"en-US\"},{\"@type\":\"Organization\",\"@id\":\"https:\\\/\\\/pohromyakatastrofy.cz\\\/en\\\/#organization\",\"name\":\"Historick\u00fd \u00fastav AV \u010cR, v. v. i.\",\"url\":\"https:\\\/\\\/pohromyakatastrofy.cz\\\/en\\\/\",\"logo\":{\"@type\":\"ImageObject\",\"inLanguage\":\"en-US\",\"@id\":\"https:\\\/\\\/pohromyakatastrofy.cz\\\/en\\\/#\\\/schema\\\/logo\\\/image\\\/\",\"url\":\"https:\\\/\\\/pohromyakatastrofy.cz\\\/wp-content\\\/uploads\\\/2021\\\/11\\\/logo-HU.jpg\",\"contentUrl\":\"https:\\\/\\\/pohromyakatastrofy.cz\\\/wp-content\\\/uploads\\\/2021\\\/11\\\/logo-HU.jpg\",\"width\":1916,\"height\":351,\"caption\":\"Historick\u00fd \u00fastav AV \u010cR, v. v. i.\"},\"image\":{\"@id\":\"https:\\\/\\\/pohromyakatastrofy.cz\\\/en\\\/#\\\/schema\\\/logo\\\/image\\\/\"}}]}<\/script>\n<!-- \/ Yoast SEO plugin. -->","yoast_head_json":{"title":"Po\u017e\u00e1ry m\u011bsta a mo\u017enosti ov\u011b\u0159en\u00ed zpr\u00e1v o jejich pr\u016fb\u011bhu a d\u016fsledc\u00edch \u2013 p\u0159\u00edklad Tel\u010de - Katastrofy","robots":{"index":"index","follow":"follow","max-snippet":"max-snippet:-1","max-image-preview":"max-image-preview:large","max-video-preview":"max-video-preview:-1"},"canonical":"https:\/\/pohromyakatastrofy.cz\/en\/pozary-mesta-a-moznosti-overeni-zprav-o-jejich-prubehu-a-dusledcich-priklad-telce\/","og_locale":"en_US","og_type":"article","og_title":"Po\u017e\u00e1ry m\u011bsta a mo\u017enosti ov\u011b\u0159en\u00ed zpr\u00e1v o jejich pr\u016fb\u011bhu a d\u016fsledc\u00edch \u2013 p\u0159\u00edklad Tel\u010de - Katastrofy","og_description":"Po\u017e\u00e1ry m\u011bsta a mo\u017enosti ov\u011b\u0159en\u00ed zpr\u00e1v o jejich pr\u016fb\u011bhu a d\u016fsledc\u00edch \u2013 p\u0159\u00edklad Tel\u010de V narativn\u00edch historick\u00fdch pramenech \u010dasto najdeme p\u016fsobiv\u00e1 l\u00ed\u010den\u00ed ni\u010div\u00fdch po\u017e\u00e1r\u016f m\u011bst, kter\u00e9 s nevelk\u00fdm \u010dasov\u00fdm dostupem st\u0159\u00edd\u00e1 popis kr\u00e1sy, a rozkv\u011btu t\u00e9\u017ee velmi prosperuj\u00ed obce. Tato disproporce n\u00e1s vede k ot\u00e1zce, jak\u00fd byl skute\u010dn\u00fd rozsah \u0161kod zp\u016fsoben\u00fdch ohn\u011bm. Pomoci n\u00e1m mohou [&hellip;]","og_url":"https:\/\/pohromyakatastrofy.cz\/en\/pozary-mesta-a-moznosti-overeni-zprav-o-jejich-prubehu-a-dusledcich-priklad-telce\/","og_site_name":"Katastrofy","article_modified_time":"2025-01-07T10:48:23+00:00","og_image":[{"url":"http:\/\/pohromyakatastrofy.cz\/wp-content\/uploads\/2022\/02\/01.jpg","type":"","width":"","height":""}],"twitter_card":"summary_large_image","twitter_misc":{"Est. reading time":"2 minutes"},"schema":{"@context":"https:\/\/schema.org","@graph":[{"@type":"WebPage","@id":"https:\/\/pohromyakatastrofy.cz\/en\/pozary-mesta-a-moznosti-overeni-zprav-o-jejich-prubehu-a-dusledcich-priklad-telce\/","url":"https:\/\/pohromyakatastrofy.cz\/en\/pozary-mesta-a-moznosti-overeni-zprav-o-jejich-prubehu-a-dusledcich-priklad-telce\/","name":"Po\u017e\u00e1ry m\u011bsta a mo\u017enosti ov\u011b\u0159en\u00ed zpr\u00e1v o jejich pr\u016fb\u011bhu a d\u016fsledc\u00edch \u2013 p\u0159\u00edklad Tel\u010de - Katastrofy","isPartOf":{"@id":"https:\/\/pohromyakatastrofy.cz\/en\/#website"},"primaryImageOfPage":{"@id":"https:\/\/pohromyakatastrofy.cz\/en\/pozary-mesta-a-moznosti-overeni-zprav-o-jejich-prubehu-a-dusledcich-priklad-telce\/#primaryimage"},"image":{"@id":"https:\/\/pohromyakatastrofy.cz\/en\/pozary-mesta-a-moznosti-overeni-zprav-o-jejich-prubehu-a-dusledcich-priklad-telce\/#primaryimage"},"thumbnailUrl":"http:\/\/pohromyakatastrofy.cz\/wp-content\/uploads\/2022\/02\/01.jpg","datePublished":"2021-12-01T11:52:44+00:00","dateModified":"2025-01-07T10:48:23+00:00","breadcrumb":{"@id":"https:\/\/pohromyakatastrofy.cz\/en\/pozary-mesta-a-moznosti-overeni-zprav-o-jejich-prubehu-a-dusledcich-priklad-telce\/#breadcrumb"},"inLanguage":"en-US","potentialAction":[{"@type":"ReadAction","target":["https:\/\/pohromyakatastrofy.cz\/en\/pozary-mesta-a-moznosti-overeni-zprav-o-jejich-prubehu-a-dusledcich-priklad-telce\/"]}]},{"@type":"ImageObject","inLanguage":"en-US","@id":"https:\/\/pohromyakatastrofy.cz\/en\/pozary-mesta-a-moznosti-overeni-zprav-o-jejich-prubehu-a-dusledcich-priklad-telce\/#primaryimage","url":"http:\/\/pohromyakatastrofy.cz\/wp-content\/uploads\/2022\/02\/01.jpg","contentUrl":"http:\/\/pohromyakatastrofy.cz\/wp-content\/uploads\/2022\/02\/01.jpg"},{"@type":"BreadcrumbList","@id":"https:\/\/pohromyakatastrofy.cz\/en\/pozary-mesta-a-moznosti-overeni-zprav-o-jejich-prubehu-a-dusledcich-priklad-telce\/#breadcrumb","itemListElement":[{"@type":"ListItem","position":1,"name":"Dom\u016f","item":"https:\/\/pohromyakatastrofy.cz\/en\/"},{"@type":"ListItem","position":2,"name":"Po\u017e\u00e1ry m\u011bsta a mo\u017enosti ov\u011b\u0159en\u00ed zpr\u00e1v o jejich pr\u016fb\u011bhu a d\u016fsledc\u00edch \u2013 p\u0159\u00edklad Tel\u010de"}]},{"@type":"WebSite","@id":"https:\/\/pohromyakatastrofy.cz\/en\/#website","url":"https:\/\/pohromyakatastrofy.cz\/en\/","name":"Katastrofy","description":"Voda a ohe\u0148 \u2013 \u017eivly zkrocen\u00e9 nebo ni\u010d\u00edc\u00ed? Vypr\u00e1v\u011bn\u00ed versus realita?","publisher":{"@id":"https:\/\/pohromyakatastrofy.cz\/en\/#organization"},"potentialAction":[{"@type":"SearchAction","target":{"@type":"EntryPoint","urlTemplate":"https:\/\/pohromyakatastrofy.cz\/en\/?s={search_term_string}"},"query-input":{"@type":"PropertyValueSpecification","valueRequired":true,"valueName":"search_term_string"}}],"inLanguage":"en-US"},{"@type":"Organization","@id":"https:\/\/pohromyakatastrofy.cz\/en\/#organization","name":"Historick\u00fd \u00fastav AV \u010cR, v. v. i.","url":"https:\/\/pohromyakatastrofy.cz\/en\/","logo":{"@type":"ImageObject","inLanguage":"en-US","@id":"https:\/\/pohromyakatastrofy.cz\/en\/#\/schema\/logo\/image\/","url":"https:\/\/pohromyakatastrofy.cz\/wp-content\/uploads\/2021\/11\/logo-HU.jpg","contentUrl":"https:\/\/pohromyakatastrofy.cz\/wp-content\/uploads\/2021\/11\/logo-HU.jpg","width":1916,"height":351,"caption":"Historick\u00fd \u00fastav AV \u010cR, v. v. i."},"image":{"@id":"https:\/\/pohromyakatastrofy.cz\/en\/#\/schema\/logo\/image\/"}}]}},"_links":{"self":[{"href":"https:\/\/pohromyakatastrofy.cz\/en\/wp-json\/wp\/v2\/pages\/4139","targetHints":{"allow":["GET"]}}],"collection":[{"href":"https:\/\/pohromyakatastrofy.cz\/en\/wp-json\/wp\/v2\/pages"}],"about":[{"href":"https:\/\/pohromyakatastrofy.cz\/en\/wp-json\/wp\/v2\/types\/page"}],"author":[{"embeddable":true,"href":"https:\/\/pohromyakatastrofy.cz\/en\/wp-json\/wp\/v2\/users\/2"}],"replies":[{"embeddable":true,"href":"https:\/\/pohromyakatastrofy.cz\/en\/wp-json\/wp\/v2\/comments?post=4139"}],"version-history":[{"count":1,"href":"https:\/\/pohromyakatastrofy.cz\/en\/wp-json\/wp\/v2\/pages\/4139\/revisions"}],"predecessor-version":[{"id":4305,"href":"https:\/\/pohromyakatastrofy.cz\/en\/wp-json\/wp\/v2\/pages\/4139\/revisions\/4305"}],"wp:attachment":[{"href":"https:\/\/pohromyakatastrofy.cz\/en\/wp-json\/wp\/v2\/media?parent=4139"}],"curies":[{"name":"wp","href":"https:\/\/api.w.org\/{rel}","templated":true}]}}