{"id":4140,"date":"2021-11-13T22:25:06","date_gmt":"2021-11-13T21:25:06","guid":{"rendered":"https:\/\/pohromyakatastrofy.cz\/pramenny-rozcestnik\/"},"modified":"2025-01-07T11:50:28","modified_gmt":"2025-01-07T10:50:28","slug":"pramenny-rozcestnik","status":"publish","type":"page","link":"https:\/\/pohromyakatastrofy.cz\/en\/pramenny-rozcestnik\/","title":{"rendered":"Pramenn\u00fd rozcestn\u00edk"},"content":{"rendered":"\t\t<div data-elementor-type=\"wp-page\" data-elementor-id=\"4140\" class=\"elementor elementor-4140 elementor-1915\" data-elementor-post-type=\"page\">\n\t\t\t\t\t\t<section class=\"elementor-section elementor-top-section elementor-element elementor-element-57a404fc elementor-section-boxed elementor-section-height-default elementor-section-height-default\" data-id=\"57a404fc\" data-element_type=\"section\">\n\t\t\t\t\t\t<div class=\"elementor-container elementor-column-gap-default\">\n\t\t\t\t\t<div class=\"elementor-column elementor-col-100 elementor-top-column elementor-element elementor-element-15d88936\" data-id=\"15d88936\" data-element_type=\"column\">\n\t\t\t<div class=\"elementor-widget-wrap elementor-element-populated\">\n\t\t\t\t\t\t<div class=\"elementor-element elementor-element-5bae40d4 elementor-widget elementor-widget-text-editor\" data-id=\"5bae40d4\" data-element_type=\"widget\" data-widget_type=\"text-editor.default\">\n\t\t\t\t<div class=\"elementor-widget-container\">\n\t\t\t    <div class=\"signpostFilter__help\">\r\n        <a href=\"#\" class=\"signpostFilter__helpToggle\">\r\n            <svg xmlns=\"http:\/\/www.w3.org\/2000\/svg\" width=\"18\" height=\"18\" viewBox=\"0 0 24 24\" fill=\"none\" stroke=\"currentColor\" stroke-width=\"2\" stroke-linecap=\"round\" stroke-linejoin=\"round\" class=\"feather feather-help-circle\"><circle cx=\"12\" cy=\"12\" r=\"10\"><\/circle><path d=\"M9.09 9a3 3 0 0 1 5.83 1c0 2-3 3-3 3\"><\/path><line x1=\"12\" y1=\"17\" x2=\"12.01\" y2=\"17\"><\/line><\/svg>\r\n            &nbsp;Help<\/a>\r\n        <div class=\"signpostFilter__contentWrapper\">\r\n            <div class=\"signpostFilter__content\">\r\n                <h3>Instructions for use<\/h3>\r\n                <p>\r\n                    <strong>Time period<\/strong><br>\r\n\r\n                    Allows you to choose between the Middle Ages (1300 to 1560) and the Early Modern period (1550 to 1780)                <\/p>\r\n                <p>\r\n                    <strong>Environment<\/strong><br>\r\n                    Expresses whether the environment was rural (upper class) or urban (townspeople)                <\/p>\r\n                <p>\r\n                    <strong>Type of information<\/strong><br>\r\n                    <ul>\r\n                    <li><strong>Simple information<\/strong><br>\r\n                        We only know that at some point there was an event that could have led to a disaster or catastrophe<\/li>\r\n                    <li><strong>Extent of damage<\/strong><br>\r\n                        This does not necessarily have to be a specific quantification of damages in a given currency, this is usually in accounting material<br>\r\n                        More often verbal evaluation<\/li>\r\n                    <li><strong>Victims<\/strong><br>\r\n                    The exact number of direct casualties is a very specific piece of information that rarely appears in the sources<\/li>\r\n                    <li><strong>Implications<\/strong><br>\r\n                    These are not meant to be specific preventive measures, but rather changes that have occurred in the context of the disaster<\/li>\r\n                    <li><strong>Preventive measures<\/strong><br>\r\n                    Specific, usually precisely formulated, measures to prevent or mitigate the consequences of a disaster<\/li>\r\n                    <li><strong>Event description<\/strong><br>\r\n                    A more coherent text describing the event.<\/li>\r\n                <\/ul>\r\n                <\/p>\r\n                <a href=\"#\" class=\"signpostFilter__helpToggle signpostFilter__contentHelpToggle\">\r\n                    <svg xmlns=\"http:\/\/www.w3.org\/2000\/svg\" width=\"24\" height=\"24\" viewBox=\"0 0 24 24\" fill=\"none\"\r\n                         stroke=\"currentColor\" stroke-width=\"2\" stroke-linecap=\"round\" stroke-linejoin=\"round\">\r\n                        <polyline points=\"6 9 12 15 18 9\"><\/polyline>\r\n                    <\/svg>\r\n                    Hide Help<\/a>\r\n            <\/div>\r\n        <\/div>\r\n    <\/div>\r\n    <div class='signpostFilter'>\r\n\r\n        \r\n            <div class=\"signpostFilter__item\">\r\n\r\n                <label for=\"element\">Element<\/label>\r\n\r\n                <select name=\"element\" id=\"element\" data-filterindex=\"0\" >\r\n                    <option value='none'>Choose<\/option><option value='95'>Fire<\/option><option value='96'>Water<\/option><option value='97'>Air<\/option><option value='98'>Earth<\/option>                <\/select>\r\n\r\n            <\/div>\r\n\r\n            \r\n            <div class=\"signpostFilter__item\">\r\n\r\n                <label for=\"disaster\">Disaster<\/label>\r\n\r\n                <select name=\"disaster\" id=\"disaster\" data-filterindex=\"1\" disabled>\r\n                    <option value='none'>Choose<\/option><option value='84'data-filterkey='96'>Icing<\/option><option value='85'data-filterkey='96'>Flood<\/option><option value='86'data-filterkey='95'>Fire<\/option><option value='87'data-filterkey='98'>Landslide<\/option><option value='88'data-filterkey='96'>Drought<\/option><option value='89'data-filterkey='97'>Whirlwind<\/option><option value='90'data-filterkey='98'>Earthquake<\/option>                <\/select>\r\n\r\n            <\/div>\r\n\r\n            \r\n            <div class=\"signpostFilter__item\">\r\n\r\n                <label for=\"time-period\">Time period<\/label>\r\n\r\n                <select name=\"time-period\" id=\"time-period\" data-filterindex=\"2\" disabled>\r\n                    <option value='none'>Choose<\/option><option value='74'>Early Modern Age<\/option><option value='75'>Medieval<\/option>                <\/select>\r\n\r\n            <\/div>\r\n\r\n            \r\n            <div class=\"signpostFilter__item\">\r\n\r\n                <label for=\"environment\">Environment<\/label>\r\n\r\n                <select name=\"environment\" id=\"environment\" data-filterindex=\"3\" disabled>\r\n                    <option value='none'>Choose<\/option><option value='92'>Townspeople<\/option><option value='93'>Suzerain<\/option>                <\/select>\r\n\r\n            <\/div>\r\n\r\n            \r\n            <div class=\"signpostFilter__item\">\r\n\r\n                <label for=\"kind-of-information\">Kind of information<\/label>\r\n\r\n                <select name=\"kind-of-information\" id=\"kind-of-information\" data-filterindex=\"4\" disabled>\r\n                    <option value='none'>Choose<\/option><option value='77'>Consequences of the event<\/option><option value='78'>Number of victims<\/option><option value='79'>Description of the event<\/option><option value='80'>Preventive measures<\/option><option value='81'>A simple mention<\/option><option value='82'>Extent of damage<\/option>                <\/select>\r\n\r\n            <\/div>\r\n\r\n            \r\n        <div class=\"signpostFilter__item signpostFilter__submit\">\r\n            <a class=\"signpostFilter__find -disabled\" href=\"#\" data-lang=\"en\">\r\n                <span class=\"signpostFilter__findIconWrapper\">\r\n                    <svg class=\"signpostFilter__findIcon\" xmlns=\"http:\/\/www.w3.org\/2000\/svg\" width=\"24\" height=\"24\" viewBox=\"0 0 24 24\" fill=\"none\"\r\n                                 stroke=\"currentColor\" stroke-width=\"2\" stroke-linecap=\"round\" stroke-linejoin=\"round\">\r\n                        <circle cx=\"11\" cy=\"11\" r=\"8\"\/>\r\n                        <path d=\"m21 21-4.35-4.35\"\/>\r\n                    <\/svg>\r\n                    <svg class=\"signpostFilter__loader\" width=\"24\" height=\"24\" viewBox=\"0 0 38 38\" xmlns=\"http:\/\/www.w3.org\/2000\/svg\" stroke=\"currentColor\"><g transform=\"translate(1 1)\" stroke-width=\"2\" fill=\"none\" fill-rule=\"evenodd\"><circle stroke-opacity=\".5\" cx=\"18\" cy=\"18\" r=\"18\"\/><path d=\"M36 18c0-9.94-8.06-18-18-18\"><animateTransform attributeName=\"transform\" type=\"rotate\" from=\"0 18 18\" to=\"360 18 18\" dur=\"1s\" repeatCount=\"indefinite\"\/><\/path><\/g><\/svg>\r\n                <\/span>\r\n                Find Sources            <\/a>\r\n        <\/div>\r\n    <\/div>\r\n\r\n    <p class=\"signpostFilter__warning\">Changing one field deletes the following fields.<\/p>\r\n\r\n    <div class=\"signpostFilter__results\">\r\n        The results of the source signpost will be shown here    <\/div>\r\n\r\n    \t\t\t\t<!-- wp:shortcode -->\n\n<!-- \/wp:shortcode -->\n\n<!-- wp:paragraph -->\n<p><\/p>\n<!-- \/wp:paragraph -->\t\t\t\t\t\t<\/div>\n\t\t\t\t<\/div>\n\t\t\t\t\t<\/div>\n\t\t<\/div>\n\t\t\t\t\t<\/div>\n\t\t<\/section>\n\t\t\t\t<section class=\"elementor-section elementor-top-section elementor-element elementor-element-f51d9e5 elementor-section-boxed elementor-section-height-default elementor-section-height-default\" data-id=\"f51d9e5\" data-element_type=\"section\">\n\t\t\t\t\t\t<div class=\"elementor-container elementor-column-gap-default\">\n\t\t\t\t\t<div class=\"elementor-column elementor-col-100 elementor-top-column elementor-element elementor-element-7699d10\" data-id=\"7699d10\" data-element_type=\"column\">\n\t\t\t<div class=\"elementor-widget-wrap elementor-element-populated\">\n\t\t\t\t\t\t<div class=\"elementor-element elementor-element-392e157 elementor-widget elementor-widget-heading\" data-id=\"392e157\" data-element_type=\"widget\" data-widget_type=\"heading.default\">\n\t\t\t\t<div class=\"elementor-widget-container\">\n\t\t\t<h5 class=\"elementor-heading-title elementor-size-default\"><a href=\"https:\/\/cf02ac1f-62a9-4323-95da-8f62f64ed9f8.filesusr.com\/ugd\/b5fccb_d6efb0969c754040828537b81c9e1158.pdf\">N\u00e1vod k pou\u017eit\u00ed a typologie pramen\u016f ke sta\u017een\u00ed zde.<\/a><\/h5>\t\t<\/div>\n\t\t\t\t<\/div>\n\t\t\t\t\t<\/div>\n\t\t<\/div>\n\t\t\t\t\t<\/div>\n\t\t<\/section>\n\t\t\t\t<\/div>\n\t\t","protected":false},"excerpt":{"rendered":"<p>N\u00e1vod k pou\u017eit\u00ed a typologie pramen\u016f ke sta\u017een\u00ed zde.<\/p>\n","protected":false},"author":2,"featured_media":0,"parent":0,"menu_order":0,"comment_status":"closed","ping_status":"closed","template":"","meta":{"_acf_changed":false,"footnotes":""},"class_list":["post-4140","page","type-page","status-publish","hentry"],"acf":[],"yoast_head":"<!-- This site is optimized with the Yoast SEO plugin v27.3 - https:\/\/yoast.com\/product\/yoast-seo-wordpress\/ -->\n<title>Pramenn\u00fd rozcestn\u00edk - Katastrofy<\/title>\n<meta name=\"robots\" content=\"index, follow, max-snippet:-1, max-image-preview:large, max-video-preview:-1\" \/>\n<link rel=\"canonical\" href=\"https:\/\/pohromyakatastrofy.cz\/en\/pramenny-rozcestnik\/\" \/>\n<meta property=\"og:locale\" content=\"en_US\" \/>\n<meta property=\"og:type\" content=\"article\" \/>\n<meta property=\"og:title\" content=\"Pramenn\u00fd rozcestn\u00edk - Katastrofy\" \/>\n<meta property=\"og:description\" content=\"N\u00e1vod k pou\u017eit\u00ed a typologie pramen\u016f ke sta\u017een\u00ed zde.\" \/>\n<meta property=\"og:url\" content=\"https:\/\/pohromyakatastrofy.cz\/en\/pramenny-rozcestnik\/\" \/>\n<meta property=\"og:site_name\" content=\"Katastrofy\" \/>\n<meta property=\"article:modified_time\" content=\"2025-01-07T10:50:28+00:00\" \/>\n<meta name=\"twitter:card\" content=\"summary_large_image\" \/>\n<meta name=\"twitter:label1\" content=\"Est. reading time\" \/>\n\t<meta name=\"twitter:data1\" content=\"1 minute\" \/>\n<script type=\"application\/ld+json\" class=\"yoast-schema-graph\">{\"@context\":\"https:\\\/\\\/schema.org\",\"@graph\":[{\"@type\":\"WebPage\",\"@id\":\"https:\\\/\\\/pohromyakatastrofy.cz\\\/en\\\/pramenny-rozcestnik\\\/\",\"url\":\"https:\\\/\\\/pohromyakatastrofy.cz\\\/en\\\/pramenny-rozcestnik\\\/\",\"name\":\"Pramenn\u00fd rozcestn\u00edk - Katastrofy\",\"isPartOf\":{\"@id\":\"https:\\\/\\\/pohromyakatastrofy.cz\\\/en\\\/#website\"},\"datePublished\":\"2021-11-13T21:25:06+00:00\",\"dateModified\":\"2025-01-07T10:50:28+00:00\",\"breadcrumb\":{\"@id\":\"https:\\\/\\\/pohromyakatastrofy.cz\\\/en\\\/pramenny-rozcestnik\\\/#breadcrumb\"},\"inLanguage\":\"en-US\",\"potentialAction\":[{\"@type\":\"ReadAction\",\"target\":[\"https:\\\/\\\/pohromyakatastrofy.cz\\\/en\\\/pramenny-rozcestnik\\\/\"]}]},{\"@type\":\"BreadcrumbList\",\"@id\":\"https:\\\/\\\/pohromyakatastrofy.cz\\\/en\\\/pramenny-rozcestnik\\\/#breadcrumb\",\"itemListElement\":[{\"@type\":\"ListItem\",\"position\":1,\"name\":\"Dom\u016f\",\"item\":\"https:\\\/\\\/pohromyakatastrofy.cz\\\/en\\\/\"},{\"@type\":\"ListItem\",\"position\":2,\"name\":\"Pramenn\u00fd rozcestn\u00edk\"}]},{\"@type\":\"WebSite\",\"@id\":\"https:\\\/\\\/pohromyakatastrofy.cz\\\/en\\\/#website\",\"url\":\"https:\\\/\\\/pohromyakatastrofy.cz\\\/en\\\/\",\"name\":\"Katastrofy\",\"description\":\"Voda a ohe\u0148 \u2013 \u017eivly zkrocen\u00e9 nebo ni\u010d\u00edc\u00ed? Vypr\u00e1v\u011bn\u00ed versus realita?\",\"publisher\":{\"@id\":\"https:\\\/\\\/pohromyakatastrofy.cz\\\/en\\\/#organization\"},\"potentialAction\":[{\"@type\":\"SearchAction\",\"target\":{\"@type\":\"EntryPoint\",\"urlTemplate\":\"https:\\\/\\\/pohromyakatastrofy.cz\\\/en\\\/?s={search_term_string}\"},\"query-input\":{\"@type\":\"PropertyValueSpecification\",\"valueRequired\":true,\"valueName\":\"search_term_string\"}}],\"inLanguage\":\"en-US\"},{\"@type\":\"Organization\",\"@id\":\"https:\\\/\\\/pohromyakatastrofy.cz\\\/en\\\/#organization\",\"name\":\"Historick\u00fd \u00fastav AV \u010cR, v. v. i.\",\"url\":\"https:\\\/\\\/pohromyakatastrofy.cz\\\/en\\\/\",\"logo\":{\"@type\":\"ImageObject\",\"inLanguage\":\"en-US\",\"@id\":\"https:\\\/\\\/pohromyakatastrofy.cz\\\/en\\\/#\\\/schema\\\/logo\\\/image\\\/\",\"url\":\"https:\\\/\\\/pohromyakatastrofy.cz\\\/wp-content\\\/uploads\\\/2021\\\/11\\\/logo-HU.jpg\",\"contentUrl\":\"https:\\\/\\\/pohromyakatastrofy.cz\\\/wp-content\\\/uploads\\\/2021\\\/11\\\/logo-HU.jpg\",\"width\":1916,\"height\":351,\"caption\":\"Historick\u00fd \u00fastav AV \u010cR, v. v. i.\"},\"image\":{\"@id\":\"https:\\\/\\\/pohromyakatastrofy.cz\\\/en\\\/#\\\/schema\\\/logo\\\/image\\\/\"}}]}<\/script>\n<!-- \/ Yoast SEO plugin. -->","yoast_head_json":{"title":"Pramenn\u00fd rozcestn\u00edk - Katastrofy","robots":{"index":"index","follow":"follow","max-snippet":"max-snippet:-1","max-image-preview":"max-image-preview:large","max-video-preview":"max-video-preview:-1"},"canonical":"https:\/\/pohromyakatastrofy.cz\/en\/pramenny-rozcestnik\/","og_locale":"en_US","og_type":"article","og_title":"Pramenn\u00fd rozcestn\u00edk - Katastrofy","og_description":"N\u00e1vod k pou\u017eit\u00ed a typologie pramen\u016f ke sta\u017een\u00ed zde.","og_url":"https:\/\/pohromyakatastrofy.cz\/en\/pramenny-rozcestnik\/","og_site_name":"Katastrofy","article_modified_time":"2025-01-07T10:50:28+00:00","twitter_card":"summary_large_image","twitter_misc":{"Est. reading time":"1 minute"},"schema":{"@context":"https:\/\/schema.org","@graph":[{"@type":"WebPage","@id":"https:\/\/pohromyakatastrofy.cz\/en\/pramenny-rozcestnik\/","url":"https:\/\/pohromyakatastrofy.cz\/en\/pramenny-rozcestnik\/","name":"Pramenn\u00fd rozcestn\u00edk - Katastrofy","isPartOf":{"@id":"https:\/\/pohromyakatastrofy.cz\/en\/#website"},"datePublished":"2021-11-13T21:25:06+00:00","dateModified":"2025-01-07T10:50:28+00:00","breadcrumb":{"@id":"https:\/\/pohromyakatastrofy.cz\/en\/pramenny-rozcestnik\/#breadcrumb"},"inLanguage":"en-US","potentialAction":[{"@type":"ReadAction","target":["https:\/\/pohromyakatastrofy.cz\/en\/pramenny-rozcestnik\/"]}]},{"@type":"BreadcrumbList","@id":"https:\/\/pohromyakatastrofy.cz\/en\/pramenny-rozcestnik\/#breadcrumb","itemListElement":[{"@type":"ListItem","position":1,"name":"Dom\u016f","item":"https:\/\/pohromyakatastrofy.cz\/en\/"},{"@type":"ListItem","position":2,"name":"Pramenn\u00fd rozcestn\u00edk"}]},{"@type":"WebSite","@id":"https:\/\/pohromyakatastrofy.cz\/en\/#website","url":"https:\/\/pohromyakatastrofy.cz\/en\/","name":"Katastrofy","description":"Voda a ohe\u0148 \u2013 \u017eivly zkrocen\u00e9 nebo ni\u010d\u00edc\u00ed? Vypr\u00e1v\u011bn\u00ed versus realita?","publisher":{"@id":"https:\/\/pohromyakatastrofy.cz\/en\/#organization"},"potentialAction":[{"@type":"SearchAction","target":{"@type":"EntryPoint","urlTemplate":"https:\/\/pohromyakatastrofy.cz\/en\/?s={search_term_string}"},"query-input":{"@type":"PropertyValueSpecification","valueRequired":true,"valueName":"search_term_string"}}],"inLanguage":"en-US"},{"@type":"Organization","@id":"https:\/\/pohromyakatastrofy.cz\/en\/#organization","name":"Historick\u00fd \u00fastav AV \u010cR, v. v. i.","url":"https:\/\/pohromyakatastrofy.cz\/en\/","logo":{"@type":"ImageObject","inLanguage":"en-US","@id":"https:\/\/pohromyakatastrofy.cz\/en\/#\/schema\/logo\/image\/","url":"https:\/\/pohromyakatastrofy.cz\/wp-content\/uploads\/2021\/11\/logo-HU.jpg","contentUrl":"https:\/\/pohromyakatastrofy.cz\/wp-content\/uploads\/2021\/11\/logo-HU.jpg","width":1916,"height":351,"caption":"Historick\u00fd \u00fastav AV \u010cR, v. v. i."},"image":{"@id":"https:\/\/pohromyakatastrofy.cz\/en\/#\/schema\/logo\/image\/"}}]}},"_links":{"self":[{"href":"https:\/\/pohromyakatastrofy.cz\/en\/wp-json\/wp\/v2\/pages\/4140","targetHints":{"allow":["GET"]}}],"collection":[{"href":"https:\/\/pohromyakatastrofy.cz\/en\/wp-json\/wp\/v2\/pages"}],"about":[{"href":"https:\/\/pohromyakatastrofy.cz\/en\/wp-json\/wp\/v2\/types\/page"}],"author":[{"embeddable":true,"href":"https:\/\/pohromyakatastrofy.cz\/en\/wp-json\/wp\/v2\/users\/2"}],"replies":[{"embeddable":true,"href":"https:\/\/pohromyakatastrofy.cz\/en\/wp-json\/wp\/v2\/comments?post=4140"}],"version-history":[{"count":1,"href":"https:\/\/pohromyakatastrofy.cz\/en\/wp-json\/wp\/v2\/pages\/4140\/revisions"}],"predecessor-version":[{"id":4307,"href":"https:\/\/pohromyakatastrofy.cz\/en\/wp-json\/wp\/v2\/pages\/4140\/revisions\/4307"}],"wp:attachment":[{"href":"https:\/\/pohromyakatastrofy.cz\/en\/wp-json\/wp\/v2\/media?parent=4140"}],"curies":[{"name":"wp","href":"https:\/\/api.w.org\/{rel}","templated":true}]}}